{"id":10337,"date":"2022-05-12T15:33:33","date_gmt":"2022-05-12T19:33:33","guid":{"rendered":"https:\/\/fmrq.qc.ca\/?page_id=10337"},"modified":"2023-10-04T13:58:34","modified_gmt":"2023-10-04T17:58:34","slug":"tour-on-pems","status":"publish","type":"page","link":"https:\/\/fmrq.qc.ca\/en\/the-fmrq\/in-the-field\/tour-on-pems\/","title":{"rendered":"Tour on PEMs"},"content":{"rendered":"<div data-elementor-type=\"wp-page\" data-elementor-id=\"10337\" class=\"elementor elementor-10337 elementor-8542\" data-elementor-post-type=\"page\">\n\t\t\t\t\t\t<section class=\"elementor-section elementor-top-section elementor-element elementor-element-7766c33 elementor-section-boxed elementor-section-height-default elementor-section-height-default\" data-id=\"7766c33\" data-element_type=\"section\" data-e-type=\"section\" data-settings=\"{&quot;jet_parallax_layout_list&quot;:[],&quot;background_background&quot;:&quot;classic&quot;}\">\n\t\t\t\t\t\t<div class=\"elementor-container elementor-column-gap-no\">\n\t\t\t\t\t<div class=\"elementor-column elementor-col-100 elementor-top-column elementor-element elementor-element-58f7beb\" data-id=\"58f7beb\" data-element_type=\"column\" data-e-type=\"column\">\n\t\t\t<div class=\"elementor-widget-wrap elementor-element-populated\">\n\t\t\t\t\t\t<div class=\"elementor-element elementor-element-f1762db elementor-widget elementor-widget-template\" data-id=\"f1762db\" data-element_type=\"widget\" data-e-type=\"widget\" data-widget_type=\"template.default\">\n\t\t\t\t<div class=\"elementor-widget-container\">\n\t\t\t\t\t\t\t<div class=\"elementor-template\">\n\t\t\t\t\t<div data-elementor-type=\"section\" data-elementor-id=\"1188\" class=\"elementor elementor-1188\" data-elementor-post-type=\"elementor_library\">\n\t\t\t\t\t<section class=\"elementor-section elementor-top-section elementor-element elementor-element-05b0368 elementor-section-stretched section-breadcrumb elementor-section-boxed elementor-section-height-default elementor-section-height-default\" data-id=\"05b0368\" data-element_type=\"section\" data-e-type=\"section\" data-settings=\"{&quot;jet_parallax_layout_list&quot;:[],&quot;background_background&quot;:&quot;classic&quot;,&quot;stretch_section&quot;:&quot;section-stretched&quot;}\">\n\t\t\t\t\t\t<div class=\"elementor-container elementor-column-gap-default\">\n\t\t\t\t\t<div class=\"elementor-column elementor-col-100 elementor-top-column elementor-element elementor-element-fa3919d\" data-id=\"fa3919d\" data-element_type=\"column\" data-e-type=\"column\">\n\t\t\t<div class=\"elementor-widget-wrap elementor-element-populated\">\n\t\t\t\t\t\t<div class=\"elementor-element elementor-element-c736c96 elementor-widget elementor-widget-breadcrumbs\" data-id=\"c736c96\" data-element_type=\"widget\" data-e-type=\"widget\" data-widget_type=\"breadcrumbs.default\">\n\t\t\t\t<div class=\"elementor-widget-container\">\n\t\t\t\t\t<p id=\"breadcrumbs\"><span><span><a href=\"https:\/\/fmrq.qc.ca\/en\/\">Home<\/a><\/span><\/span><\/p>\t\t\t\t<\/div>\n\t\t\t\t<\/div>\n\t\t\t\t\t<\/div>\n\t\t<\/div>\n\t\t\t\t\t<\/div>\n\t\t<\/section>\n\t\t\t\t<\/div>\n\t\t\t\t<\/div>\n\t\t\t\t\t\t<\/div>\n\t\t\t\t<\/div>\n\t\t\t\t\t<\/div>\n\t\t<\/div>\n\t\t\t\t\t<\/div>\n\t\t<\/section>\n\t\t\t\t<section class=\"elementor-section elementor-top-section elementor-element elementor-element-0d91772 elementor-section-height-min-height hero elementor-section-boxed elementor-section-height-default elementor-section-items-middle\" data-id=\"0d91772\" data-element_type=\"section\" data-e-type=\"section\" data-settings=\"{&quot;jet_parallax_layout_list&quot;:[],&quot;background_background&quot;:&quot;classic&quot;}\">\n\t\t\t\t\t\t\t<div class=\"elementor-background-overlay\"><\/div>\n\t\t\t\t\t\t\t<div class=\"elementor-container elementor-column-gap-default\">\n\t\t\t\t\t<div class=\"elementor-column elementor-col-100 elementor-top-column elementor-element elementor-element-4d25ba5\" data-id=\"4d25ba5\" data-element_type=\"column\" data-e-type=\"column\">\n\t\t\t<div class=\"elementor-widget-wrap elementor-element-populated\">\n\t\t\t\t\t\t<div class=\"elementor-element elementor-element-8a38bf9 elementor-widget elementor-widget-heading\" data-id=\"8a38bf9\" data-element_type=\"widget\" data-e-type=\"widget\" data-widget_type=\"heading.default\">\n\t\t\t\t<div class=\"elementor-widget-container\">\n\t\t\t\t\t<div class=\"elementor-heading-title elementor-size-default\">-&nbsp;THE FMRQ&nbsp;-<\/div>\t\t\t\t<\/div>\n\t\t\t\t<\/div>\n\t\t\t\t\t<\/div>\n\t\t<\/div>\n\t\t\t\t\t<\/div>\n\t\t<\/section>\n\t\t\t\t<section class=\"elementor-section elementor-top-section elementor-element elementor-element-e18d0d8 pv100 elementor-section-boxed elementor-section-height-default elementor-section-height-default\" data-id=\"e18d0d8\" data-element_type=\"section\" data-e-type=\"section\" data-settings=\"{&quot;jet_parallax_layout_list&quot;:[]}\">\n\t\t\t\t\t\t<div class=\"elementor-container elementor-column-gap-default\">\n\t\t\t\t\t<div class=\"elementor-column elementor-col-33 elementor-top-column elementor-element elementor-element-05b7671\" data-id=\"05b7671\" data-element_type=\"column\" data-e-type=\"column\">\n\t\t\t<div class=\"elementor-widget-wrap elementor-element-populated\">\n\t\t\t\t\t\t<div class=\"elementor-element elementor-element-464ad74 listing-menu elementor-widget elementor-widget-jet-listing-grid\" data-id=\"464ad74\" data-element_type=\"widget\" data-e-type=\"widget\" data-settings=\"{&quot;columns&quot;:&quot;1&quot;}\" data-widget_type=\"jet-listing-grid.default\">\n\t\t\t\t<div class=\"elementor-widget-container\">\n\t\t\t\t\t<div class=\"jet-listing-grid jet-listing\"><div class=\"jet-listing-grid__items grid-col-desk-1 grid-col-tablet-1 grid-col-mobile-1 jet-listing-grid--4001\" data-queried-id=\"10337|WP_Post\" data-nav=\"{&quot;enabled&quot;:false,&quot;type&quot;:null,&quot;more_el&quot;:null,&quot;query&quot;:[],&quot;widget_settings&quot;:{&quot;lisitng_id&quot;:4001,&quot;posts_num&quot;:9,&quot;columns&quot;:1,&quot;columns_tablet&quot;:1,&quot;columns_mobile&quot;:1,&quot;column_min_width&quot;:240,&quot;column_min_width_tablet&quot;:240,&quot;column_min_width_mobile&quot;:240,&quot;inline_columns_css&quot;:false,&quot;is_archive_template&quot;:&quot;&quot;,&quot;post_status&quot;:[&quot;publish&quot;],&quot;use_random_posts_num&quot;:&quot;&quot;,&quot;max_posts_num&quot;:9,&quot;not_found_message&quot;:&quot;No data was found&quot;,&quot;is_masonry&quot;:false,&quot;equal_columns_height&quot;:&quot;&quot;,&quot;use_load_more&quot;:&quot;&quot;,&quot;load_more_id&quot;:&quot;&quot;,&quot;load_more_type&quot;:&quot;click&quot;,&quot;load_more_offset&quot;:null,&quot;use_custom_post_types&quot;:&quot;&quot;,&quot;custom_post_types&quot;:[],&quot;hide_widget_if&quot;:&quot;&quot;,&quot;carousel_enabled&quot;:&quot;&quot;,&quot;slides_to_scroll&quot;:&quot;1&quot;,&quot;arrows&quot;:&quot;true&quot;,&quot;arrow_icon&quot;:&quot;fa fa-angle-left&quot;,&quot;dots&quot;:&quot;&quot;,&quot;autoplay&quot;:&quot;true&quot;,&quot;pause_on_hover&quot;:&quot;true&quot;,&quot;autoplay_speed&quot;:5000,&quot;infinite&quot;:&quot;true&quot;,&quot;center_mode&quot;:&quot;&quot;,&quot;effect&quot;:&quot;slide&quot;,&quot;speed&quot;:500,&quot;inject_alternative_items&quot;:&quot;&quot;,&quot;injection_items&quot;:[],&quot;scroll_slider_enabled&quot;:&quot;&quot;,&quot;scroll_slider_on&quot;:[&quot;desktop&quot;,&quot;tablet&quot;,&quot;mobile&quot;],&quot;custom_query&quot;:false,&quot;custom_query_id&quot;:&quot;&quot;,&quot;_element_id&quot;:&quot;&quot;,&quot;collapse_first_last_gap&quot;:false,&quot;list_tag_selection&quot;:&quot;&quot;,&quot;list_items_wrapper_tag&quot;:&quot;div&quot;,&quot;list_item_tag&quot;:&quot;div&quot;,&quot;empty_items_wrapper_tag&quot;:&quot;div&quot;}}\" data-page=\"1\" data-pages=\"1\" data-listing-source=\"posts\" data-listing-id=\"4001\" data-query-id=\"\"><div class=\"jet-listing-grid__item jet-listing-dynamic-post-10339\" data-post-id=\"10339\"><div class=\"jet-engine-listing-overlay-wrap\" data-url=\"https:\/\/fmrq.qc.ca\/en\/the-fmrq\/in-the-field\/u-fmg-tour\/\">\t\t<div data-elementor-type=\"jet-listing-items\" data-elementor-id=\"4001\" class=\"elementor elementor-4001\" data-elementor-post-type=\"jet-engine\">\n\t\t\t\t\t\t<section class=\"elementor-section elementor-top-section elementor-element elementor-element-764003f relevanssi_noindex elementor-section-boxed elementor-section-height-default elementor-section-height-default\" data-id=\"764003f\" data-element_type=\"section\" data-e-type=\"section\" data-settings=\"{&quot;jet_parallax_layout_list&quot;:[]}\">\n\t\t\t\t\t\t<div class=\"elementor-container elementor-column-gap-no\">\n\t\t\t\t\t<div class=\"elementor-column elementor-col-100 elementor-top-column elementor-element elementor-element-39fc3f4\" data-id=\"39fc3f4\" data-element_type=\"column\" data-e-type=\"column\">\n\t\t\t<div class=\"elementor-widget-wrap elementor-element-populated\">\n\t\t\t\t\t\t<div class=\"elementor-element elementor-element-d1f8f93 menu-ancre-toggle elementor-widget elementor-widget-jet-accordion\" data-id=\"d1f8f93\" data-element_type=\"widget\" data-e-type=\"widget\" data-menu-post-id=\"10339\" data-widget_type=\"jet-accordion.default\">\n\t\t\t\t<div class=\"elementor-widget-container\">\n\t\t\t\t\t\t\t\t\t<div class=\"jet-accordion\" data-settings=\"{&quot;collapsible&quot;:false,&quot;ajaxTemplate&quot;:false,&quot;switchScrolling&quot;:false,&quot;switchScrollingTablet&quot;:false,&quot;switchScrollingMobile&quot;:false,&quot;switchScrollingOffset&quot;:{&quot;size&quot;:0,&quot;unit&quot;:&quot;px&quot;},&quot;switchScrollingOffsetTablet&quot;:{&quot;size&quot;:0,&quot;unit&quot;:&quot;px&quot;},&quot;switchScrollingOffsetMobile&quot;:{&quot;size&quot;:0,&quot;unit&quot;:&quot;px&quot;},&quot;switchScrollingDelay&quot;:500,&quot;switchScrollingDelayTablet&quot;:500,&quot;switchScrollingDelayMobile&quot;:500}\">\n\t\t\t<div class=\"jet-accordion__inner\">\n\t\t\t\t<div class=\" jet-accordion__item jet-toggle jet-toggle-move-up-effect \">\n\t\t\t\t\t\t\t<div id=\"jet-toggle-control-2201\" class=\"jet-toggle__control elementor-menu-anchor\" data-toggle=\"1\" role=\"button\" tabindex=\"0\" aria-controls=\"jet-toggle-content-2201\" aria-expanded=\"false\" data-template-id=\"false\">\n\t\t\t\t\t\t\t\t<div class=\"jet-toggle__label-text\">U-FMG Tour<\/div>\t\t\t\t\t\t\t<\/div>\n\t\t\t\t\t\t\t<div id=\"jet-toggle-content-2201\" class=\"jet-toggle__content\" data-toggle=\"1\" role=\"region\" data-template-id=\"false\">\n\t\t\t\t\t\t\t\t<div class=\"jet-toggle__content-inner\"><\/div>\n\t\t\t\t\t\t\t<\/div>\n\t\t\t\t\t\t<\/div>\t\t\t<\/div>\n\t\t<\/div>\n\t\t\t\t\t\t<\/div>\n\t\t\t\t<\/div>\n\t\t\t\t\t<\/div>\n\t\t<\/div>\n\t\t\t\t\t<\/div>\n\t\t<\/section>\n\t\t\t\t<\/div>\n\t\t<a href=\"https:\/\/fmrq.qc.ca\/en\/the-fmrq\/in-the-field\/u-fmg-tour\/\" class=\"jet-engine-listing-overlay-link\"><\/a><\/div><\/div><div class=\"jet-listing-grid__item jet-listing-dynamic-post-10337\" data-post-id=\"10337\"><div class=\"jet-engine-listing-overlay-wrap\" data-url=\"https:\/\/fmrq.qc.ca\/en\/the-fmrq\/in-the-field\/tour-on-pems\/\">\t\t<div data-elementor-type=\"jet-listing-items\" data-elementor-id=\"4001\" class=\"elementor elementor-4001\" data-elementor-post-type=\"jet-engine\">\n\t\t\t\t\t\t<section class=\"elementor-section elementor-top-section elementor-element elementor-element-764003f relevanssi_noindex elementor-section-boxed elementor-section-height-default elementor-section-height-default\" data-id=\"764003f\" data-element_type=\"section\" data-e-type=\"section\" data-settings=\"{&quot;jet_parallax_layout_list&quot;:[]}\">\n\t\t\t\t\t\t<div class=\"elementor-container elementor-column-gap-no\">\n\t\t\t\t\t<div class=\"elementor-column elementor-col-100 elementor-top-column elementor-element elementor-element-39fc3f4\" data-id=\"39fc3f4\" data-element_type=\"column\" data-e-type=\"column\">\n\t\t\t<div class=\"elementor-widget-wrap elementor-element-populated\">\n\t\t\t\t\t\t<div class=\"elementor-element elementor-element-d1f8f93 menu-ancre-toggle elementor-widget elementor-widget-jet-accordion\" data-id=\"d1f8f93\" data-element_type=\"widget\" data-e-type=\"widget\" data-menu-post-id=\"10337\" data-widget_type=\"jet-accordion.default\">\n\t\t\t\t<div class=\"elementor-widget-container\">\n\t\t\t\t\t\t\t\t\t<div class=\"jet-accordion\" data-settings=\"{&quot;collapsible&quot;:false,&quot;ajaxTemplate&quot;:false,&quot;switchScrolling&quot;:false,&quot;switchScrollingTablet&quot;:false,&quot;switchScrollingMobile&quot;:false,&quot;switchScrollingOffset&quot;:{&quot;size&quot;:0,&quot;unit&quot;:&quot;px&quot;},&quot;switchScrollingOffsetTablet&quot;:{&quot;size&quot;:0,&quot;unit&quot;:&quot;px&quot;},&quot;switchScrollingOffsetMobile&quot;:{&quot;size&quot;:0,&quot;unit&quot;:&quot;px&quot;},&quot;switchScrollingDelay&quot;:500,&quot;switchScrollingDelayTablet&quot;:500,&quot;switchScrollingDelayMobile&quot;:500}\">\n\t\t\t<div class=\"jet-accordion__inner\">\n\t\t\t\t<div class=\" jet-accordion__item jet-toggle jet-toggle-move-up-effect \">\n\t\t\t\t\t\t\t<div id=\"jet-toggle-control-2201\" class=\"jet-toggle__control elementor-menu-anchor\" data-toggle=\"1\" role=\"button\" tabindex=\"0\" aria-controls=\"jet-toggle-content-2201\" aria-expanded=\"false\" data-template-id=\"false\">\n\t\t\t\t\t\t\t\t<div class=\"jet-toggle__label-text\">Tour on PEMs<\/div>\t\t\t\t\t\t\t<\/div>\n\t\t\t\t\t\t\t<div id=\"jet-toggle-content-2201\" class=\"jet-toggle__content\" data-toggle=\"1\" role=\"region\" data-template-id=\"false\">\n\t\t\t\t\t\t\t\t<div class=\"jet-toggle__content-inner\"><\/div>\n\t\t\t\t\t\t\t<\/div>\n\t\t\t\t\t\t<\/div>\t\t\t<\/div>\n\t\t<\/div>\n\t\t\t\t\t\t<\/div>\n\t\t\t\t<\/div>\n\t\t\t\t\t<\/div>\n\t\t<\/div>\n\t\t\t\t\t<\/div>\n\t\t<\/section>\n\t\t\t\t<\/div>\n\t\t<a href=\"https:\/\/fmrq.qc.ca\/en\/the-fmrq\/in-the-field\/tour-on-pems\/\" class=\"jet-engine-listing-overlay-link\"><\/a><\/div><\/div><div class=\"jet-listing-grid__item jet-listing-dynamic-post-10341\" data-post-id=\"10341\"><div class=\"jet-engine-listing-overlay-wrap\" data-url=\"https:\/\/fmrq.qc.ca\/en\/the-fmrq\/in-the-field\/health-and-wellness-tour\/\">\t\t<div data-elementor-type=\"jet-listing-items\" data-elementor-id=\"4001\" class=\"elementor elementor-4001\" data-elementor-post-type=\"jet-engine\">\n\t\t\t\t\t\t<section class=\"elementor-section elementor-top-section elementor-element elementor-element-764003f relevanssi_noindex elementor-section-boxed elementor-section-height-default elementor-section-height-default\" data-id=\"764003f\" data-element_type=\"section\" data-e-type=\"section\" data-settings=\"{&quot;jet_parallax_layout_list&quot;:[]}\">\n\t\t\t\t\t\t<div class=\"elementor-container elementor-column-gap-no\">\n\t\t\t\t\t<div class=\"elementor-column elementor-col-100 elementor-top-column elementor-element elementor-element-39fc3f4\" data-id=\"39fc3f4\" data-element_type=\"column\" data-e-type=\"column\">\n\t\t\t<div class=\"elementor-widget-wrap elementor-element-populated\">\n\t\t\t\t\t\t<div class=\"elementor-element elementor-element-d1f8f93 menu-ancre-toggle elementor-widget elementor-widget-jet-accordion\" data-id=\"d1f8f93\" data-element_type=\"widget\" data-e-type=\"widget\" data-menu-post-id=\"10341\" data-widget_type=\"jet-accordion.default\">\n\t\t\t\t<div class=\"elementor-widget-container\">\n\t\t\t\t\t\t\t\t\t<div class=\"jet-accordion\" data-settings=\"{&quot;collapsible&quot;:false,&quot;ajaxTemplate&quot;:false,&quot;switchScrolling&quot;:false,&quot;switchScrollingTablet&quot;:false,&quot;switchScrollingMobile&quot;:false,&quot;switchScrollingOffset&quot;:{&quot;size&quot;:0,&quot;unit&quot;:&quot;px&quot;},&quot;switchScrollingOffsetTablet&quot;:{&quot;size&quot;:0,&quot;unit&quot;:&quot;px&quot;},&quot;switchScrollingOffsetMobile&quot;:{&quot;size&quot;:0,&quot;unit&quot;:&quot;px&quot;},&quot;switchScrollingDelay&quot;:500,&quot;switchScrollingDelayTablet&quot;:500,&quot;switchScrollingDelayMobile&quot;:500}\">\n\t\t\t<div class=\"jet-accordion__inner\">\n\t\t\t\t<div class=\" jet-accordion__item jet-toggle jet-toggle-move-up-effect \">\n\t\t\t\t\t\t\t<div id=\"jet-toggle-control-2201\" class=\"jet-toggle__control elementor-menu-anchor\" data-toggle=\"1\" role=\"button\" tabindex=\"0\" aria-controls=\"jet-toggle-content-2201\" aria-expanded=\"false\" data-template-id=\"false\">\n\t\t\t\t\t\t\t\t<div class=\"jet-toggle__label-text\">Health and Wellness Tour<\/div>\t\t\t\t\t\t\t<\/div>\n\t\t\t\t\t\t\t<div id=\"jet-toggle-content-2201\" class=\"jet-toggle__content\" data-toggle=\"1\" role=\"region\" data-template-id=\"false\">\n\t\t\t\t\t\t\t\t<div class=\"jet-toggle__content-inner\"><\/div>\n\t\t\t\t\t\t\t<\/div>\n\t\t\t\t\t\t<\/div>\t\t\t<\/div>\n\t\t<\/div>\n\t\t\t\t\t\t<\/div>\n\t\t\t\t<\/div>\n\t\t\t\t\t<\/div>\n\t\t<\/div>\n\t\t\t\t\t<\/div>\n\t\t<\/section>\n\t\t\t\t<\/div>\n\t\t<a href=\"https:\/\/fmrq.qc.ca\/en\/the-fmrq\/in-the-field\/health-and-wellness-tour\/\" class=\"jet-engine-listing-overlay-link\"><\/a><\/div><\/div><\/div><\/div>\t\t\t\t<\/div>\n\t\t\t\t<\/div>\n\t\t\t\t\t<\/div>\n\t\t<\/div>\n\t\t\t\t<div class=\"elementor-column elementor-col-66 elementor-top-column elementor-element elementor-element-ef29995\" data-id=\"ef29995\" data-element_type=\"column\" data-e-type=\"column\">\n\t\t\t<div class=\"elementor-widget-wrap elementor-element-populated\">\n\t\t\t\t\t\t<div class=\"elementor-element elementor-element-03320b5 elementor-widget elementor-widget-heading\" data-id=\"03320b5\" data-element_type=\"widget\" data-e-type=\"widget\" data-widget_type=\"heading.default\">\n\t\t\t\t<div class=\"elementor-widget-container\">\n\t\t\t\t\t<h2 class=\"elementor-heading-title elementor-size-default\">Training Site Tour on PEMs in specialties\n\n<\/h2>\t\t\t\t<\/div>\n\t\t\t\t<\/div>\n\t\t\t\t<div class=\"elementor-element elementor-element-19263f3 elementor-widget elementor-widget-text-editor\" data-id=\"19263f3\" data-element_type=\"widget\" data-e-type=\"widget\" data-widget_type=\"text-editor.default\">\n\t\t\t\t<div class=\"elementor-widget-container\">\n\t\t\t\t\t\t\t\t\t<p>Each year, the FMRQ meets with medical residents and teaching physicians to give them the latest information on PEMs in specialties. The Federation writes to program directors, associate deans, and deans, to inform them of this Tour. Resident doctors may also ask the FMRQ to arrange a presentation.<\/p><p>Presentations take approximately 1 hour.<\/p><p>To request such a presentation in your program, email us at <a href=\"mailto:tournee-pem-sp@fmrq.qc.ca\" target=\"_blank\" rel=\"noopener\">tournee-pem-sp@fmrq.qc.ca<\/a>.<\/p>\t\t\t\t\t\t\t\t<\/div>\n\t\t\t\t<\/div>\n\t\t\t\t\t<\/div>\n\t\t<\/div>\n\t\t\t\t\t<\/div>\n\t\t<\/section>\n\t\t\t\t<\/div>\n\t\t","protected":false},"excerpt":{"rendered":"<p>&ndash;&nbsp;THE FMRQ&nbsp;&ndash; Training Site Tour on PEMs in specialties Each year, the FMRQ meets with medical residents and teaching physicians&hellip;<\/p>\n","protected":false},"author":1,"featured_media":0,"parent":10331,"menu_order":2,"comment_status":"closed","ping_status":"closed","template":"elementor_header_footer","meta":{"_acf_changed":false,"footnotes":""},"class_list":["post-10337","page","type-page","status-publish","hentry"],"acf":[],"yoast_head":"<!-- This site is optimized with the Yoast SEO plugin v26.9 - https:\/\/yoast.com\/product\/yoast-seo-wordpress\/ -->\n<title>Tour on PEMs - FMRQ<\/title>\n<meta name=\"robots\" content=\"index, follow, max-snippet:-1, max-image-preview:large, max-video-preview:-1\" \/>\n<link rel=\"canonical\" href=\"https:\/\/fmrq.qc.ca\/en\/the-fmrq\/in-the-field\/tour-on-pems\/\" \/>\n<meta property=\"og:locale\" content=\"en_US\" \/>\n<meta property=\"og:type\" content=\"article\" \/>\n<meta property=\"og:title\" content=\"Tour on PEMs - FMRQ\" \/>\n<meta property=\"og:description\" content=\"&ndash;&nbsp;THE FMRQ&nbsp;&ndash; Training Site Tour on PEMs in specialties Each year, the FMRQ meets with medical residents and teaching physicians...\" \/>\n<meta property=\"og:url\" content=\"https:\/\/fmrq.qc.ca\/en\/the-fmrq\/in-the-field\/tour-on-pems\/\" \/>\n<meta property=\"og:site_name\" content=\"FMRQ\" \/>\n<meta property=\"article:modified_time\" content=\"2023-10-04T17:58:34+00:00\" \/>\n<meta name=\"twitter:card\" content=\"summary_large_image\" \/>\n<meta name=\"twitter:label1\" content=\"Est. reading time\" \/>\n\t<meta name=\"twitter:data1\" content=\"1 minute\" \/>\n<script type=\"application\/ld+json\" class=\"yoast-schema-graph\">{\"@context\":\"https:\/\/schema.org\",\"@graph\":[{\"@type\":\"WebPage\",\"@id\":\"https:\/\/fmrq.qc.ca\/en\/the-fmrq\/in-the-field\/tour-on-pems\/\",\"url\":\"https:\/\/fmrq.qc.ca\/en\/the-fmrq\/in-the-field\/tour-on-pems\/\",\"name\":\"Tour on PEMs - FMRQ\",\"isPartOf\":{\"@id\":\"https:\/\/fmrq.qc.ca\/en\/#website\"},\"datePublished\":\"2022-05-12T19:33:33+00:00\",\"dateModified\":\"2023-10-04T17:58:34+00:00\",\"breadcrumb\":{\"@id\":\"https:\/\/fmrq.qc.ca\/en\/the-fmrq\/in-the-field\/tour-on-pems\/#breadcrumb\"},\"inLanguage\":\"en-US\",\"potentialAction\":[{\"@type\":\"ReadAction\",\"target\":[\"https:\/\/fmrq.qc.ca\/en\/the-fmrq\/in-the-field\/tour-on-pems\/\"]}]},{\"@type\":\"BreadcrumbList\",\"@id\":\"https:\/\/fmrq.qc.ca\/en\/the-fmrq\/in-the-field\/tour-on-pems\/#breadcrumb\",\"itemListElement\":[{\"@type\":\"ListItem\",\"position\":1,\"name\":\"Home\",\"item\":\"https:\/\/fmrq.qc.ca\/en\/\"},{\"@type\":\"ListItem\",\"position\":2,\"name\":\"The FMRQ\",\"item\":\"https:\/\/fmrq.qc.ca\/en\/the-fmrq\/\"},{\"@type\":\"ListItem\",\"position\":3,\"name\":\"In the field\",\"item\":\"https:\/\/fmrq.qc.ca\/en\/the-fmrq\/in-the-field\/\"},{\"@type\":\"ListItem\",\"position\":4,\"name\":\"Tour on PEMs\"}]},{\"@type\":\"WebSite\",\"@id\":\"https:\/\/fmrq.qc.ca\/en\/#website\",\"url\":\"https:\/\/fmrq.qc.ca\/en\/\",\"name\":\"FMRQ\",\"description\":\"F\u00e9d\u00e9ration des m\u00e9decins r\u00e9sidents du Qu\u00e9bec\",\"publisher\":{\"@id\":\"https:\/\/fmrq.qc.ca\/en\/#organization\"},\"potentialAction\":[{\"@type\":\"SearchAction\",\"target\":{\"@type\":\"EntryPoint\",\"urlTemplate\":\"https:\/\/fmrq.qc.ca\/en\/?s={search_term_string}\"},\"query-input\":{\"@type\":\"PropertyValueSpecification\",\"valueRequired\":true,\"valueName\":\"search_term_string\"}}],\"inLanguage\":\"en-US\"},{\"@type\":\"Organization\",\"@id\":\"https:\/\/fmrq.qc.ca\/en\/#organization\",\"name\":\"FMRQ\",\"url\":\"https:\/\/fmrq.qc.ca\/en\/\",\"logo\":{\"@type\":\"ImageObject\",\"inLanguage\":\"en-US\",\"@id\":\"https:\/\/fmrq.qc.ca\/en\/#\/schema\/logo\/image\/\",\"url\":\"https:\/\/fmrq.qc.ca\/wp-content\/uploads\/2020\/05\/logo-fmrq.png\",\"contentUrl\":\"https:\/\/fmrq.qc.ca\/wp-content\/uploads\/2020\/05\/logo-fmrq.png\",\"width\":264,\"height\":57,\"caption\":\"FMRQ\"},\"image\":{\"@id\":\"https:\/\/fmrq.qc.ca\/en\/#\/schema\/logo\/image\/\"}}]}<\/script>\n<!-- \/ Yoast SEO plugin. -->","yoast_head_json":{"title":"Tour on PEMs - FMRQ","robots":{"index":"index","follow":"follow","max-snippet":"max-snippet:-1","max-image-preview":"max-image-preview:large","max-video-preview":"max-video-preview:-1"},"canonical":"https:\/\/fmrq.qc.ca\/en\/the-fmrq\/in-the-field\/tour-on-pems\/","og_locale":"en_US","og_type":"article","og_title":"Tour on PEMs - FMRQ","og_description":"&ndash;&nbsp;THE FMRQ&nbsp;&ndash; Training Site Tour on PEMs in specialties Each year, the FMRQ meets with medical residents and teaching physicians...","og_url":"https:\/\/fmrq.qc.ca\/en\/the-fmrq\/in-the-field\/tour-on-pems\/","og_site_name":"FMRQ","article_modified_time":"2023-10-04T17:58:34+00:00","twitter_card":"summary_large_image","twitter_misc":{"Est. reading time":"1 minute"},"schema":{"@context":"https:\/\/schema.org","@graph":[{"@type":"WebPage","@id":"https:\/\/fmrq.qc.ca\/en\/the-fmrq\/in-the-field\/tour-on-pems\/","url":"https:\/\/fmrq.qc.ca\/en\/the-fmrq\/in-the-field\/tour-on-pems\/","name":"Tour on PEMs - FMRQ","isPartOf":{"@id":"https:\/\/fmrq.qc.ca\/en\/#website"},"datePublished":"2022-05-12T19:33:33+00:00","dateModified":"2023-10-04T17:58:34+00:00","breadcrumb":{"@id":"https:\/\/fmrq.qc.ca\/en\/the-fmrq\/in-the-field\/tour-on-pems\/#breadcrumb"},"inLanguage":"en-US","potentialAction":[{"@type":"ReadAction","target":["https:\/\/fmrq.qc.ca\/en\/the-fmrq\/in-the-field\/tour-on-pems\/"]}]},{"@type":"BreadcrumbList","@id":"https:\/\/fmrq.qc.ca\/en\/the-fmrq\/in-the-field\/tour-on-pems\/#breadcrumb","itemListElement":[{"@type":"ListItem","position":1,"name":"Home","item":"https:\/\/fmrq.qc.ca\/en\/"},{"@type":"ListItem","position":2,"name":"The FMRQ","item":"https:\/\/fmrq.qc.ca\/en\/the-fmrq\/"},{"@type":"ListItem","position":3,"name":"In the field","item":"https:\/\/fmrq.qc.ca\/en\/the-fmrq\/in-the-field\/"},{"@type":"ListItem","position":4,"name":"Tour on PEMs"}]},{"@type":"WebSite","@id":"https:\/\/fmrq.qc.ca\/en\/#website","url":"https:\/\/fmrq.qc.ca\/en\/","name":"FMRQ","description":"F\u00e9d\u00e9ration des m\u00e9decins r\u00e9sidents du Qu\u00e9bec","publisher":{"@id":"https:\/\/fmrq.qc.ca\/en\/#organization"},"potentialAction":[{"@type":"SearchAction","target":{"@type":"EntryPoint","urlTemplate":"https:\/\/fmrq.qc.ca\/en\/?s={search_term_string}"},"query-input":{"@type":"PropertyValueSpecification","valueRequired":true,"valueName":"search_term_string"}}],"inLanguage":"en-US"},{"@type":"Organization","@id":"https:\/\/fmrq.qc.ca\/en\/#organization","name":"FMRQ","url":"https:\/\/fmrq.qc.ca\/en\/","logo":{"@type":"ImageObject","inLanguage":"en-US","@id":"https:\/\/fmrq.qc.ca\/en\/#\/schema\/logo\/image\/","url":"https:\/\/fmrq.qc.ca\/wp-content\/uploads\/2020\/05\/logo-fmrq.png","contentUrl":"https:\/\/fmrq.qc.ca\/wp-content\/uploads\/2020\/05\/logo-fmrq.png","width":264,"height":57,"caption":"FMRQ"},"image":{"@id":"https:\/\/fmrq.qc.ca\/en\/#\/schema\/logo\/image\/"}}]}},"publishpress_future_action":{"enabled":false,"date":"2026-04-22 18:30:34","action":"change-status","newStatus":"draft","terms":[],"taxonomy":"translation_priority","extraData":[]},"publishpress_future_workflow_manual_trigger":{"enabledWorkflows":[]},"_links":{"self":[{"href":"https:\/\/fmrq.qc.ca\/en\/wp-json\/wp\/v2\/pages\/10337","targetHints":{"allow":["GET"]}}],"collection":[{"href":"https:\/\/fmrq.qc.ca\/en\/wp-json\/wp\/v2\/pages"}],"about":[{"href":"https:\/\/fmrq.qc.ca\/en\/wp-json\/wp\/v2\/types\/page"}],"author":[{"embeddable":true,"href":"https:\/\/fmrq.qc.ca\/en\/wp-json\/wp\/v2\/users\/1"}],"replies":[{"embeddable":true,"href":"https:\/\/fmrq.qc.ca\/en\/wp-json\/wp\/v2\/comments?post=10337"}],"version-history":[{"count":19,"href":"https:\/\/fmrq.qc.ca\/en\/wp-json\/wp\/v2\/pages\/10337\/revisions"}],"predecessor-version":[{"id":22399,"href":"https:\/\/fmrq.qc.ca\/en\/wp-json\/wp\/v2\/pages\/10337\/revisions\/22399"}],"up":[{"embeddable":true,"href":"https:\/\/fmrq.qc.ca\/en\/wp-json\/wp\/v2\/pages\/10331"}],"wp:attachment":[{"href":"https:\/\/fmrq.qc.ca\/en\/wp-json\/wp\/v2\/media?parent=10337"}],"curies":[{"name":"wp","href":"https:\/\/api.w.org\/{rel}","templated":true}]}}