{"id":14326,"date":"2022-06-27T14:09:11","date_gmt":"2022-06-27T18:09:11","guid":{"rendered":"https:\/\/fmrq.qc.ca\/?page_id=14326"},"modified":"2022-06-27T14:09:52","modified_gmt":"2022-06-27T18:09:52","slug":"personnal-development","status":"publish","type":"page","link":"https:\/\/fmrq.qc.ca\/en\/wellness-support\/apps-podcasts-books\/personnal-development\/","title":{"rendered":"Personnal development"},"content":{"rendered":"<div data-elementor-type=\"wp-page\" data-elementor-id=\"14326\" class=\"elementor elementor-14326 elementor-14325\" data-elementor-post-type=\"page\">\n\t\t\t\t\t\t<section class=\"elementor-section elementor-top-section elementor-element elementor-element-8b7ef9a elementor-section-boxed elementor-section-height-default elementor-section-height-default\" data-id=\"8b7ef9a\" data-element_type=\"section\" data-e-type=\"section\" data-settings=\"{&quot;jet_parallax_layout_list&quot;:[],&quot;background_background&quot;:&quot;classic&quot;}\">\n\t\t\t\t\t\t<div class=\"elementor-container elementor-column-gap-no\">\n\t\t\t\t\t<div class=\"elementor-column elementor-col-100 elementor-top-column elementor-element elementor-element-cab6a89\" data-id=\"cab6a89\" data-element_type=\"column\" data-e-type=\"column\">\n\t\t\t<div class=\"elementor-widget-wrap elementor-element-populated\">\n\t\t\t\t\t\t<div class=\"elementor-element elementor-element-125fa4a elementor-widget elementor-widget-template\" data-id=\"125fa4a\" data-element_type=\"widget\" data-e-type=\"widget\" data-widget_type=\"template.default\">\n\t\t\t\t<div class=\"elementor-widget-container\">\n\t\t\t\t\t\t\t<div class=\"elementor-template\">\n\t\t\t\t\t<div data-elementor-type=\"section\" data-elementor-id=\"1188\" class=\"elementor elementor-1188\" data-elementor-post-type=\"elementor_library\">\n\t\t\t\t\t<section class=\"elementor-section elementor-top-section elementor-element elementor-element-05b0368 elementor-section-stretched section-breadcrumb elementor-section-boxed elementor-section-height-default elementor-section-height-default\" data-id=\"05b0368\" data-element_type=\"section\" data-e-type=\"section\" data-settings=\"{&quot;jet_parallax_layout_list&quot;:[],&quot;background_background&quot;:&quot;classic&quot;,&quot;stretch_section&quot;:&quot;section-stretched&quot;}\">\n\t\t\t\t\t\t<div class=\"elementor-container elementor-column-gap-default\">\n\t\t\t\t\t<div class=\"elementor-column elementor-col-100 elementor-top-column elementor-element elementor-element-fa3919d\" data-id=\"fa3919d\" data-element_type=\"column\" data-e-type=\"column\">\n\t\t\t<div class=\"elementor-widget-wrap elementor-element-populated\">\n\t\t\t\t\t\t<div class=\"elementor-element elementor-element-c736c96 elementor-widget elementor-widget-breadcrumbs\" data-id=\"c736c96\" data-element_type=\"widget\" data-e-type=\"widget\" data-widget_type=\"breadcrumbs.default\">\n\t\t\t\t<div class=\"elementor-widget-container\">\n\t\t\t\t\t<p id=\"breadcrumbs\"><span><span><a href=\"https:\/\/fmrq.qc.ca\/en\/\">Home<\/a><\/span><\/span><\/p>\t\t\t\t<\/div>\n\t\t\t\t<\/div>\n\t\t\t\t\t<\/div>\n\t\t<\/div>\n\t\t\t\t\t<\/div>\n\t\t<\/section>\n\t\t\t\t<\/div>\n\t\t\t\t<\/div>\n\t\t\t\t\t\t<\/div>\n\t\t\t\t<\/div>\n\t\t\t\t\t<\/div>\n\t\t<\/div>\n\t\t\t\t\t<\/div>\n\t\t<\/section>\n\t\t\t\t<section class=\"elementor-section elementor-top-section elementor-element elementor-element-995b4af elementor-section-height-min-height hero elementor-section-boxed elementor-section-height-default elementor-section-items-middle\" data-id=\"995b4af\" data-element_type=\"section\" data-e-type=\"section\" data-settings=\"{&quot;jet_parallax_layout_list&quot;:[],&quot;background_background&quot;:&quot;classic&quot;}\">\n\t\t\t\t\t\t\t<div class=\"elementor-background-overlay\"><\/div>\n\t\t\t\t\t\t\t<div class=\"elementor-container elementor-column-gap-default\">\n\t\t\t\t\t<div class=\"elementor-column elementor-col-100 elementor-top-column elementor-element elementor-element-a87e51b\" data-id=\"a87e51b\" data-element_type=\"column\" data-e-type=\"column\">\n\t\t\t<div class=\"elementor-widget-wrap elementor-element-populated\">\n\t\t\t\t\t\t<div class=\"elementor-element elementor-element-86df6f9 elementor-widget elementor-widget-heading\" data-id=\"86df6f9\" data-element_type=\"widget\" data-e-type=\"widget\" data-widget_type=\"heading.default\">\n\t\t\t\t<div class=\"elementor-widget-container\">\n\t\t\t\t\t<div class=\"elementor-heading-title elementor-size-default\">-&nbsp;Apps, Podcasts, Books&nbsp;-<\/div>\t\t\t\t<\/div>\n\t\t\t\t<\/div>\n\t\t\t\t<div class=\"elementor-element elementor-element-f6e85e7 elementor-widget elementor-widget-heading\" data-id=\"f6e85e7\" data-element_type=\"widget\" data-e-type=\"widget\" data-widget_type=\"heading.default\">\n\t\t\t\t<div class=\"elementor-widget-container\">\n\t\t\t\t\t<h1 class=\"elementor-heading-title elementor-size-default\">Personnal development<\/h1>\t\t\t\t<\/div>\n\t\t\t\t<\/div>\n\t\t\t\t\t<\/div>\n\t\t<\/div>\n\t\t\t\t\t<\/div>\n\t\t<\/section>\n\t\t\t\t<section class=\"elementor-section elementor-top-section elementor-element elementor-element-1c6c562 pv100 elementor-section-boxed elementor-section-height-default elementor-section-height-default\" data-id=\"1c6c562\" data-element_type=\"section\" data-e-type=\"section\" data-settings=\"{&quot;jet_parallax_layout_list&quot;:[]}\">\n\t\t\t\t\t\t<div class=\"elementor-container elementor-column-gap-default\">\n\t\t\t\t\t<div class=\"elementor-column elementor-col-100 elementor-top-column elementor-element elementor-element-a3f486a menu-col-r\" data-id=\"a3f486a\" data-element_type=\"column\" data-e-type=\"column\">\n\t\t\t<div class=\"elementor-widget-wrap elementor-element-populated\">\n\t\t\t\t\t\t<div class=\"elementor-element elementor-element-cd22b87 elementor-position-left elementor-vertical-align-top elementor-widget elementor-widget-image-box\" data-id=\"cd22b87\" data-element_type=\"widget\" data-e-type=\"widget\" data-widget_type=\"image-box.default\">\n\t\t\t\t<div class=\"elementor-widget-container\">\n\t\t\t\t\t<div class=\"elementor-image-box-wrapper\"><figure class=\"elementor-image-box-img\"><a href=\"https:\/\/itunes.apple.com\/ca\/podcast\/overwhelmed-brain-stress-anxiety-relationship-critical\/id743537890?mt=2\" target=\"_blank\" rel=\"nofollow\" tabindex=\"-1\"><img decoding=\"async\" width=\"150\" height=\"150\" src=\"https:\/\/fmrq.qc.ca\/wp-content\/uploads\/2022\/06\/170x170bb-150x150.jpg\" class=\"attachment-thumbnail size-thumbnail wp-image-14332\" alt=\"\" srcset=\"https:\/\/fmrq.qc.ca\/wp-content\/uploads\/2022\/06\/170x170bb-150x150.jpg 150w, https:\/\/fmrq.qc.ca\/wp-content\/uploads\/2022\/06\/170x170bb.jpg 170w\" sizes=\"(max-width: 150px) 100vw, 150px\"\/><\/a><\/figure><div class=\"elementor-image-box-content\"><h2 class=\"elementor-image-box-title\"><a href=\"https:\/\/itunes.apple.com\/ca\/podcast\/overwhelmed-brain-stress-anxiety-relationship-critical\/id743537890?mt=2\" target=\"_blank\" rel=\"nofollow\">The Overwhelmed Brain<\/a><\/h2><p class=\"elementor-image-box-description\">Anxiety, depression, fears, obsession, panic, or any relationship, marriage or family issues, this show will help you achieve less stress and more happiness. Mindfulness, compassion and being in the present moment are only components of a bigger picture. If you're annoyed with affirmations and tired of being told to &quot;think positively!&quot;, this is not your typical NPR or Tony Robbins podcast. Start creating the life you want today!<\/p><\/div><\/div>\t\t\t\t<\/div>\n\t\t\t\t<\/div>\n\t\t\t\t<div class=\"elementor-element elementor-element-ca8f40a sep-article elementor-widget elementor-widget-spacer\" data-id=\"ca8f40a\" data-element_type=\"widget\" data-e-type=\"widget\" data-widget_type=\"spacer.default\">\n\t\t\t\t<div class=\"elementor-widget-container\">\n\t\t\t\t\t\t\t<div class=\"elementor-spacer\">\n\t\t\t<div class=\"elementor-spacer-inner\"><\/div>\n\t\t<\/div>\n\t\t\t\t\t\t<\/div>\n\t\t\t\t<\/div>\n\t\t\t\t<div class=\"elementor-element elementor-element-b032ba6 elementor-position-left elementor-vertical-align-top elementor-widget elementor-widget-image-box\" data-id=\"b032ba6\" data-element_type=\"widget\" data-e-type=\"widget\" data-widget_type=\"image-box.default\">\n\t\t\t\t<div class=\"elementor-widget-container\">\n\t\t\t\t\t<div class=\"elementor-image-box-wrapper\"><figure class=\"elementor-image-box-img\"><a href=\"http:\/\/oldpodcast.com\/\" target=\"_blank\" rel=\"nofollow\" tabindex=\"-1\"><img decoding=\"async\" width=\"150\" height=\"150\" src=\"https:\/\/fmrq.qc.ca\/wp-content\/uploads\/2022\/06\/optimal-living-150x150.jpg\" class=\"attachment-thumbnail size-thumbnail wp-image-14330\" alt=\"\" srcset=\"https:\/\/fmrq.qc.ca\/wp-content\/uploads\/2022\/06\/optimal-living-150x150.jpg 150w, https:\/\/fmrq.qc.ca\/wp-content\/uploads\/2022\/06\/optimal-living.jpg 225w\" sizes=\"(max-width: 150px) 100vw, 150px\"\/><\/a><\/figure><div class=\"elementor-image-box-content\"><h2 class=\"elementor-image-box-title\"><a href=\"http:\/\/oldpodcast.com\/\" target=\"_blank\" rel=\"nofollow\">Optimal Daily Living<\/a><\/h2><p class=\"elementor-image-box-description\">I read you the best content on personal development, minimalism, productivity, and more, with author permission. Think of Optimal Living Daily as an audioblog or blogcast where the best blogs are narrated for you for free.<\/p><\/div><\/div>\t\t\t\t<\/div>\n\t\t\t\t<\/div>\n\t\t\t\t<div class=\"elementor-element elementor-element-a39b29a sep-article elementor-widget elementor-widget-spacer\" data-id=\"a39b29a\" data-element_type=\"widget\" data-e-type=\"widget\" data-widget_type=\"spacer.default\">\n\t\t\t\t<div class=\"elementor-widget-container\">\n\t\t\t\t\t\t\t<div class=\"elementor-spacer\">\n\t\t\t<div class=\"elementor-spacer-inner\"><\/div>\n\t\t<\/div>\n\t\t\t\t\t\t<\/div>\n\t\t\t\t<\/div>\n\t\t\t\t<div class=\"elementor-element elementor-element-4c13ba3 elementor-position-left elementor-vertical-align-top elementor-widget elementor-widget-image-box\" data-id=\"4c13ba3\" data-element_type=\"widget\" data-e-type=\"widget\" data-widget_type=\"image-box.default\">\n\t\t\t\t<div class=\"elementor-widget-container\">\n\t\t\t\t\t<div class=\"elementor-image-box-wrapper\"><figure class=\"elementor-image-box-img\"><a href=\"https:\/\/itunes.apple.com\/ca\/podcast\/the-one-you-feed\/id792555885?mt=2\" target=\"_blank\" rel=\"nofollow\" tabindex=\"-1\"><img decoding=\"async\" width=\"150\" height=\"150\" src=\"https:\/\/fmrq.qc.ca\/wp-content\/uploads\/2022\/06\/the-ont-you-feed-150x150.jpg\" class=\"attachment-thumbnail size-thumbnail wp-image-14328\" alt=\"\" srcset=\"https:\/\/fmrq.qc.ca\/wp-content\/uploads\/2022\/06\/the-ont-you-feed-150x150.jpg 150w, https:\/\/fmrq.qc.ca\/wp-content\/uploads\/2022\/06\/the-ont-you-feed.jpg 225w\" sizes=\"(max-width: 150px) 100vw, 150px\"\/><\/a><\/figure><div class=\"elementor-image-box-content\"><h2 class=\"elementor-image-box-title\"><a href=\"https:\/\/itunes.apple.com\/ca\/podcast\/the-one-you-feed\/id792555885?mt=2\" target=\"_blank\" rel=\"nofollow\">The One You Feed<\/a><\/h2><p class=\"elementor-image-box-description\">Open minded discussion of habits, meditation, wisdom, depression, anxiety, happiness, psychology, philosophy, psychology and motivation.<\/p><\/div><\/div>\t\t\t\t<\/div>\n\t\t\t\t<\/div>\n\t\t\t\t\t<\/div>\n\t\t<\/div>\n\t\t\t\t\t<\/div>\n\t\t<\/section>\n\t\t\t\t<\/div>\n\t\t","protected":false},"excerpt":{"rendered":"<p>The Overwhelmed Brain Anxiety, depression, fears, obsession, panic, or any relationship, marriage or family issues, this show will help you&hellip;<\/p>\n","protected":false},"author":1,"featured_media":0,"parent":9071,"menu_order":2,"comment_status":"closed","ping_status":"closed","template":"elementor_header_footer","meta":{"_acf_changed":false,"footnotes":""},"class_list":["post-14326","page","type-page","status-publish","hentry"],"acf":[],"yoast_head":"<!-- This site is optimized with the Yoast SEO plugin v26.9 - https:\/\/yoast.com\/product\/yoast-seo-wordpress\/ -->\n<title>Personnal development - FMRQ<\/title>\n<meta name=\"robots\" content=\"index, follow, max-snippet:-1, max-image-preview:large, max-video-preview:-1\" \/>\n<link rel=\"canonical\" href=\"https:\/\/fmrq.qc.ca\/en\/wellness-support\/apps-podcasts-books\/personnal-development\/\" \/>\n<meta property=\"og:locale\" content=\"en_US\" \/>\n<meta property=\"og:type\" content=\"article\" \/>\n<meta property=\"og:title\" content=\"Personnal development - FMRQ\" \/>\n<meta property=\"og:description\" content=\"The Overwhelmed Brain Anxiety, depression, fears, obsession, panic, or any relationship, marriage or family issues, this show will help you...\" \/>\n<meta property=\"og:url\" content=\"https:\/\/fmrq.qc.ca\/en\/wellness-support\/apps-podcasts-books\/personnal-development\/\" \/>\n<meta property=\"og:site_name\" content=\"FMRQ\" \/>\n<meta property=\"article:modified_time\" content=\"2022-06-27T18:09:52+00:00\" \/>\n<meta property=\"og:image\" content=\"https:\/\/fmrq.qc.ca\/wp-content\/uploads\/2022\/06\/170x170bb-150x150.jpg\" \/>\n<meta name=\"twitter:card\" content=\"summary_large_image\" \/>\n<meta name=\"twitter:label1\" content=\"Est. reading time\" \/>\n\t<meta name=\"twitter:data1\" content=\"2 minutes\" \/>\n<script type=\"application\/ld+json\" class=\"yoast-schema-graph\">{\"@context\":\"https:\/\/schema.org\",\"@graph\":[{\"@type\":\"WebPage\",\"@id\":\"https:\/\/fmrq.qc.ca\/en\/wellness-support\/apps-podcasts-books\/personnal-development\/\",\"url\":\"https:\/\/fmrq.qc.ca\/en\/wellness-support\/apps-podcasts-books\/personnal-development\/\",\"name\":\"Personnal development - FMRQ\",\"isPartOf\":{\"@id\":\"https:\/\/fmrq.qc.ca\/en\/#website\"},\"primaryImageOfPage\":{\"@id\":\"https:\/\/fmrq.qc.ca\/en\/wellness-support\/apps-podcasts-books\/personnal-development\/#primaryimage\"},\"image\":{\"@id\":\"https:\/\/fmrq.qc.ca\/en\/wellness-support\/apps-podcasts-books\/personnal-development\/#primaryimage\"},\"thumbnailUrl\":\"https:\/\/fmrq.qc.ca\/wp-content\/uploads\/2022\/06\/170x170bb-150x150.jpg\",\"datePublished\":\"2022-06-27T18:09:11+00:00\",\"dateModified\":\"2022-06-27T18:09:52+00:00\",\"breadcrumb\":{\"@id\":\"https:\/\/fmrq.qc.ca\/en\/wellness-support\/apps-podcasts-books\/personnal-development\/#breadcrumb\"},\"inLanguage\":\"en-US\",\"potentialAction\":[{\"@type\":\"ReadAction\",\"target\":[\"https:\/\/fmrq.qc.ca\/en\/wellness-support\/apps-podcasts-books\/personnal-development\/\"]}]},{\"@type\":\"ImageObject\",\"inLanguage\":\"en-US\",\"@id\":\"https:\/\/fmrq.qc.ca\/en\/wellness-support\/apps-podcasts-books\/personnal-development\/#primaryimage\",\"url\":\"https:\/\/fmrq.qc.ca\/wp-content\/uploads\/2022\/06\/170x170bb-150x150.jpg\",\"contentUrl\":\"https:\/\/fmrq.qc.ca\/wp-content\/uploads\/2022\/06\/170x170bb-150x150.jpg\"},{\"@type\":\"BreadcrumbList\",\"@id\":\"https:\/\/fmrq.qc.ca\/en\/wellness-support\/apps-podcasts-books\/personnal-development\/#breadcrumb\",\"itemListElement\":[{\"@type\":\"ListItem\",\"position\":1,\"name\":\"Home\",\"item\":\"https:\/\/fmrq.qc.ca\/en\/\"},{\"@type\":\"ListItem\",\"position\":2,\"name\":\"Wellness support\",\"item\":\"https:\/\/fmrq.qc.ca\/en\/wellness-support\/\"},{\"@type\":\"ListItem\",\"position\":3,\"name\":\"Apps, Podcasts, Books\",\"item\":\"https:\/\/fmrq.qc.ca\/en\/soutien-au-bien-etre\/applis-balados-livres\/\"},{\"@type\":\"ListItem\",\"position\":4,\"name\":\"Personnal development\"}]},{\"@type\":\"WebSite\",\"@id\":\"https:\/\/fmrq.qc.ca\/en\/#website\",\"url\":\"https:\/\/fmrq.qc.ca\/en\/\",\"name\":\"FMRQ\",\"description\":\"F\u00e9d\u00e9ration des m\u00e9decins r\u00e9sidents du Qu\u00e9bec\",\"publisher\":{\"@id\":\"https:\/\/fmrq.qc.ca\/en\/#organization\"},\"potentialAction\":[{\"@type\":\"SearchAction\",\"target\":{\"@type\":\"EntryPoint\",\"urlTemplate\":\"https:\/\/fmrq.qc.ca\/en\/?s={search_term_string}\"},\"query-input\":{\"@type\":\"PropertyValueSpecification\",\"valueRequired\":true,\"valueName\":\"search_term_string\"}}],\"inLanguage\":\"en-US\"},{\"@type\":\"Organization\",\"@id\":\"https:\/\/fmrq.qc.ca\/en\/#organization\",\"name\":\"FMRQ\",\"url\":\"https:\/\/fmrq.qc.ca\/en\/\",\"logo\":{\"@type\":\"ImageObject\",\"inLanguage\":\"en-US\",\"@id\":\"https:\/\/fmrq.qc.ca\/en\/#\/schema\/logo\/image\/\",\"url\":\"https:\/\/fmrq.qc.ca\/wp-content\/uploads\/2020\/05\/logo-fmrq.png\",\"contentUrl\":\"https:\/\/fmrq.qc.ca\/wp-content\/uploads\/2020\/05\/logo-fmrq.png\",\"width\":264,\"height\":57,\"caption\":\"FMRQ\"},\"image\":{\"@id\":\"https:\/\/fmrq.qc.ca\/en\/#\/schema\/logo\/image\/\"}}]}<\/script>\n<!-- \/ Yoast SEO plugin. -->","yoast_head_json":{"title":"Personnal development - FMRQ","robots":{"index":"index","follow":"follow","max-snippet":"max-snippet:-1","max-image-preview":"max-image-preview:large","max-video-preview":"max-video-preview:-1"},"canonical":"https:\/\/fmrq.qc.ca\/en\/wellness-support\/apps-podcasts-books\/personnal-development\/","og_locale":"en_US","og_type":"article","og_title":"Personnal development - FMRQ","og_description":"The Overwhelmed Brain Anxiety, depression, fears, obsession, panic, or any relationship, marriage or family issues, this show will help you...","og_url":"https:\/\/fmrq.qc.ca\/en\/wellness-support\/apps-podcasts-books\/personnal-development\/","og_site_name":"FMRQ","article_modified_time":"2022-06-27T18:09:52+00:00","og_image":[{"url":"https:\/\/fmrq.qc.ca\/wp-content\/uploads\/2022\/06\/170x170bb-150x150.jpg","type":"","width":"","height":""}],"twitter_card":"summary_large_image","twitter_misc":{"Est. reading time":"2 minutes"},"schema":{"@context":"https:\/\/schema.org","@graph":[{"@type":"WebPage","@id":"https:\/\/fmrq.qc.ca\/en\/wellness-support\/apps-podcasts-books\/personnal-development\/","url":"https:\/\/fmrq.qc.ca\/en\/wellness-support\/apps-podcasts-books\/personnal-development\/","name":"Personnal development - FMRQ","isPartOf":{"@id":"https:\/\/fmrq.qc.ca\/en\/#website"},"primaryImageOfPage":{"@id":"https:\/\/fmrq.qc.ca\/en\/wellness-support\/apps-podcasts-books\/personnal-development\/#primaryimage"},"image":{"@id":"https:\/\/fmrq.qc.ca\/en\/wellness-support\/apps-podcasts-books\/personnal-development\/#primaryimage"},"thumbnailUrl":"https:\/\/fmrq.qc.ca\/wp-content\/uploads\/2022\/06\/170x170bb-150x150.jpg","datePublished":"2022-06-27T18:09:11+00:00","dateModified":"2022-06-27T18:09:52+00:00","breadcrumb":{"@id":"https:\/\/fmrq.qc.ca\/en\/wellness-support\/apps-podcasts-books\/personnal-development\/#breadcrumb"},"inLanguage":"en-US","potentialAction":[{"@type":"ReadAction","target":["https:\/\/fmrq.qc.ca\/en\/wellness-support\/apps-podcasts-books\/personnal-development\/"]}]},{"@type":"ImageObject","inLanguage":"en-US","@id":"https:\/\/fmrq.qc.ca\/en\/wellness-support\/apps-podcasts-books\/personnal-development\/#primaryimage","url":"https:\/\/fmrq.qc.ca\/wp-content\/uploads\/2022\/06\/170x170bb-150x150.jpg","contentUrl":"https:\/\/fmrq.qc.ca\/wp-content\/uploads\/2022\/06\/170x170bb-150x150.jpg"},{"@type":"BreadcrumbList","@id":"https:\/\/fmrq.qc.ca\/en\/wellness-support\/apps-podcasts-books\/personnal-development\/#breadcrumb","itemListElement":[{"@type":"ListItem","position":1,"name":"Home","item":"https:\/\/fmrq.qc.ca\/en\/"},{"@type":"ListItem","position":2,"name":"Wellness support","item":"https:\/\/fmrq.qc.ca\/en\/wellness-support\/"},{"@type":"ListItem","position":3,"name":"Apps, Podcasts, Books","item":"https:\/\/fmrq.qc.ca\/en\/soutien-au-bien-etre\/applis-balados-livres\/"},{"@type":"ListItem","position":4,"name":"Personnal development"}]},{"@type":"WebSite","@id":"https:\/\/fmrq.qc.ca\/en\/#website","url":"https:\/\/fmrq.qc.ca\/en\/","name":"FMRQ","description":"F\u00e9d\u00e9ration des m\u00e9decins r\u00e9sidents du Qu\u00e9bec","publisher":{"@id":"https:\/\/fmrq.qc.ca\/en\/#organization"},"potentialAction":[{"@type":"SearchAction","target":{"@type":"EntryPoint","urlTemplate":"https:\/\/fmrq.qc.ca\/en\/?s={search_term_string}"},"query-input":{"@type":"PropertyValueSpecification","valueRequired":true,"valueName":"search_term_string"}}],"inLanguage":"en-US"},{"@type":"Organization","@id":"https:\/\/fmrq.qc.ca\/en\/#organization","name":"FMRQ","url":"https:\/\/fmrq.qc.ca\/en\/","logo":{"@type":"ImageObject","inLanguage":"en-US","@id":"https:\/\/fmrq.qc.ca\/en\/#\/schema\/logo\/image\/","url":"https:\/\/fmrq.qc.ca\/wp-content\/uploads\/2020\/05\/logo-fmrq.png","contentUrl":"https:\/\/fmrq.qc.ca\/wp-content\/uploads\/2020\/05\/logo-fmrq.png","width":264,"height":57,"caption":"FMRQ"},"image":{"@id":"https:\/\/fmrq.qc.ca\/en\/#\/schema\/logo\/image\/"}}]}},"publishpress_future_action":{"enabled":false,"date":"2026-04-21 14:07:31","action":"change-status","newStatus":"draft","terms":[],"taxonomy":"translation_priority","extraData":[]},"publishpress_future_workflow_manual_trigger":{"enabledWorkflows":[]},"_links":{"self":[{"href":"https:\/\/fmrq.qc.ca\/en\/wp-json\/wp\/v2\/pages\/14326","targetHints":{"allow":["GET"]}}],"collection":[{"href":"https:\/\/fmrq.qc.ca\/en\/wp-json\/wp\/v2\/pages"}],"about":[{"href":"https:\/\/fmrq.qc.ca\/en\/wp-json\/wp\/v2\/types\/page"}],"author":[{"embeddable":true,"href":"https:\/\/fmrq.qc.ca\/en\/wp-json\/wp\/v2\/users\/1"}],"replies":[{"embeddable":true,"href":"https:\/\/fmrq.qc.ca\/en\/wp-json\/wp\/v2\/comments?post=14326"}],"version-history":[{"count":5,"href":"https:\/\/fmrq.qc.ca\/en\/wp-json\/wp\/v2\/pages\/14326\/revisions"}],"predecessor-version":[{"id":14722,"href":"https:\/\/fmrq.qc.ca\/en\/wp-json\/wp\/v2\/pages\/14326\/revisions\/14722"}],"up":[{"embeddable":true,"href":"https:\/\/fmrq.qc.ca\/en\/wp-json\/wp\/v2\/pages\/9071"}],"wp:attachment":[{"href":"https:\/\/fmrq.qc.ca\/en\/wp-json\/wp\/v2\/media?parent=14326"}],"curies":[{"name":"wp","href":"https:\/\/api.w.org\/{rel}","templated":true}]}}