{"id":14344,"date":"2022-06-27T14:11:25","date_gmt":"2022-06-27T18:11:25","guid":{"rendered":"https:\/\/fmrq.qc.ca\/?page_id=14344"},"modified":"2022-06-27T14:12:48","modified_gmt":"2022-06-27T18:12:48","slug":"meditation","status":"publish","type":"page","link":"https:\/\/fmrq.qc.ca\/en\/wellness-support\/apps-podcasts-books\/meditation\/","title":{"rendered":"Meditation"},"content":{"rendered":"<div data-elementor-type=\"wp-page\" data-elementor-id=\"14344\" class=\"elementor elementor-14344 elementor-14343\" data-elementor-post-type=\"page\">\n\t\t\t\t\t\t<section class=\"elementor-section elementor-top-section elementor-element elementor-element-8b7ef9a elementor-section-boxed elementor-section-height-default elementor-section-height-default\" data-id=\"8b7ef9a\" data-element_type=\"section\" data-e-type=\"section\" data-settings=\"{&quot;jet_parallax_layout_list&quot;:[],&quot;background_background&quot;:&quot;classic&quot;}\">\n\t\t\t\t\t\t<div class=\"elementor-container elementor-column-gap-no\">\n\t\t\t\t\t<div class=\"elementor-column elementor-col-100 elementor-top-column elementor-element elementor-element-cab6a89\" data-id=\"cab6a89\" data-element_type=\"column\" data-e-type=\"column\">\n\t\t\t<div class=\"elementor-widget-wrap elementor-element-populated\">\n\t\t\t\t\t\t<div class=\"elementor-element elementor-element-125fa4a elementor-widget elementor-widget-template\" data-id=\"125fa4a\" data-element_type=\"widget\" data-e-type=\"widget\" data-widget_type=\"template.default\">\n\t\t\t\t<div class=\"elementor-widget-container\">\n\t\t\t\t\t\t\t<div class=\"elementor-template\">\n\t\t\t\t\t<div data-elementor-type=\"section\" data-elementor-id=\"1188\" class=\"elementor elementor-1188\" data-elementor-post-type=\"elementor_library\">\n\t\t\t\t\t<section class=\"elementor-section elementor-top-section elementor-element elementor-element-05b0368 elementor-section-stretched section-breadcrumb elementor-section-boxed elementor-section-height-default elementor-section-height-default\" data-id=\"05b0368\" data-element_type=\"section\" data-e-type=\"section\" data-settings=\"{&quot;jet_parallax_layout_list&quot;:[],&quot;background_background&quot;:&quot;classic&quot;,&quot;stretch_section&quot;:&quot;section-stretched&quot;}\">\n\t\t\t\t\t\t<div class=\"elementor-container elementor-column-gap-default\">\n\t\t\t\t\t<div class=\"elementor-column elementor-col-100 elementor-top-column elementor-element elementor-element-fa3919d\" data-id=\"fa3919d\" data-element_type=\"column\" data-e-type=\"column\">\n\t\t\t<div class=\"elementor-widget-wrap elementor-element-populated\">\n\t\t\t\t\t\t<div class=\"elementor-element elementor-element-c736c96 elementor-widget elementor-widget-breadcrumbs\" data-id=\"c736c96\" data-element_type=\"widget\" data-e-type=\"widget\" data-widget_type=\"breadcrumbs.default\">\n\t\t\t\t<div class=\"elementor-widget-container\">\n\t\t\t\t\t<p id=\"breadcrumbs\"><span><span><a href=\"https:\/\/fmrq.qc.ca\/en\/\">Home<\/a><\/span><\/span><\/p>\t\t\t\t<\/div>\n\t\t\t\t<\/div>\n\t\t\t\t\t<\/div>\n\t\t<\/div>\n\t\t\t\t\t<\/div>\n\t\t<\/section>\n\t\t\t\t<\/div>\n\t\t\t\t<\/div>\n\t\t\t\t\t\t<\/div>\n\t\t\t\t<\/div>\n\t\t\t\t\t<\/div>\n\t\t<\/div>\n\t\t\t\t\t<\/div>\n\t\t<\/section>\n\t\t\t\t<section class=\"elementor-section elementor-top-section elementor-element elementor-element-995b4af elementor-section-height-min-height hero elementor-section-boxed elementor-section-height-default elementor-section-items-middle\" data-id=\"995b4af\" data-element_type=\"section\" data-e-type=\"section\" data-settings=\"{&quot;jet_parallax_layout_list&quot;:[],&quot;background_background&quot;:&quot;classic&quot;}\">\n\t\t\t\t\t\t\t<div class=\"elementor-background-overlay\"><\/div>\n\t\t\t\t\t\t\t<div class=\"elementor-container elementor-column-gap-default\">\n\t\t\t\t\t<div class=\"elementor-column elementor-col-100 elementor-top-column elementor-element elementor-element-a87e51b\" data-id=\"a87e51b\" data-element_type=\"column\" data-e-type=\"column\">\n\t\t\t<div class=\"elementor-widget-wrap elementor-element-populated\">\n\t\t\t\t\t\t<div class=\"elementor-element elementor-element-86df6f9 elementor-widget elementor-widget-heading\" data-id=\"86df6f9\" data-element_type=\"widget\" data-e-type=\"widget\" data-widget_type=\"heading.default\">\n\t\t\t\t<div class=\"elementor-widget-container\">\n\t\t\t\t\t<div class=\"elementor-heading-title elementor-size-default\">-&nbsp;Apps, Podcasts, Books&nbsp;-<\/div>\t\t\t\t<\/div>\n\t\t\t\t<\/div>\n\t\t\t\t<div class=\"elementor-element elementor-element-f6e85e7 elementor-widget elementor-widget-heading\" data-id=\"f6e85e7\" data-element_type=\"widget\" data-e-type=\"widget\" data-widget_type=\"heading.default\">\n\t\t\t\t<div class=\"elementor-widget-container\">\n\t\t\t\t\t<h1 class=\"elementor-heading-title elementor-size-default\">Meditation<\/h1>\t\t\t\t<\/div>\n\t\t\t\t<\/div>\n\t\t\t\t\t<\/div>\n\t\t<\/div>\n\t\t\t\t\t<\/div>\n\t\t<\/section>\n\t\t\t\t<section class=\"elementor-section elementor-top-section elementor-element elementor-element-1c6c562 pv100 elementor-section-boxed elementor-section-height-default elementor-section-height-default\" data-id=\"1c6c562\" data-element_type=\"section\" data-e-type=\"section\" data-settings=\"{&quot;jet_parallax_layout_list&quot;:[]}\">\n\t\t\t\t\t\t<div class=\"elementor-container elementor-column-gap-default\">\n\t\t\t\t\t<div class=\"elementor-column elementor-col-100 elementor-top-column elementor-element elementor-element-a3f486a menu-col-r\" data-id=\"a3f486a\" data-element_type=\"column\" data-e-type=\"column\">\n\t\t\t<div class=\"elementor-widget-wrap elementor-element-populated\">\n\t\t\t\t\t\t<div class=\"elementor-element elementor-element-cd22b87 elementor-position-left elementor-vertical-align-top elementor-widget elementor-widget-image-box\" data-id=\"cd22b87\" data-element_type=\"widget\" data-e-type=\"widget\" data-widget_type=\"image-box.default\">\n\t\t\t\t<div class=\"elementor-widget-container\">\n\t\t\t\t\t<div class=\"elementor-image-box-wrapper\"><figure class=\"elementor-image-box-img\"><a href=\"https:\/\/itunes.apple.com\/ca\/podcast\/sleep-meditation-podcast-get-to-sleep-fast\/id834515877?mt=2\" target=\"_blank\" rel=\"nofollow\" tabindex=\"-1\"><img decoding=\"async\" width=\"150\" height=\"150\" src=\"https:\/\/fmrq.qc.ca\/wp-content\/uploads\/2022\/06\/tracks-to-relax-150x150.jpg\" class=\"attachment-thumbnail size-thumbnail wp-image-14348\" alt=\"\" srcset=\"https:\/\/fmrq.qc.ca\/wp-content\/uploads\/2022\/06\/tracks-to-relax-150x150.jpg 150w, https:\/\/fmrq.qc.ca\/wp-content\/uploads\/2022\/06\/tracks-to-relax-300x300.jpg 300w, https:\/\/fmrq.qc.ca\/wp-content\/uploads\/2022\/06\/tracks-to-relax-1024x1024.jpg 1024w, https:\/\/fmrq.qc.ca\/wp-content\/uploads\/2022\/06\/tracks-to-relax-768x768.jpg 768w, https:\/\/fmrq.qc.ca\/wp-content\/uploads\/2022\/06\/tracks-to-relax-1536x1536.jpg 1536w, https:\/\/fmrq.qc.ca\/wp-content\/uploads\/2022\/06\/tracks-to-relax-500x500.jpg 500w, https:\/\/fmrq.qc.ca\/wp-content\/uploads\/2022\/06\/tracks-to-relax.jpg 1600w\" sizes=\"(max-width: 150px) 100vw, 150px\"\/><\/a><\/figure><div class=\"elementor-image-box-content\"><h2 class=\"elementor-image-box-title\"><a href=\"https:\/\/itunes.apple.com\/ca\/podcast\/sleep-meditation-podcast-get-to-sleep-fast\/id834515877?mt=2\" target=\"_blank\" rel=\"nofollow\">The Sleep Meditation Podcast<\/a><\/h2><p class=\"elementor-image-box-description\">Everyone has trouble falling asleep occasionally. We spend so much of our walking hours stressed out as we constantly try to juggle the balance or our careers, relationships and health. We all need a good night&rsquo;s sleep in order to have the energy and mental clarity we need the next day to get things done, but turning off your mind just because it&rsquo;s bedtime can be a challenge.<\/p><\/div><\/div>\t\t\t\t<\/div>\n\t\t\t\t<\/div>\n\t\t\t\t<div class=\"elementor-element elementor-element-ca8f40a sep-article elementor-widget elementor-widget-spacer\" data-id=\"ca8f40a\" data-element_type=\"widget\" data-e-type=\"widget\" data-widget_type=\"spacer.default\">\n\t\t\t\t<div class=\"elementor-widget-container\">\n\t\t\t\t\t\t\t<div class=\"elementor-spacer\">\n\t\t\t<div class=\"elementor-spacer-inner\"><\/div>\n\t\t<\/div>\n\t\t\t\t\t\t<\/div>\n\t\t\t\t<\/div>\n\t\t\t\t<div class=\"elementor-element elementor-element-b032ba6 elementor-position-left elementor-vertical-align-top elementor-widget elementor-widget-image-box\" data-id=\"b032ba6\" data-element_type=\"widget\" data-e-type=\"widget\" data-widget_type=\"image-box.default\">\n\t\t\t\t<div class=\"elementor-widget-container\">\n\t\t\t\t\t<div class=\"elementor-image-box-wrapper\"><figure class=\"elementor-image-box-img\"><a href=\"https:\/\/itunes.apple.com\/ca\/podcast\/meditation-minis-podcast\/id963597166?mt=2\" target=\"_blank\" rel=\"nofollow\" tabindex=\"-1\"><img decoding=\"async\" width=\"150\" height=\"150\" src=\"https:\/\/fmrq.qc.ca\/wp-content\/uploads\/2022\/06\/meditation-mini-150x150.jpg\" class=\"attachment-thumbnail size-thumbnail wp-image-14346\" alt=\"\" srcset=\"https:\/\/fmrq.qc.ca\/wp-content\/uploads\/2022\/06\/meditation-mini-150x150.jpg 150w, https:\/\/fmrq.qc.ca\/wp-content\/uploads\/2022\/06\/meditation-mini.jpg 300w\" sizes=\"(max-width: 150px) 100vw, 150px\"\/><\/a><\/figure><div class=\"elementor-image-box-content\"><h2 class=\"elementor-image-box-title\"><a href=\"https:\/\/itunes.apple.com\/ca\/podcast\/meditation-minis-podcast\/id963597166?mt=2\" target=\"_blank\" rel=\"nofollow\">Meditation Minis<\/a><\/h2><p class=\"elementor-image-box-description\">Short, guided meditations to calm your anxiety, overcome negative thinking, increase your confidence, and more - in 15 minutes or less! Every effort is made to present the meditation techniques in this podcast series in a non-dogmatic, non-religious-based way. Please do not listen to this meditation podcast or any other meditations while doing something that requires your complete attention... like driving your car.<\/p><\/div><\/div>\t\t\t\t<\/div>\n\t\t\t\t<\/div>\n\t\t\t\t\t<\/div>\n\t\t<\/div>\n\t\t\t\t\t<\/div>\n\t\t<\/section>\n\t\t\t\t<\/div>\n\t\t","protected":false},"excerpt":{"rendered":"<p>The Sleep Meditation Podcast Everyone has trouble falling asleep occasionally. We spend so much of our walking hours stressed out&hellip;<\/p>\n","protected":false},"author":1,"featured_media":0,"parent":9071,"menu_order":2,"comment_status":"closed","ping_status":"closed","template":"elementor_header_footer","meta":{"_acf_changed":false,"footnotes":""},"class_list":["post-14344","page","type-page","status-publish","hentry"],"acf":[],"yoast_head":"<!-- This site is optimized with the Yoast SEO plugin v26.9 - https:\/\/yoast.com\/product\/yoast-seo-wordpress\/ -->\n<title>Meditation - FMRQ<\/title>\n<meta name=\"robots\" content=\"index, follow, max-snippet:-1, max-image-preview:large, max-video-preview:-1\" \/>\n<link rel=\"canonical\" href=\"https:\/\/fmrq.qc.ca\/en\/wellness-support\/apps-podcasts-books\/meditation\/\" \/>\n<meta property=\"og:locale\" content=\"en_US\" \/>\n<meta property=\"og:type\" content=\"article\" \/>\n<meta property=\"og:title\" content=\"Meditation - FMRQ\" \/>\n<meta property=\"og:description\" content=\"The Sleep Meditation Podcast Everyone has trouble falling asleep occasionally. We spend so much of our walking hours stressed out...\" \/>\n<meta property=\"og:url\" content=\"https:\/\/fmrq.qc.ca\/en\/wellness-support\/apps-podcasts-books\/meditation\/\" \/>\n<meta property=\"og:site_name\" content=\"FMRQ\" \/>\n<meta property=\"article:modified_time\" content=\"2022-06-27T18:12:48+00:00\" \/>\n<meta property=\"og:image\" content=\"https:\/\/fmrq.qc.ca\/wp-content\/uploads\/2022\/06\/tracks-to-relax-150x150.jpg\" \/>\n<meta name=\"twitter:card\" content=\"summary_large_image\" \/>\n<meta name=\"twitter:label1\" content=\"Est. reading time\" \/>\n\t<meta name=\"twitter:data1\" content=\"2 minutes\" \/>\n<script type=\"application\/ld+json\" class=\"yoast-schema-graph\">{\"@context\":\"https:\/\/schema.org\",\"@graph\":[{\"@type\":\"WebPage\",\"@id\":\"https:\/\/fmrq.qc.ca\/en\/wellness-support\/apps-podcasts-books\/meditation\/\",\"url\":\"https:\/\/fmrq.qc.ca\/en\/wellness-support\/apps-podcasts-books\/meditation\/\",\"name\":\"Meditation - FMRQ\",\"isPartOf\":{\"@id\":\"https:\/\/fmrq.qc.ca\/en\/#website\"},\"primaryImageOfPage\":{\"@id\":\"https:\/\/fmrq.qc.ca\/en\/wellness-support\/apps-podcasts-books\/meditation\/#primaryimage\"},\"image\":{\"@id\":\"https:\/\/fmrq.qc.ca\/en\/wellness-support\/apps-podcasts-books\/meditation\/#primaryimage\"},\"thumbnailUrl\":\"https:\/\/fmrq.qc.ca\/wp-content\/uploads\/2022\/06\/tracks-to-relax-150x150.jpg\",\"datePublished\":\"2022-06-27T18:11:25+00:00\",\"dateModified\":\"2022-06-27T18:12:48+00:00\",\"breadcrumb\":{\"@id\":\"https:\/\/fmrq.qc.ca\/en\/wellness-support\/apps-podcasts-books\/meditation\/#breadcrumb\"},\"inLanguage\":\"en-US\",\"potentialAction\":[{\"@type\":\"ReadAction\",\"target\":[\"https:\/\/fmrq.qc.ca\/en\/wellness-support\/apps-podcasts-books\/meditation\/\"]}]},{\"@type\":\"ImageObject\",\"inLanguage\":\"en-US\",\"@id\":\"https:\/\/fmrq.qc.ca\/en\/wellness-support\/apps-podcasts-books\/meditation\/#primaryimage\",\"url\":\"https:\/\/fmrq.qc.ca\/wp-content\/uploads\/2022\/06\/tracks-to-relax-150x150.jpg\",\"contentUrl\":\"https:\/\/fmrq.qc.ca\/wp-content\/uploads\/2022\/06\/tracks-to-relax-150x150.jpg\"},{\"@type\":\"BreadcrumbList\",\"@id\":\"https:\/\/fmrq.qc.ca\/en\/wellness-support\/apps-podcasts-books\/meditation\/#breadcrumb\",\"itemListElement\":[{\"@type\":\"ListItem\",\"position\":1,\"name\":\"Home\",\"item\":\"https:\/\/fmrq.qc.ca\/en\/\"},{\"@type\":\"ListItem\",\"position\":2,\"name\":\"Wellness support\",\"item\":\"https:\/\/fmrq.qc.ca\/en\/wellness-support\/\"},{\"@type\":\"ListItem\",\"position\":3,\"name\":\"Apps, Podcasts, Books\",\"item\":\"https:\/\/fmrq.qc.ca\/en\/soutien-au-bien-etre\/applis-balados-livres\/\"},{\"@type\":\"ListItem\",\"position\":4,\"name\":\"Meditation\"}]},{\"@type\":\"WebSite\",\"@id\":\"https:\/\/fmrq.qc.ca\/en\/#website\",\"url\":\"https:\/\/fmrq.qc.ca\/en\/\",\"name\":\"FMRQ\",\"description\":\"F\u00e9d\u00e9ration des m\u00e9decins r\u00e9sidents du Qu\u00e9bec\",\"publisher\":{\"@id\":\"https:\/\/fmrq.qc.ca\/en\/#organization\"},\"potentialAction\":[{\"@type\":\"SearchAction\",\"target\":{\"@type\":\"EntryPoint\",\"urlTemplate\":\"https:\/\/fmrq.qc.ca\/en\/?s={search_term_string}\"},\"query-input\":{\"@type\":\"PropertyValueSpecification\",\"valueRequired\":true,\"valueName\":\"search_term_string\"}}],\"inLanguage\":\"en-US\"},{\"@type\":\"Organization\",\"@id\":\"https:\/\/fmrq.qc.ca\/en\/#organization\",\"name\":\"FMRQ\",\"url\":\"https:\/\/fmrq.qc.ca\/en\/\",\"logo\":{\"@type\":\"ImageObject\",\"inLanguage\":\"en-US\",\"@id\":\"https:\/\/fmrq.qc.ca\/en\/#\/schema\/logo\/image\/\",\"url\":\"https:\/\/fmrq.qc.ca\/wp-content\/uploads\/2020\/05\/logo-fmrq.png\",\"contentUrl\":\"https:\/\/fmrq.qc.ca\/wp-content\/uploads\/2020\/05\/logo-fmrq.png\",\"width\":264,\"height\":57,\"caption\":\"FMRQ\"},\"image\":{\"@id\":\"https:\/\/fmrq.qc.ca\/en\/#\/schema\/logo\/image\/\"}}]}<\/script>\n<!-- \/ Yoast SEO plugin. -->","yoast_head_json":{"title":"Meditation - FMRQ","robots":{"index":"index","follow":"follow","max-snippet":"max-snippet:-1","max-image-preview":"max-image-preview:large","max-video-preview":"max-video-preview:-1"},"canonical":"https:\/\/fmrq.qc.ca\/en\/wellness-support\/apps-podcasts-books\/meditation\/","og_locale":"en_US","og_type":"article","og_title":"Meditation - FMRQ","og_description":"The Sleep Meditation Podcast Everyone has trouble falling asleep occasionally. We spend so much of our walking hours stressed out...","og_url":"https:\/\/fmrq.qc.ca\/en\/wellness-support\/apps-podcasts-books\/meditation\/","og_site_name":"FMRQ","article_modified_time":"2022-06-27T18:12:48+00:00","og_image":[{"url":"https:\/\/fmrq.qc.ca\/wp-content\/uploads\/2022\/06\/tracks-to-relax-150x150.jpg","type":"","width":"","height":""}],"twitter_card":"summary_large_image","twitter_misc":{"Est. reading time":"2 minutes"},"schema":{"@context":"https:\/\/schema.org","@graph":[{"@type":"WebPage","@id":"https:\/\/fmrq.qc.ca\/en\/wellness-support\/apps-podcasts-books\/meditation\/","url":"https:\/\/fmrq.qc.ca\/en\/wellness-support\/apps-podcasts-books\/meditation\/","name":"Meditation - FMRQ","isPartOf":{"@id":"https:\/\/fmrq.qc.ca\/en\/#website"},"primaryImageOfPage":{"@id":"https:\/\/fmrq.qc.ca\/en\/wellness-support\/apps-podcasts-books\/meditation\/#primaryimage"},"image":{"@id":"https:\/\/fmrq.qc.ca\/en\/wellness-support\/apps-podcasts-books\/meditation\/#primaryimage"},"thumbnailUrl":"https:\/\/fmrq.qc.ca\/wp-content\/uploads\/2022\/06\/tracks-to-relax-150x150.jpg","datePublished":"2022-06-27T18:11:25+00:00","dateModified":"2022-06-27T18:12:48+00:00","breadcrumb":{"@id":"https:\/\/fmrq.qc.ca\/en\/wellness-support\/apps-podcasts-books\/meditation\/#breadcrumb"},"inLanguage":"en-US","potentialAction":[{"@type":"ReadAction","target":["https:\/\/fmrq.qc.ca\/en\/wellness-support\/apps-podcasts-books\/meditation\/"]}]},{"@type":"ImageObject","inLanguage":"en-US","@id":"https:\/\/fmrq.qc.ca\/en\/wellness-support\/apps-podcasts-books\/meditation\/#primaryimage","url":"https:\/\/fmrq.qc.ca\/wp-content\/uploads\/2022\/06\/tracks-to-relax-150x150.jpg","contentUrl":"https:\/\/fmrq.qc.ca\/wp-content\/uploads\/2022\/06\/tracks-to-relax-150x150.jpg"},{"@type":"BreadcrumbList","@id":"https:\/\/fmrq.qc.ca\/en\/wellness-support\/apps-podcasts-books\/meditation\/#breadcrumb","itemListElement":[{"@type":"ListItem","position":1,"name":"Home","item":"https:\/\/fmrq.qc.ca\/en\/"},{"@type":"ListItem","position":2,"name":"Wellness support","item":"https:\/\/fmrq.qc.ca\/en\/wellness-support\/"},{"@type":"ListItem","position":3,"name":"Apps, Podcasts, Books","item":"https:\/\/fmrq.qc.ca\/en\/soutien-au-bien-etre\/applis-balados-livres\/"},{"@type":"ListItem","position":4,"name":"Meditation"}]},{"@type":"WebSite","@id":"https:\/\/fmrq.qc.ca\/en\/#website","url":"https:\/\/fmrq.qc.ca\/en\/","name":"FMRQ","description":"F\u00e9d\u00e9ration des m\u00e9decins r\u00e9sidents du Qu\u00e9bec","publisher":{"@id":"https:\/\/fmrq.qc.ca\/en\/#organization"},"potentialAction":[{"@type":"SearchAction","target":{"@type":"EntryPoint","urlTemplate":"https:\/\/fmrq.qc.ca\/en\/?s={search_term_string}"},"query-input":{"@type":"PropertyValueSpecification","valueRequired":true,"valueName":"search_term_string"}}],"inLanguage":"en-US"},{"@type":"Organization","@id":"https:\/\/fmrq.qc.ca\/en\/#organization","name":"FMRQ","url":"https:\/\/fmrq.qc.ca\/en\/","logo":{"@type":"ImageObject","inLanguage":"en-US","@id":"https:\/\/fmrq.qc.ca\/en\/#\/schema\/logo\/image\/","url":"https:\/\/fmrq.qc.ca\/wp-content\/uploads\/2020\/05\/logo-fmrq.png","contentUrl":"https:\/\/fmrq.qc.ca\/wp-content\/uploads\/2020\/05\/logo-fmrq.png","width":264,"height":57,"caption":"FMRQ"},"image":{"@id":"https:\/\/fmrq.qc.ca\/en\/#\/schema\/logo\/image\/"}}]}},"publishpress_future_action":{"enabled":false,"date":"2026-04-21 14:07:34","action":"change-status","newStatus":"draft","terms":[],"taxonomy":"translation_priority","extraData":[]},"publishpress_future_workflow_manual_trigger":{"enabledWorkflows":[]},"_links":{"self":[{"href":"https:\/\/fmrq.qc.ca\/en\/wp-json\/wp\/v2\/pages\/14344","targetHints":{"allow":["GET"]}}],"collection":[{"href":"https:\/\/fmrq.qc.ca\/en\/wp-json\/wp\/v2\/pages"}],"about":[{"href":"https:\/\/fmrq.qc.ca\/en\/wp-json\/wp\/v2\/types\/page"}],"author":[{"embeddable":true,"href":"https:\/\/fmrq.qc.ca\/en\/wp-json\/wp\/v2\/users\/1"}],"replies":[{"embeddable":true,"href":"https:\/\/fmrq.qc.ca\/en\/wp-json\/wp\/v2\/comments?post=14344"}],"version-history":[{"count":5,"href":"https:\/\/fmrq.qc.ca\/en\/wp-json\/wp\/v2\/pages\/14344\/revisions"}],"predecessor-version":[{"id":14727,"href":"https:\/\/fmrq.qc.ca\/en\/wp-json\/wp\/v2\/pages\/14344\/revisions\/14727"}],"up":[{"embeddable":true,"href":"https:\/\/fmrq.qc.ca\/en\/wp-json\/wp\/v2\/pages\/9071"}],"wp:attachment":[{"href":"https:\/\/fmrq.qc.ca\/en\/wp-json\/wp\/v2\/media?parent=14344"}],"curies":[{"name":"wp","href":"https:\/\/api.w.org\/{rel}","templated":true}]}}