{"id":14477,"date":"2022-06-27T14:31:43","date_gmt":"2022-06-27T18:31:43","guid":{"rendered":"https:\/\/fmrq.qc.ca\/?page_id=14477"},"modified":"2022-06-27T15:57:30","modified_gmt":"2022-06-27T19:57:30","slug":"books-meditation","status":"publish","type":"page","link":"https:\/\/fmrq.qc.ca\/en\/wellness-support\/apps-podcasts-books\/books-meditation\/","title":{"rendered":"Meditation"},"content":{"rendered":"<div data-elementor-type=\"wp-page\" data-elementor-id=\"14477\" class=\"elementor elementor-14477 elementor-14476\" data-elementor-post-type=\"page\">\n\t\t\t\t\t\t<section class=\"elementor-section elementor-top-section elementor-element elementor-element-8b7ef9a elementor-section-boxed elementor-section-height-default elementor-section-height-default\" data-id=\"8b7ef9a\" data-element_type=\"section\" data-e-type=\"section\" data-settings=\"{&quot;jet_parallax_layout_list&quot;:[],&quot;background_background&quot;:&quot;classic&quot;}\">\n\t\t\t\t\t\t<div class=\"elementor-container elementor-column-gap-no\">\n\t\t\t\t\t<div class=\"elementor-column elementor-col-100 elementor-top-column elementor-element elementor-element-cab6a89\" data-id=\"cab6a89\" data-element_type=\"column\" data-e-type=\"column\">\n\t\t\t<div class=\"elementor-widget-wrap elementor-element-populated\">\n\t\t\t\t\t\t<div class=\"elementor-element elementor-element-125fa4a elementor-widget elementor-widget-template\" data-id=\"125fa4a\" data-element_type=\"widget\" data-e-type=\"widget\" data-widget_type=\"template.default\">\n\t\t\t\t<div class=\"elementor-widget-container\">\n\t\t\t\t\t\t\t<div class=\"elementor-template\">\n\t\t\t\t\t<div data-elementor-type=\"section\" data-elementor-id=\"1188\" class=\"elementor elementor-1188\" data-elementor-post-type=\"elementor_library\">\n\t\t\t\t\t<section class=\"elementor-section elementor-top-section elementor-element elementor-element-05b0368 elementor-section-stretched section-breadcrumb elementor-section-boxed elementor-section-height-default elementor-section-height-default\" data-id=\"05b0368\" data-element_type=\"section\" data-e-type=\"section\" data-settings=\"{&quot;jet_parallax_layout_list&quot;:[],&quot;background_background&quot;:&quot;classic&quot;,&quot;stretch_section&quot;:&quot;section-stretched&quot;}\">\n\t\t\t\t\t\t<div class=\"elementor-container elementor-column-gap-default\">\n\t\t\t\t\t<div class=\"elementor-column elementor-col-100 elementor-top-column elementor-element elementor-element-fa3919d\" data-id=\"fa3919d\" data-element_type=\"column\" data-e-type=\"column\">\n\t\t\t<div class=\"elementor-widget-wrap elementor-element-populated\">\n\t\t\t\t\t\t<div class=\"elementor-element elementor-element-c736c96 elementor-widget elementor-widget-breadcrumbs\" data-id=\"c736c96\" data-element_type=\"widget\" data-e-type=\"widget\" data-widget_type=\"breadcrumbs.default\">\n\t\t\t\t<div class=\"elementor-widget-container\">\n\t\t\t\t\t<p id=\"breadcrumbs\"><span><span><a href=\"https:\/\/fmrq.qc.ca\/en\/\">Home<\/a><\/span><\/span><\/p>\t\t\t\t<\/div>\n\t\t\t\t<\/div>\n\t\t\t\t\t<\/div>\n\t\t<\/div>\n\t\t\t\t\t<\/div>\n\t\t<\/section>\n\t\t\t\t<\/div>\n\t\t\t\t<\/div>\n\t\t\t\t\t\t<\/div>\n\t\t\t\t<\/div>\n\t\t\t\t\t<\/div>\n\t\t<\/div>\n\t\t\t\t\t<\/div>\n\t\t<\/section>\n\t\t\t\t<section class=\"elementor-section elementor-top-section elementor-element elementor-element-995b4af elementor-section-height-min-height hero elementor-section-boxed elementor-section-height-default elementor-section-items-middle\" data-id=\"995b4af\" data-element_type=\"section\" data-e-type=\"section\" data-settings=\"{&quot;jet_parallax_layout_list&quot;:[],&quot;background_background&quot;:&quot;classic&quot;}\">\n\t\t\t\t\t\t\t<div class=\"elementor-background-overlay\"><\/div>\n\t\t\t\t\t\t\t<div class=\"elementor-container elementor-column-gap-default\">\n\t\t\t\t\t<div class=\"elementor-column elementor-col-100 elementor-top-column elementor-element elementor-element-a87e51b\" data-id=\"a87e51b\" data-element_type=\"column\" data-e-type=\"column\">\n\t\t\t<div class=\"elementor-widget-wrap elementor-element-populated\">\n\t\t\t\t\t\t<div class=\"elementor-element elementor-element-86df6f9 elementor-widget elementor-widget-heading\" data-id=\"86df6f9\" data-element_type=\"widget\" data-e-type=\"widget\" data-widget_type=\"heading.default\">\n\t\t\t\t<div class=\"elementor-widget-container\">\n\t\t\t\t\t<div class=\"elementor-heading-title elementor-size-default\">-&nbsp;Apps, Podcasts, Books&nbsp;-<\/div>\t\t\t\t<\/div>\n\t\t\t\t<\/div>\n\t\t\t\t<div class=\"elementor-element elementor-element-f6e85e7 elementor-widget elementor-widget-heading\" data-id=\"f6e85e7\" data-element_type=\"widget\" data-e-type=\"widget\" data-widget_type=\"heading.default\">\n\t\t\t\t<div class=\"elementor-widget-container\">\n\t\t\t\t\t<h1 class=\"elementor-heading-title elementor-size-default\">Meditation<\/h1>\t\t\t\t<\/div>\n\t\t\t\t<\/div>\n\t\t\t\t\t<\/div>\n\t\t<\/div>\n\t\t\t\t\t<\/div>\n\t\t<\/section>\n\t\t\t\t<section class=\"elementor-section elementor-top-section elementor-element elementor-element-1c6c562 pv100 elementor-section-boxed elementor-section-height-default elementor-section-height-default\" data-id=\"1c6c562\" data-element_type=\"section\" data-e-type=\"section\" data-settings=\"{&quot;jet_parallax_layout_list&quot;:[]}\">\n\t\t\t\t\t\t<div class=\"elementor-container elementor-column-gap-default\">\n\t\t\t\t\t<div class=\"elementor-column elementor-col-100 elementor-top-column elementor-element elementor-element-a3f486a menu-col-r\" data-id=\"a3f486a\" data-element_type=\"column\" data-e-type=\"column\">\n\t\t\t<div class=\"elementor-widget-wrap elementor-element-populated\">\n\t\t\t\t\t\t<div class=\"elementor-element elementor-element-b032ba6 elementor-position-left elementor-vertical-align-top elementor-widget elementor-widget-image-box\" data-id=\"b032ba6\" data-element_type=\"widget\" data-e-type=\"widget\" data-widget_type=\"image-box.default\">\n\t\t\t\t<div class=\"elementor-widget-container\">\n\t\t\t\t\t<div class=\"elementor-image-box-wrapper\"><figure class=\"elementor-image-box-img\"><a href=\"https:\/\/www.chapters.indigo.ca\/en-ca\/books\/unplug-a-simple-guide-to\/9781101905364-item.html?ref=shop%3abooks%3abookscathea%3ahealth-category-new-hot%3a4%3a\" target=\"_blank\" rel=\"nofollow\" tabindex=\"-1\"><img fetchpriority=\"high\" decoding=\"async\" width=\"211\" height=\"300\" src=\"https:\/\/fmrq.qc.ca\/wp-content\/uploads\/2022\/06\/unplug_1-211x300.jpg\" class=\"attachment-medium size-medium wp-image-14479\" alt=\"\" srcset=\"https:\/\/fmrq.qc.ca\/wp-content\/uploads\/2022\/06\/unplug_1-211x300.jpg 211w, https:\/\/fmrq.qc.ca\/wp-content\/uploads\/2022\/06\/unplug_1.jpg 362w\" sizes=\"(max-width: 211px) 100vw, 211px\"\/><\/a><\/figure><div class=\"elementor-image-box-content\"><h2 class=\"elementor-image-box-title\"><a href=\"https:\/\/www.chapters.indigo.ca\/en-ca\/books\/unplug-a-simple-guide-to\/9781101905364-item.html?ref=shop%3abooks%3abookscathea%3ahealth-category-new-hot%3a4%3a\" target=\"_blank\" rel=\"nofollow\">Unplug: a simple guide to meditation for busy skeptics and modern soul seekers<\/a><\/h2><p class=\"elementor-image-box-description\"><span style=\"font-weight: 600\">Suze Yalof Schwartz, Debra Goldstein<\/span><br>\nHealthier life is to hurry up and slow down, to unplug. Studies show that you can get more done and do it better by doing less, just by consciously unplugging for a few minutes each day and meditating.  Schwartz debunks the common misperceptions about meditation, including the notion that you need to sit still for long periods of time, or that you need to &quot;turn off your brain.&quot; She also shares the life-changing benefits you will experience, the proven science of how meditation literally changes your brain, as well as easy techniques and tips to easily incorporate meditation into your daily life.<\/p><\/div><\/div>\t\t\t\t<\/div>\n\t\t\t\t<\/div>\n\t\t\t\t<div class=\"elementor-element elementor-element-016397f sep-article elementor-widget elementor-widget-spacer\" data-id=\"016397f\" data-element_type=\"widget\" data-e-type=\"widget\" data-widget_type=\"spacer.default\">\n\t\t\t\t<div class=\"elementor-widget-container\">\n\t\t\t\t\t\t\t<div class=\"elementor-spacer\">\n\t\t\t<div class=\"elementor-spacer-inner\"><\/div>\n\t\t<\/div>\n\t\t\t\t\t\t<\/div>\n\t\t\t\t<\/div>\n\t\t\t\t<div class=\"elementor-element elementor-element-9cad797 elementor-position-left elementor-vertical-align-top elementor-widget elementor-widget-image-box\" data-id=\"9cad797\" data-element_type=\"widget\" data-e-type=\"widget\" data-widget_type=\"image-box.default\">\n\t\t\t\t<div class=\"elementor-widget-container\">\n\t\t\t\t\t<div class=\"elementor-image-box-wrapper\"><figure class=\"elementor-image-box-img\"><a href=\"https:\/\/www.chapters.indigo.ca\/en-ca\/books\/mindfulness-on-the-run-quick\/9781925335033-item.html\" target=\"_blank\" rel=\"nofollow\" tabindex=\"-1\"><img decoding=\"async\" width=\"196\" height=\"300\" src=\"https:\/\/fmrq.qc.ca\/wp-content\/uploads\/2022\/06\/mindfullness-on-the-run_1-196x300.jpg\" class=\"attachment-medium size-medium wp-image-14792\" alt=\"\" srcset=\"https:\/\/fmrq.qc.ca\/wp-content\/uploads\/2022\/06\/mindfullness-on-the-run_1-196x300.jpg 196w, https:\/\/fmrq.qc.ca\/wp-content\/uploads\/2022\/06\/mindfullness-on-the-run_1.jpg 336w\" sizes=\"(max-width: 196px) 100vw, 196px\"\/><\/a><\/figure><div class=\"elementor-image-box-content\"><h2 class=\"elementor-image-box-title\"><a href=\"https:\/\/www.chapters.indigo.ca\/en-ca\/books\/mindfulness-on-the-run-quick\/9781925335033-item.html\" target=\"_blank\" rel=\"nofollow\">Mindfulness on the run : quick, effective mindfulness techniques for busy people<\/a><\/h2><p class=\"elementor-image-box-description\"><span style=\"font-weight: 600\">Chantal Hofstee<\/span><br>\nWe all know how good mindfulness practice is for us, but how do you implement it in your life if you're so busy you simply don't have time for anything else? This is precisely where Mindfulness on the Run can help! As a busy psychologist, wife and mother, author Chantal Hofstee has developed a quick, effective program that enables you to slot mindfulness into your life without the need for formal meditation practice. The result will be a calmer mind, less stress, more focus, greater productivity, increased efficiency, enhanced creativity, and most importantly, a happier, more enjoyable life. Mindfulness on the Run is accessible, entertaining and written with heart. Packed full of practical exercises that can be done in minutes, anywhere, anytime, this is mindfulness for those on the move.<\/p><\/div><\/div>\t\t\t\t<\/div>\n\t\t\t\t<\/div>\n\t\t\t\t<div class=\"elementor-element elementor-element-05e2aca sep-article elementor-widget elementor-widget-spacer\" data-id=\"05e2aca\" data-element_type=\"widget\" data-e-type=\"widget\" data-widget_type=\"spacer.default\">\n\t\t\t\t<div class=\"elementor-widget-container\">\n\t\t\t\t\t\t\t<div class=\"elementor-spacer\">\n\t\t\t<div class=\"elementor-spacer-inner\"><\/div>\n\t\t<\/div>\n\t\t\t\t\t\t<\/div>\n\t\t\t\t<\/div>\n\t\t\t\t<div class=\"elementor-element elementor-element-d80c555 elementor-position-left elementor-vertical-align-top elementor-widget elementor-widget-image-box\" data-id=\"d80c555\" data-element_type=\"widget\" data-e-type=\"widget\" data-widget_type=\"image-box.default\">\n\t\t\t\t<div class=\"elementor-widget-container\">\n\t\t\t\t\t<div class=\"elementor-image-box-wrapper\"><figure class=\"elementor-image-box-img\"><a href=\"https:\/\/www.chapters.indigo.ca\/en-ca\/books\/meditation-for-fidgety-skeptics-a\/9780399588945-item.html?ref=by-shop%3abooks%3atoptens-yourbestself%3atop-10-your-best-self%3a6%3a\" target=\"_blank\" rel=\"nofollow\" tabindex=\"-1\"><img decoding=\"async\" width=\"199\" height=\"300\" src=\"https:\/\/fmrq.qc.ca\/wp-content\/uploads\/2022\/06\/meditation-for-fidgety-skeptics_1-199x300.jpg\" class=\"attachment-medium size-medium wp-image-14485\" alt=\"\" srcset=\"https:\/\/fmrq.qc.ca\/wp-content\/uploads\/2022\/06\/meditation-for-fidgety-skeptics_1-199x300.jpg 199w, https:\/\/fmrq.qc.ca\/wp-content\/uploads\/2022\/06\/meditation-for-fidgety-skeptics_1.jpg 342w\" sizes=\"(max-width: 199px) 100vw, 199px\"\/><\/a><\/figure><div class=\"elementor-image-box-content\"><h2 class=\"elementor-image-box-title\"><a href=\"https:\/\/www.chapters.indigo.ca\/en-ca\/books\/meditation-for-fidgety-skeptics-a\/9780399588945-item.html?ref=by-shop%3abooks%3atoptens-yourbestself%3atop-10-your-best-self%3a6%3a\" target=\"_blank\" rel=\"nofollow\">Meditation for Fidgety Skeptics<\/a><\/h2><p class=\"elementor-image-box-description\"><span style=\"font-weight: 600\">Dan Harris<\/span><br>\nABC News anchor Dan Harris used to think that meditation was for people who collect crystals, play Ultimate Frisbee, and use the word &ldquo;namaste&rdquo; without irony. After he had a panic attack on live television, he went on a strange and circuitous journey that ultimately led him to become one of meditation&rsquo;s most vocal public proponents.           \nHere&rsquo;s what he&rsquo;s fixated on now: Science suggests that meditation can lower blood pressure, mitigate depression and anxiety, and literally rewire key parts of the brain, among numerous other benefits. This book is filled with game-changing and deeply practical meditation instructions.<\/p><\/div><\/div>\t\t\t\t<\/div>\n\t\t\t\t<\/div>\n\t\t\t\t\t<\/div>\n\t\t<\/div>\n\t\t\t\t\t<\/div>\n\t\t<\/section>\n\t\t\t\t<\/div>\n\t\t","protected":false},"excerpt":{"rendered":"<p>Unplug: a simple guide to meditation for busy skeptics and modern soul seekers Suze Yalof Schwartz, Debra Goldstein Healthier life&hellip;<\/p>\n","protected":false},"author":1,"featured_media":0,"parent":9071,"menu_order":2,"comment_status":"closed","ping_status":"closed","template":"elementor_header_footer","meta":{"_acf_changed":false,"footnotes":""},"class_list":["post-14477","page","type-page","status-publish","hentry"],"acf":[],"yoast_head":"<!-- This site is optimized with the Yoast SEO plugin v26.9 - https:\/\/yoast.com\/product\/yoast-seo-wordpress\/ -->\n<title>Meditation - FMRQ<\/title>\n<meta name=\"robots\" content=\"index, follow, max-snippet:-1, max-image-preview:large, max-video-preview:-1\" \/>\n<link rel=\"canonical\" href=\"https:\/\/fmrq.qc.ca\/en\/wellness-support\/apps-podcasts-books\/books-meditation\/\" \/>\n<meta property=\"og:locale\" content=\"en_US\" \/>\n<meta property=\"og:type\" content=\"article\" \/>\n<meta property=\"og:title\" content=\"Meditation - FMRQ\" \/>\n<meta property=\"og:description\" content=\"Unplug: a simple guide to meditation for busy skeptics and modern soul seekers Suze Yalof Schwartz, Debra Goldstein Healthier life...\" \/>\n<meta property=\"og:url\" content=\"https:\/\/fmrq.qc.ca\/en\/wellness-support\/apps-podcasts-books\/books-meditation\/\" \/>\n<meta property=\"og:site_name\" content=\"FMRQ\" \/>\n<meta property=\"article:modified_time\" content=\"2022-06-27T19:57:30+00:00\" \/>\n<meta property=\"og:image\" content=\"https:\/\/fmrq.qc.ca\/wp-content\/uploads\/2022\/06\/unplug_1-211x300.jpg\" \/>\n<meta name=\"twitter:card\" content=\"summary_large_image\" \/>\n<meta name=\"twitter:label1\" content=\"Est. reading time\" \/>\n\t<meta name=\"twitter:data1\" content=\"3 minutes\" \/>\n<script type=\"application\/ld+json\" class=\"yoast-schema-graph\">{\"@context\":\"https:\/\/schema.org\",\"@graph\":[{\"@type\":\"WebPage\",\"@id\":\"https:\/\/fmrq.qc.ca\/en\/wellness-support\/apps-podcasts-books\/books-meditation\/\",\"url\":\"https:\/\/fmrq.qc.ca\/en\/wellness-support\/apps-podcasts-books\/books-meditation\/\",\"name\":\"Meditation - FMRQ\",\"isPartOf\":{\"@id\":\"https:\/\/fmrq.qc.ca\/en\/#website\"},\"primaryImageOfPage\":{\"@id\":\"https:\/\/fmrq.qc.ca\/en\/wellness-support\/apps-podcasts-books\/books-meditation\/#primaryimage\"},\"image\":{\"@id\":\"https:\/\/fmrq.qc.ca\/en\/wellness-support\/apps-podcasts-books\/books-meditation\/#primaryimage\"},\"thumbnailUrl\":\"https:\/\/fmrq.qc.ca\/wp-content\/uploads\/2022\/06\/unplug_1-211x300.jpg\",\"datePublished\":\"2022-06-27T18:31:43+00:00\",\"dateModified\":\"2022-06-27T19:57:30+00:00\",\"breadcrumb\":{\"@id\":\"https:\/\/fmrq.qc.ca\/en\/wellness-support\/apps-podcasts-books\/books-meditation\/#breadcrumb\"},\"inLanguage\":\"en-US\",\"potentialAction\":[{\"@type\":\"ReadAction\",\"target\":[\"https:\/\/fmrq.qc.ca\/en\/wellness-support\/apps-podcasts-books\/books-meditation\/\"]}]},{\"@type\":\"ImageObject\",\"inLanguage\":\"en-US\",\"@id\":\"https:\/\/fmrq.qc.ca\/en\/wellness-support\/apps-podcasts-books\/books-meditation\/#primaryimage\",\"url\":\"https:\/\/fmrq.qc.ca\/wp-content\/uploads\/2022\/06\/unplug_1-211x300.jpg\",\"contentUrl\":\"https:\/\/fmrq.qc.ca\/wp-content\/uploads\/2022\/06\/unplug_1-211x300.jpg\"},{\"@type\":\"BreadcrumbList\",\"@id\":\"https:\/\/fmrq.qc.ca\/en\/wellness-support\/apps-podcasts-books\/books-meditation\/#breadcrumb\",\"itemListElement\":[{\"@type\":\"ListItem\",\"position\":1,\"name\":\"Home\",\"item\":\"https:\/\/fmrq.qc.ca\/en\/\"},{\"@type\":\"ListItem\",\"position\":2,\"name\":\"Wellness support\",\"item\":\"https:\/\/fmrq.qc.ca\/en\/wellness-support\/\"},{\"@type\":\"ListItem\",\"position\":3,\"name\":\"Apps, Podcasts, Books\",\"item\":\"https:\/\/fmrq.qc.ca\/en\/soutien-au-bien-etre\/applis-balados-livres\/\"},{\"@type\":\"ListItem\",\"position\":4,\"name\":\"Meditation\"}]},{\"@type\":\"WebSite\",\"@id\":\"https:\/\/fmrq.qc.ca\/en\/#website\",\"url\":\"https:\/\/fmrq.qc.ca\/en\/\",\"name\":\"FMRQ\",\"description\":\"F\u00e9d\u00e9ration des m\u00e9decins r\u00e9sidents du Qu\u00e9bec\",\"publisher\":{\"@id\":\"https:\/\/fmrq.qc.ca\/en\/#organization\"},\"potentialAction\":[{\"@type\":\"SearchAction\",\"target\":{\"@type\":\"EntryPoint\",\"urlTemplate\":\"https:\/\/fmrq.qc.ca\/en\/?s={search_term_string}\"},\"query-input\":{\"@type\":\"PropertyValueSpecification\",\"valueRequired\":true,\"valueName\":\"search_term_string\"}}],\"inLanguage\":\"en-US\"},{\"@type\":\"Organization\",\"@id\":\"https:\/\/fmrq.qc.ca\/en\/#organization\",\"name\":\"FMRQ\",\"url\":\"https:\/\/fmrq.qc.ca\/en\/\",\"logo\":{\"@type\":\"ImageObject\",\"inLanguage\":\"en-US\",\"@id\":\"https:\/\/fmrq.qc.ca\/en\/#\/schema\/logo\/image\/\",\"url\":\"https:\/\/fmrq.qc.ca\/wp-content\/uploads\/2020\/05\/logo-fmrq.png\",\"contentUrl\":\"https:\/\/fmrq.qc.ca\/wp-content\/uploads\/2020\/05\/logo-fmrq.png\",\"width\":264,\"height\":57,\"caption\":\"FMRQ\"},\"image\":{\"@id\":\"https:\/\/fmrq.qc.ca\/en\/#\/schema\/logo\/image\/\"}}]}<\/script>\n<!-- \/ Yoast SEO plugin. -->","yoast_head_json":{"title":"Meditation - FMRQ","robots":{"index":"index","follow":"follow","max-snippet":"max-snippet:-1","max-image-preview":"max-image-preview:large","max-video-preview":"max-video-preview:-1"},"canonical":"https:\/\/fmrq.qc.ca\/en\/wellness-support\/apps-podcasts-books\/books-meditation\/","og_locale":"en_US","og_type":"article","og_title":"Meditation - FMRQ","og_description":"Unplug: a simple guide to meditation for busy skeptics and modern soul seekers Suze Yalof Schwartz, Debra Goldstein Healthier life...","og_url":"https:\/\/fmrq.qc.ca\/en\/wellness-support\/apps-podcasts-books\/books-meditation\/","og_site_name":"FMRQ","article_modified_time":"2022-06-27T19:57:30+00:00","og_image":[{"url":"https:\/\/fmrq.qc.ca\/wp-content\/uploads\/2022\/06\/unplug_1-211x300.jpg","type":"","width":"","height":""}],"twitter_card":"summary_large_image","twitter_misc":{"Est. reading time":"3 minutes"},"schema":{"@context":"https:\/\/schema.org","@graph":[{"@type":"WebPage","@id":"https:\/\/fmrq.qc.ca\/en\/wellness-support\/apps-podcasts-books\/books-meditation\/","url":"https:\/\/fmrq.qc.ca\/en\/wellness-support\/apps-podcasts-books\/books-meditation\/","name":"Meditation - FMRQ","isPartOf":{"@id":"https:\/\/fmrq.qc.ca\/en\/#website"},"primaryImageOfPage":{"@id":"https:\/\/fmrq.qc.ca\/en\/wellness-support\/apps-podcasts-books\/books-meditation\/#primaryimage"},"image":{"@id":"https:\/\/fmrq.qc.ca\/en\/wellness-support\/apps-podcasts-books\/books-meditation\/#primaryimage"},"thumbnailUrl":"https:\/\/fmrq.qc.ca\/wp-content\/uploads\/2022\/06\/unplug_1-211x300.jpg","datePublished":"2022-06-27T18:31:43+00:00","dateModified":"2022-06-27T19:57:30+00:00","breadcrumb":{"@id":"https:\/\/fmrq.qc.ca\/en\/wellness-support\/apps-podcasts-books\/books-meditation\/#breadcrumb"},"inLanguage":"en-US","potentialAction":[{"@type":"ReadAction","target":["https:\/\/fmrq.qc.ca\/en\/wellness-support\/apps-podcasts-books\/books-meditation\/"]}]},{"@type":"ImageObject","inLanguage":"en-US","@id":"https:\/\/fmrq.qc.ca\/en\/wellness-support\/apps-podcasts-books\/books-meditation\/#primaryimage","url":"https:\/\/fmrq.qc.ca\/wp-content\/uploads\/2022\/06\/unplug_1-211x300.jpg","contentUrl":"https:\/\/fmrq.qc.ca\/wp-content\/uploads\/2022\/06\/unplug_1-211x300.jpg"},{"@type":"BreadcrumbList","@id":"https:\/\/fmrq.qc.ca\/en\/wellness-support\/apps-podcasts-books\/books-meditation\/#breadcrumb","itemListElement":[{"@type":"ListItem","position":1,"name":"Home","item":"https:\/\/fmrq.qc.ca\/en\/"},{"@type":"ListItem","position":2,"name":"Wellness support","item":"https:\/\/fmrq.qc.ca\/en\/wellness-support\/"},{"@type":"ListItem","position":3,"name":"Apps, Podcasts, Books","item":"https:\/\/fmrq.qc.ca\/en\/soutien-au-bien-etre\/applis-balados-livres\/"},{"@type":"ListItem","position":4,"name":"Meditation"}]},{"@type":"WebSite","@id":"https:\/\/fmrq.qc.ca\/en\/#website","url":"https:\/\/fmrq.qc.ca\/en\/","name":"FMRQ","description":"F\u00e9d\u00e9ration des m\u00e9decins r\u00e9sidents du Qu\u00e9bec","publisher":{"@id":"https:\/\/fmrq.qc.ca\/en\/#organization"},"potentialAction":[{"@type":"SearchAction","target":{"@type":"EntryPoint","urlTemplate":"https:\/\/fmrq.qc.ca\/en\/?s={search_term_string}"},"query-input":{"@type":"PropertyValueSpecification","valueRequired":true,"valueName":"search_term_string"}}],"inLanguage":"en-US"},{"@type":"Organization","@id":"https:\/\/fmrq.qc.ca\/en\/#organization","name":"FMRQ","url":"https:\/\/fmrq.qc.ca\/en\/","logo":{"@type":"ImageObject","inLanguage":"en-US","@id":"https:\/\/fmrq.qc.ca\/en\/#\/schema\/logo\/image\/","url":"https:\/\/fmrq.qc.ca\/wp-content\/uploads\/2020\/05\/logo-fmrq.png","contentUrl":"https:\/\/fmrq.qc.ca\/wp-content\/uploads\/2020\/05\/logo-fmrq.png","width":264,"height":57,"caption":"FMRQ"},"image":{"@id":"https:\/\/fmrq.qc.ca\/en\/#\/schema\/logo\/image\/"}}]}},"publishpress_future_action":{"enabled":false,"date":"2026-04-21 14:11:44","action":"change-status","newStatus":"draft","terms":[],"taxonomy":"translation_priority","extraData":[]},"publishpress_future_workflow_manual_trigger":{"enabledWorkflows":[]},"_links":{"self":[{"href":"https:\/\/fmrq.qc.ca\/en\/wp-json\/wp\/v2\/pages\/14477","targetHints":{"allow":["GET"]}}],"collection":[{"href":"https:\/\/fmrq.qc.ca\/en\/wp-json\/wp\/v2\/pages"}],"about":[{"href":"https:\/\/fmrq.qc.ca\/en\/wp-json\/wp\/v2\/types\/page"}],"author":[{"embeddable":true,"href":"https:\/\/fmrq.qc.ca\/en\/wp-json\/wp\/v2\/users\/1"}],"replies":[{"embeddable":true,"href":"https:\/\/fmrq.qc.ca\/en\/wp-json\/wp\/v2\/comments?post=14477"}],"version-history":[{"count":8,"href":"https:\/\/fmrq.qc.ca\/en\/wp-json\/wp\/v2\/pages\/14477\/revisions"}],"predecessor-version":[{"id":14796,"href":"https:\/\/fmrq.qc.ca\/en\/wp-json\/wp\/v2\/pages\/14477\/revisions\/14796"}],"up":[{"embeddable":true,"href":"https:\/\/fmrq.qc.ca\/en\/wp-json\/wp\/v2\/pages\/9071"}],"wp:attachment":[{"href":"https:\/\/fmrq.qc.ca\/en\/wp-json\/wp\/v2\/media?parent=14477"}],"curies":[{"name":"wp","href":"https:\/\/api.w.org\/{rel}","templated":true}]}}