{"id":9475,"date":"2022-05-10T13:59:05","date_gmt":"2022-05-10T17:59:05","guid":{"rendered":"https:\/\/fmrq.qc.ca\/?page_id=9475"},"modified":"2022-06-06T13:37:45","modified_gmt":"2022-06-06T17:37:45","slug":"my-staff-physician-seems-to-be-picking-on-me","status":"publish","type":"page","link":"https:\/\/fmrq.qc.ca\/en\/wellness-support\/psychological-harassment\/my-staff-physician-seems-to-be-picking-on-me\/","title":{"rendered":"My staff physician seems to be picking on me"},"content":{"rendered":"<div data-elementor-type=\"wp-page\" data-elementor-id=\"9475\" class=\"elementor elementor-9475 elementor-9474\" data-elementor-post-type=\"page\">\n\t\t\t\t\t\t<section class=\"elementor-section elementor-top-section elementor-element elementor-element-8b7ef9a elementor-section-boxed elementor-section-height-default elementor-section-height-default\" data-id=\"8b7ef9a\" data-element_type=\"section\" data-e-type=\"section\" data-settings=\"{&quot;jet_parallax_layout_list&quot;:[],&quot;background_background&quot;:&quot;classic&quot;}\">\n\t\t\t\t\t\t<div class=\"elementor-container elementor-column-gap-no\">\n\t\t\t\t\t<div class=\"elementor-column elementor-col-100 elementor-top-column elementor-element elementor-element-cab6a89\" data-id=\"cab6a89\" data-element_type=\"column\" data-e-type=\"column\">\n\t\t\t<div class=\"elementor-widget-wrap elementor-element-populated\">\n\t\t\t\t\t\t<div class=\"elementor-element elementor-element-125fa4a elementor-widget elementor-widget-template\" data-id=\"125fa4a\" data-element_type=\"widget\" data-e-type=\"widget\" data-widget_type=\"template.default\">\n\t\t\t\t<div class=\"elementor-widget-container\">\n\t\t\t\t\t\t\t<div class=\"elementor-template\">\n\t\t\t\t\t<div data-elementor-type=\"section\" data-elementor-id=\"1188\" class=\"elementor elementor-1188\" data-elementor-post-type=\"elementor_library\">\n\t\t\t\t\t<section class=\"elementor-section elementor-top-section elementor-element elementor-element-05b0368 elementor-section-stretched section-breadcrumb elementor-section-boxed elementor-section-height-default elementor-section-height-default\" data-id=\"05b0368\" data-element_type=\"section\" data-e-type=\"section\" data-settings=\"{&quot;jet_parallax_layout_list&quot;:[],&quot;background_background&quot;:&quot;classic&quot;,&quot;stretch_section&quot;:&quot;section-stretched&quot;}\">\n\t\t\t\t\t\t<div class=\"elementor-container elementor-column-gap-default\">\n\t\t\t\t\t<div class=\"elementor-column elementor-col-100 elementor-top-column elementor-element elementor-element-fa3919d\" data-id=\"fa3919d\" data-element_type=\"column\" data-e-type=\"column\">\n\t\t\t<div class=\"elementor-widget-wrap elementor-element-populated\">\n\t\t\t\t\t\t<div class=\"elementor-element elementor-element-c736c96 elementor-widget elementor-widget-breadcrumbs\" data-id=\"c736c96\" data-element_type=\"widget\" data-e-type=\"widget\" data-widget_type=\"breadcrumbs.default\">\n\t\t\t\t<div class=\"elementor-widget-container\">\n\t\t\t\t\t<p id=\"breadcrumbs\"><span><span><a href=\"https:\/\/fmrq.qc.ca\/en\/\">Home<\/a><\/span><\/span><\/p>\t\t\t\t<\/div>\n\t\t\t\t<\/div>\n\t\t\t\t\t<\/div>\n\t\t<\/div>\n\t\t\t\t\t<\/div>\n\t\t<\/section>\n\t\t\t\t<\/div>\n\t\t\t\t<\/div>\n\t\t\t\t\t\t<\/div>\n\t\t\t\t<\/div>\n\t\t\t\t\t<\/div>\n\t\t<\/div>\n\t\t\t\t\t<\/div>\n\t\t<\/section>\n\t\t\t\t<section class=\"elementor-section elementor-top-section elementor-element elementor-element-995b4af elementor-section-height-min-height hero elementor-section-boxed elementor-section-height-default elementor-section-items-middle\" data-id=\"995b4af\" data-element_type=\"section\" data-e-type=\"section\" data-settings=\"{&quot;jet_parallax_layout_list&quot;:[],&quot;background_background&quot;:&quot;classic&quot;}\">\n\t\t\t\t\t\t\t<div class=\"elementor-background-overlay\"><\/div>\n\t\t\t\t\t\t\t<div class=\"elementor-container elementor-column-gap-default\">\n\t\t\t\t\t<div class=\"elementor-column elementor-col-100 elementor-top-column elementor-element elementor-element-a87e51b\" data-id=\"a87e51b\" data-element_type=\"column\" data-e-type=\"column\">\n\t\t\t<div class=\"elementor-widget-wrap elementor-element-populated\">\n\t\t\t\t\t\t<div class=\"elementor-element elementor-element-86df6f9 elementor-widget elementor-widget-heading\" data-id=\"86df6f9\" data-element_type=\"widget\" data-e-type=\"widget\" data-widget_type=\"heading.default\">\n\t\t\t\t<div class=\"elementor-widget-container\">\n\t\t\t\t\t<div class=\"elementor-heading-title elementor-size-default\">-&nbsp;Psychological harassment&nbsp;-<\/div>\t\t\t\t<\/div>\n\t\t\t\t<\/div>\n\t\t\t\t<div class=\"elementor-element elementor-element-f6e85e7 elementor-widget elementor-widget-heading\" data-id=\"f6e85e7\" data-element_type=\"widget\" data-e-type=\"widget\" data-widget_type=\"heading.default\">\n\t\t\t\t<div class=\"elementor-widget-container\">\n\t\t\t\t\t<h2 class=\"elementor-heading-title elementor-size-default\">My staff physician seems to be picking on me<\/h2>\t\t\t\t<\/div>\n\t\t\t\t<\/div>\n\t\t\t\t\t<\/div>\n\t\t<\/div>\n\t\t\t\t\t<\/div>\n\t\t<\/section>\n\t\t\t\t<section class=\"elementor-section elementor-top-section elementor-element elementor-element-1c6c562 pv100 elementor-section-boxed elementor-section-height-default elementor-section-height-default\" data-id=\"1c6c562\" data-element_type=\"section\" data-e-type=\"section\" data-settings=\"{&quot;jet_parallax_layout_list&quot;:[]}\">\n\t\t\t\t\t\t<div class=\"elementor-container elementor-column-gap-default\">\n\t\t\t\t\t<div class=\"elementor-column elementor-col-100 elementor-top-column elementor-element elementor-element-a3f486a menu-col-r\" data-id=\"a3f486a\" data-element_type=\"column\" data-e-type=\"column\">\n\t\t\t<div class=\"elementor-widget-wrap elementor-element-populated\">\n\t\t\t\t\t\t<div class=\"elementor-element elementor-element-0d9e451 elementor-widget elementor-widget-heading\" data-id=\"0d9e451\" data-element_type=\"widget\" data-e-type=\"widget\" data-widget_type=\"heading.default\">\n\t\t\t\t<div class=\"elementor-widget-container\">\n\t\t\t\t\t<h1 class=\"elementor-heading-title elementor-size-default\">Your staff physician is picking on you, but is that vexatious behaviour?<\/h1>\t\t\t\t<\/div>\n\t\t\t\t<\/div>\n\t\t\t\t<div class=\"elementor-element elementor-element-30c88a0 p-article elementor-widget elementor-widget-text-editor\" data-id=\"30c88a0\" data-element_type=\"widget\" data-e-type=\"widget\" data-widget_type=\"text-editor.default\">\n\t\t\t\t<div class=\"elementor-widget-container\">\n\t\t\t\t\t\t\t\t\t<p>In order to take appropriate steps, it&rsquo;s important to understand what constitutes vexatious behaviour and a damaging workplace. Here&rsquo;s a scenario:<\/p>\t\t\t\t\t\t\t\t<\/div>\n\t\t\t\t<\/div>\n\t\t\t\t<section class=\"elementor-section elementor-inner-section elementor-element elementor-element-8884d3f bloc-interpretation elementor-section-boxed elementor-section-height-default elementor-section-height-default\" data-id=\"8884d3f\" data-element_type=\"section\" data-e-type=\"section\" data-settings=\"{&quot;jet_parallax_layout_list&quot;:[],&quot;background_background&quot;:&quot;classic&quot;}\">\n\t\t\t\t\t\t<div class=\"elementor-container elementor-column-gap-default\">\n\t\t\t\t\t<div class=\"elementor-column elementor-col-100 elementor-inner-column elementor-element elementor-element-1031f56\" data-id=\"1031f56\" data-element_type=\"column\" data-e-type=\"column\">\n\t\t\t<div class=\"elementor-widget-wrap elementor-element-populated\">\n\t\t\t\t\t\t<div class=\"elementor-element elementor-element-e6a2aca p-article elementor-widget elementor-widget-text-editor\" data-id=\"e6a2aca\" data-element_type=\"widget\" data-e-type=\"widget\" data-widget_type=\"text-editor.default\">\n\t\t\t\t<div class=\"elementor-widget-container\">\n\t\t\t\t\t\t\t\t\t<p style=\"text-align: center;\">Today in the OR, my staff physician, Dr Mannerless, made another one of her usual comments to me! There we were, a fellow resident and I, just completing the procedure. Dr Mannerless asked me to do the suturing. I&rsquo;d barely done two sutures when she said to me: &ldquo;Look, you&rsquo;re taking a long time, even the clinical clerks can do a better job than you.&rdquo; She told me that in front of the other resident doctor, staff physicians, and nursing staff. It was so insulting! I can&rsquo;t work with that staff physician any longer, she&rsquo;s always doing that! &ldquo;Come on, don&rsquo;t be a baby, pull properly!&rdquo; or &ldquo;Oh, not that rookie again, have to do everything for her.&rdquo; A disparaging word every time I work with Dr Mannerless, just to put me off balance.<\/p>\t\t\t\t\t\t\t\t<\/div>\n\t\t\t\t<\/div>\n\t\t\t\t\t<\/div>\n\t\t<\/div>\n\t\t\t\t\t<\/div>\n\t\t<\/section>\n\t\t\t\t<div class=\"elementor-element elementor-element-0d9317a elementor-widget elementor-widget-heading\" data-id=\"0d9317a\" data-element_type=\"widget\" data-e-type=\"widget\" id=\"intervenir-efficacement-en-cas-de-harc&egrave;lement\" data-widget_type=\"heading.default\">\n\t\t\t\t<div class=\"elementor-widget-container\">\n\t\t\t\t\t<h2 class=\"elementor-heading-title elementor-size-default\">Denigrating remarks: vexatious conduct or not?<\/h2>\t\t\t\t<\/div>\n\t\t\t\t<\/div>\n\t\t\t\t<div class=\"elementor-element elementor-element-40910a4 elementor-widget elementor-widget-text-editor\" data-id=\"40910a4\" data-element_type=\"widget\" data-e-type=\"widget\" data-widget_type=\"text-editor.default\">\n\t\t\t\t<div class=\"elementor-widget-container\">\n\t\t\t\t\t\t\t\t\t<p>Vexatious conduct is defined as &ldquo;conduct that is humiliating or abusive for the person who suffers it, that hurts them in their self-esteem and cause (sic) them substantial distress. It is a behaviour that exceeds what a reasonable person considers appropriate at work.&rdquo;* Such conduct leads to consequences that infringe upon the dignity or psychological or physical integrity of the individual against whom these remarks are made, and to creating a damaging workplace for that individual.&nbsp;<\/p>\t\t\t\t\t\t\t\t<\/div>\n\t\t\t\t<\/div>\n\t\t\t\t<div class=\"elementor-element elementor-element-70fc8d9 elementor-widget elementor-widget-heading\" data-id=\"70fc8d9\" data-element_type=\"widget\" data-e-type=\"widget\" data-widget_type=\"heading.default\">\n\t\t\t\t<div class=\"elementor-widget-container\">\n\t\t\t\t\t<h2 class=\"elementor-heading-title elementor-size-default\">What is a damaging workplace?<\/h2>\t\t\t\t<\/div>\n\t\t\t\t<\/div>\n\t\t\t\t<div class=\"elementor-element elementor-element-64ab844 elementor-widget elementor-widget-text-editor\" data-id=\"64ab844\" data-element_type=\"widget\" data-e-type=\"widget\" data-widget_type=\"text-editor.default\">\n\t\t\t\t<div class=\"elementor-widget-container\">\n\t\t\t\t\t\t\t\t\t<p>By damaging is meant a harmful, detrimental, bad or unhealthy workplace. Human dignity is violated when a person is marginalized, ignored, or devalued.<br><br>To be able to talk of psychological harassment, the vexatious conduct has to be repetitive in nature, except in the case of extreme behaviour, such as physical violence or sexual misconduct. In such cases, a single event may constitute harassment.<\/p>\t\t\t\t\t\t\t\t<\/div>\n\t\t\t\t<\/div>\n\t\t\t\t<div class=\"elementor-element elementor-element-d82fa5b elementor-widget elementor-widget-heading\" data-id=\"d82fa5b\" data-element_type=\"widget\" data-e-type=\"widget\" data-widget_type=\"heading.default\">\n\t\t\t\t<div class=\"elementor-widget-container\">\n\t\t\t\t\t<h2 class=\"elementor-heading-title elementor-size-default\">Even when it happens only once, vexatious conduct is unacceptable<\/h2>\t\t\t\t<\/div>\n\t\t\t\t<\/div>\n\t\t\t\t<div class=\"elementor-element elementor-element-1d50b84 elementor-widget elementor-widget-text-editor\" data-id=\"1d50b84\" data-element_type=\"widget\" data-e-type=\"widget\" data-widget_type=\"text-editor.default\">\n\t\t\t\t<div class=\"elementor-widget-container\">\n\t\t\t\t\t\t\t\t\t<p>When vexatious conduct occurs only once (except in the case of extreme behaviour, as just mentioned), one can&rsquo;t talk of psychological harassment. The fact remains, though, that vexatious behaviour has a detrimental impact on the person experiencing it, and steps have to be taken to stop it.<\/p><p>In our example with Dr Mannerless, as the comments are made repeatedly, we&rsquo;re now in the realm of psychological harassment. In this case, the resident doctor is entitled to take formal measures to put a stop to this behaviour.<\/p>\t\t\t\t\t\t\t\t<\/div>\n\t\t\t\t<\/div>\n\t\t\t\t<div class=\"elementor-element elementor-element-fde629b elementor-widget elementor-widget-heading\" data-id=\"fde629b\" data-element_type=\"widget\" data-e-type=\"widget\" data-widget_type=\"heading.default\">\n\t\t\t\t<div class=\"elementor-widget-container\">\n\t\t\t\t\t<h2 class=\"elementor-heading-title elementor-size-default\">In light of what you&rsquo;ve just read, do you feel you&rsquo;re the victim of psychological harassment? <\/h2>\t\t\t\t<\/div>\n\t\t\t\t<\/div>\n\t\t\t\t<div class=\"elementor-element elementor-element-c8cf16f elementor-align-left elementor-tablet-align-left elementor-widget elementor-widget-button\" data-id=\"c8cf16f\" data-element_type=\"widget\" data-e-type=\"widget\" data-widget_type=\"button.default\">\n\t\t\t\t<div class=\"elementor-widget-container\">\n\t\t\t\t\t\t\t\t\t<div class=\"elementor-button-wrapper\">\n\t\t\t\t\t<a class=\"elementor-button elementor-button-link elementor-size-sm\" href=\"https:\/\/fmrq.qc.ca\/en\/wellness-support\/psychological-harassment\/psychological-harassment-according-to-the-law\/\">\n\t\t\t\t\t\t<span class=\"elementor-button-content-wrapper\">\n\t\t\t\t\t\t\t\t\t<span class=\"elementor-button-text\">Yes<\/span>\n\t\t\t\t\t<\/span>\n\t\t\t\t\t<\/a>\n\t\t\t\t<\/div>\n\t\t\t\t\t\t\t\t<\/div>\n\t\t\t\t<\/div>\n\t\t\t\t<div class=\"elementor-element elementor-element-94e1a0a elementor-align-left elementor-tablet-align-left elementor-widget elementor-widget-button\" data-id=\"94e1a0a\" data-element_type=\"widget\" data-e-type=\"widget\" data-widget_type=\"button.default\">\n\t\t\t\t<div class=\"elementor-widget-container\">\n\t\t\t\t\t\t\t\t\t<div class=\"elementor-button-wrapper\">\n\t\t\t\t\t<a class=\"elementor-button elementor-button-link elementor-size-sm\" href=\"https:\/\/fmrq.qc.ca\/en\/wellness-support\/psychological-harassment\/all-the-better-theres-no-psychological-harassment-but\/\">\n\t\t\t\t\t\t<span class=\"elementor-button-content-wrapper\">\n\t\t\t\t\t\t\t\t\t<span class=\"elementor-button-text\">No<\/span>\n\t\t\t\t\t<\/span>\n\t\t\t\t\t<\/a>\n\t\t\t\t<\/div>\n\t\t\t\t\t\t\t\t<\/div>\n\t\t\t\t<\/div>\n\t\t\t\t<div class=\"elementor-element elementor-element-5b937de elementor-widget elementor-widget-spacer\" data-id=\"5b937de\" data-element_type=\"widget\" data-e-type=\"widget\" data-widget_type=\"spacer.default\">\n\t\t\t\t<div class=\"elementor-widget-container\">\n\t\t\t\t\t\t\t<div class=\"elementor-spacer\">\n\t\t\t<div class=\"elementor-spacer-inner\"><\/div>\n\t\t<\/div>\n\t\t\t\t\t\t<\/div>\n\t\t\t\t<\/div>\n\t\t\t\t<div class=\"elementor-element elementor-element-742969f elementor-align-left elementor-tablet-align-left elementor-widget elementor-widget-button\" data-id=\"742969f\" data-element_type=\"widget\" data-e-type=\"widget\" data-widget_type=\"button.default\">\n\t\t\t\t<div class=\"elementor-widget-container\">\n\t\t\t\t\t\t\t\t\t<div class=\"elementor-button-wrapper\">\n\t\t\t\t\t<a class=\"elementor-button elementor-button-link elementor-size-sm\" href=\"https:\/\/fmrq.qc.ca\/en\/wellness-support\/psychological-harassment\/\">\n\t\t\t\t\t\t<span class=\"elementor-button-content-wrapper\">\n\t\t\t\t\t\t<span class=\"elementor-button-icon\">\n\t\t\t\t<i aria-hidden=\"true\" class=\"fas fa-chevron-left\"><\/i>\t\t\t<\/span>\n\t\t\t\t\t\t\t\t\t<span class=\"elementor-button-text\">Main page<\/span>\n\t\t\t\t\t<\/span>\n\t\t\t\t\t<\/a>\n\t\t\t\t<\/div>\n\t\t\t\t\t\t\t\t<\/div>\n\t\t\t\t<\/div>\n\t\t\t\t\t<\/div>\n\t\t<\/div>\n\t\t\t\t\t<\/div>\n\t\t<\/section>\n\t\t\t\t<\/div>\n\t\t","protected":false},"excerpt":{"rendered":"<p>Your staff physician is picking on you, but is that vexatious behaviour? In order to take appropriate steps, it&rsquo;s important&hellip;<\/p>\n","protected":false},"author":1,"featured_media":0,"parent":9027,"menu_order":2,"comment_status":"closed","ping_status":"closed","template":"elementor_header_footer","meta":{"_acf_changed":false,"footnotes":""},"class_list":["post-9475","page","type-page","status-publish","hentry"],"acf":[],"yoast_head":"<!-- This site is optimized with the Yoast SEO plugin v26.9 - https:\/\/yoast.com\/product\/yoast-seo-wordpress\/ -->\n<title>My staff physician seems to be picking on me - FMRQ<\/title>\n<meta name=\"robots\" content=\"index, follow, max-snippet:-1, max-image-preview:large, max-video-preview:-1\" \/>\n<link rel=\"canonical\" href=\"https:\/\/fmrq.qc.ca\/en\/wellness-support\/psychological-harassment\/my-staff-physician-seems-to-be-picking-on-me\/\" \/>\n<meta property=\"og:locale\" content=\"en_US\" \/>\n<meta property=\"og:type\" content=\"article\" \/>\n<meta property=\"og:title\" content=\"My staff physician seems to be picking on me - FMRQ\" \/>\n<meta property=\"og:description\" content=\"Your staff physician is picking on you, but is that vexatious behaviour? In order to take appropriate steps, it&rsquo;s important...\" \/>\n<meta property=\"og:url\" content=\"https:\/\/fmrq.qc.ca\/en\/wellness-support\/psychological-harassment\/my-staff-physician-seems-to-be-picking-on-me\/\" \/>\n<meta property=\"og:site_name\" content=\"FMRQ\" \/>\n<meta property=\"article:modified_time\" content=\"2022-06-06T17:37:45+00:00\" \/>\n<meta name=\"twitter:card\" content=\"summary_large_image\" \/>\n<meta name=\"twitter:label1\" content=\"Est. reading time\" \/>\n\t<meta name=\"twitter:data1\" content=\"3 minutes\" \/>\n<script type=\"application\/ld+json\" class=\"yoast-schema-graph\">{\"@context\":\"https:\/\/schema.org\",\"@graph\":[{\"@type\":\"WebPage\",\"@id\":\"https:\/\/fmrq.qc.ca\/en\/wellness-support\/psychological-harassment\/my-staff-physician-seems-to-be-picking-on-me\/\",\"url\":\"https:\/\/fmrq.qc.ca\/en\/wellness-support\/psychological-harassment\/my-staff-physician-seems-to-be-picking-on-me\/\",\"name\":\"My staff physician seems to be picking on me - FMRQ\",\"isPartOf\":{\"@id\":\"https:\/\/fmrq.qc.ca\/en\/#website\"},\"datePublished\":\"2022-05-10T17:59:05+00:00\",\"dateModified\":\"2022-06-06T17:37:45+00:00\",\"breadcrumb\":{\"@id\":\"https:\/\/fmrq.qc.ca\/en\/wellness-support\/psychological-harassment\/my-staff-physician-seems-to-be-picking-on-me\/#breadcrumb\"},\"inLanguage\":\"en-US\",\"potentialAction\":[{\"@type\":\"ReadAction\",\"target\":[\"https:\/\/fmrq.qc.ca\/en\/wellness-support\/psychological-harassment\/my-staff-physician-seems-to-be-picking-on-me\/\"]}]},{\"@type\":\"BreadcrumbList\",\"@id\":\"https:\/\/fmrq.qc.ca\/en\/wellness-support\/psychological-harassment\/my-staff-physician-seems-to-be-picking-on-me\/#breadcrumb\",\"itemListElement\":[{\"@type\":\"ListItem\",\"position\":1,\"name\":\"Home\",\"item\":\"https:\/\/fmrq.qc.ca\/en\/\"},{\"@type\":\"ListItem\",\"position\":2,\"name\":\"Wellness support\",\"item\":\"https:\/\/fmrq.qc.ca\/en\/wellness-support\/\"},{\"@type\":\"ListItem\",\"position\":3,\"name\":\"Psychological harassment\",\"item\":\"https:\/\/fmrq.qc.ca\/en\/soutien-au-bien-etre\/harcelement-psychologique\/\"},{\"@type\":\"ListItem\",\"position\":4,\"name\":\"My staff physician seems to be picking on me\"}]},{\"@type\":\"WebSite\",\"@id\":\"https:\/\/fmrq.qc.ca\/en\/#website\",\"url\":\"https:\/\/fmrq.qc.ca\/en\/\",\"name\":\"FMRQ\",\"description\":\"F\u00e9d\u00e9ration des m\u00e9decins r\u00e9sidents du Qu\u00e9bec\",\"publisher\":{\"@id\":\"https:\/\/fmrq.qc.ca\/en\/#organization\"},\"potentialAction\":[{\"@type\":\"SearchAction\",\"target\":{\"@type\":\"EntryPoint\",\"urlTemplate\":\"https:\/\/fmrq.qc.ca\/en\/?s={search_term_string}\"},\"query-input\":{\"@type\":\"PropertyValueSpecification\",\"valueRequired\":true,\"valueName\":\"search_term_string\"}}],\"inLanguage\":\"en-US\"},{\"@type\":\"Organization\",\"@id\":\"https:\/\/fmrq.qc.ca\/en\/#organization\",\"name\":\"FMRQ\",\"url\":\"https:\/\/fmrq.qc.ca\/en\/\",\"logo\":{\"@type\":\"ImageObject\",\"inLanguage\":\"en-US\",\"@id\":\"https:\/\/fmrq.qc.ca\/en\/#\/schema\/logo\/image\/\",\"url\":\"https:\/\/fmrq.qc.ca\/wp-content\/uploads\/2020\/05\/logo-fmrq.png\",\"contentUrl\":\"https:\/\/fmrq.qc.ca\/wp-content\/uploads\/2020\/05\/logo-fmrq.png\",\"width\":264,\"height\":57,\"caption\":\"FMRQ\"},\"image\":{\"@id\":\"https:\/\/fmrq.qc.ca\/en\/#\/schema\/logo\/image\/\"}}]}<\/script>\n<!-- \/ Yoast SEO plugin. -->","yoast_head_json":{"title":"My staff physician seems to be picking on me - FMRQ","robots":{"index":"index","follow":"follow","max-snippet":"max-snippet:-1","max-image-preview":"max-image-preview:large","max-video-preview":"max-video-preview:-1"},"canonical":"https:\/\/fmrq.qc.ca\/en\/wellness-support\/psychological-harassment\/my-staff-physician-seems-to-be-picking-on-me\/","og_locale":"en_US","og_type":"article","og_title":"My staff physician seems to be picking on me - FMRQ","og_description":"Your staff physician is picking on you, but is that vexatious behaviour? In order to take appropriate steps, it&rsquo;s important...","og_url":"https:\/\/fmrq.qc.ca\/en\/wellness-support\/psychological-harassment\/my-staff-physician-seems-to-be-picking-on-me\/","og_site_name":"FMRQ","article_modified_time":"2022-06-06T17:37:45+00:00","twitter_card":"summary_large_image","twitter_misc":{"Est. reading time":"3 minutes"},"schema":{"@context":"https:\/\/schema.org","@graph":[{"@type":"WebPage","@id":"https:\/\/fmrq.qc.ca\/en\/wellness-support\/psychological-harassment\/my-staff-physician-seems-to-be-picking-on-me\/","url":"https:\/\/fmrq.qc.ca\/en\/wellness-support\/psychological-harassment\/my-staff-physician-seems-to-be-picking-on-me\/","name":"My staff physician seems to be picking on me - FMRQ","isPartOf":{"@id":"https:\/\/fmrq.qc.ca\/en\/#website"},"datePublished":"2022-05-10T17:59:05+00:00","dateModified":"2022-06-06T17:37:45+00:00","breadcrumb":{"@id":"https:\/\/fmrq.qc.ca\/en\/wellness-support\/psychological-harassment\/my-staff-physician-seems-to-be-picking-on-me\/#breadcrumb"},"inLanguage":"en-US","potentialAction":[{"@type":"ReadAction","target":["https:\/\/fmrq.qc.ca\/en\/wellness-support\/psychological-harassment\/my-staff-physician-seems-to-be-picking-on-me\/"]}]},{"@type":"BreadcrumbList","@id":"https:\/\/fmrq.qc.ca\/en\/wellness-support\/psychological-harassment\/my-staff-physician-seems-to-be-picking-on-me\/#breadcrumb","itemListElement":[{"@type":"ListItem","position":1,"name":"Home","item":"https:\/\/fmrq.qc.ca\/en\/"},{"@type":"ListItem","position":2,"name":"Wellness support","item":"https:\/\/fmrq.qc.ca\/en\/wellness-support\/"},{"@type":"ListItem","position":3,"name":"Psychological harassment","item":"https:\/\/fmrq.qc.ca\/en\/soutien-au-bien-etre\/harcelement-psychologique\/"},{"@type":"ListItem","position":4,"name":"My staff physician seems to be picking on me"}]},{"@type":"WebSite","@id":"https:\/\/fmrq.qc.ca\/en\/#website","url":"https:\/\/fmrq.qc.ca\/en\/","name":"FMRQ","description":"F\u00e9d\u00e9ration des m\u00e9decins r\u00e9sidents du Qu\u00e9bec","publisher":{"@id":"https:\/\/fmrq.qc.ca\/en\/#organization"},"potentialAction":[{"@type":"SearchAction","target":{"@type":"EntryPoint","urlTemplate":"https:\/\/fmrq.qc.ca\/en\/?s={search_term_string}"},"query-input":{"@type":"PropertyValueSpecification","valueRequired":true,"valueName":"search_term_string"}}],"inLanguage":"en-US"},{"@type":"Organization","@id":"https:\/\/fmrq.qc.ca\/en\/#organization","name":"FMRQ","url":"https:\/\/fmrq.qc.ca\/en\/","logo":{"@type":"ImageObject","inLanguage":"en-US","@id":"https:\/\/fmrq.qc.ca\/en\/#\/schema\/logo\/image\/","url":"https:\/\/fmrq.qc.ca\/wp-content\/uploads\/2020\/05\/logo-fmrq.png","contentUrl":"https:\/\/fmrq.qc.ca\/wp-content\/uploads\/2020\/05\/logo-fmrq.png","width":264,"height":57,"caption":"FMRQ"},"image":{"@id":"https:\/\/fmrq.qc.ca\/en\/#\/schema\/logo\/image\/"}}]}},"publishpress_future_action":{"enabled":false,"date":"2026-04-21 14:13:15","action":"change-status","newStatus":"draft","terms":[],"taxonomy":"translation_priority","extraData":[]},"publishpress_future_workflow_manual_trigger":{"enabledWorkflows":[]},"_links":{"self":[{"href":"https:\/\/fmrq.qc.ca\/en\/wp-json\/wp\/v2\/pages\/9475","targetHints":{"allow":["GET"]}}],"collection":[{"href":"https:\/\/fmrq.qc.ca\/en\/wp-json\/wp\/v2\/pages"}],"about":[{"href":"https:\/\/fmrq.qc.ca\/en\/wp-json\/wp\/v2\/types\/page"}],"author":[{"embeddable":true,"href":"https:\/\/fmrq.qc.ca\/en\/wp-json\/wp\/v2\/users\/1"}],"replies":[{"embeddable":true,"href":"https:\/\/fmrq.qc.ca\/en\/wp-json\/wp\/v2\/comments?post=9475"}],"version-history":[{"count":12,"href":"https:\/\/fmrq.qc.ca\/en\/wp-json\/wp\/v2\/pages\/9475\/revisions"}],"predecessor-version":[{"id":12792,"href":"https:\/\/fmrq.qc.ca\/en\/wp-json\/wp\/v2\/pages\/9475\/revisions\/12792"}],"up":[{"embeddable":true,"href":"https:\/\/fmrq.qc.ca\/en\/wp-json\/wp\/v2\/pages\/9027"}],"wp:attachment":[{"href":"https:\/\/fmrq.qc.ca\/en\/wp-json\/wp\/v2\/media?parent=9475"}],"curies":[{"name":"wp","href":"https:\/\/api.w.org\/{rel}","templated":true}]}}