{"id":9487,"date":"2022-05-10T13:56:19","date_gmt":"2022-05-10T17:56:19","guid":{"rendered":"https:\/\/fmrq.qc.ca\/?page_id=9487"},"modified":"2022-06-17T15:40:16","modified_gmt":"2022-06-17T19:40:16","slug":"psychological-harassment-according-to-the-law","status":"publish","type":"page","link":"https:\/\/fmrq.qc.ca\/en\/wellness-support\/psychological-harassment\/psychological-harassment-according-to-the-law\/","title":{"rendered":"Psychological harassment, according to the law\u00a0"},"content":{"rendered":"<div data-elementor-type=\"wp-page\" data-elementor-id=\"9487\" class=\"elementor elementor-9487 elementor-9486\" data-elementor-post-type=\"page\">\n\t\t\t\t\t\t<section class=\"elementor-section elementor-top-section elementor-element elementor-element-8b7ef9a elementor-section-boxed elementor-section-height-default elementor-section-height-default\" data-id=\"8b7ef9a\" data-element_type=\"section\" data-e-type=\"section\" data-settings=\"{&quot;jet_parallax_layout_list&quot;:[],&quot;background_background&quot;:&quot;classic&quot;}\">\n\t\t\t\t\t\t<div class=\"elementor-container elementor-column-gap-no\">\n\t\t\t\t\t<div class=\"elementor-column elementor-col-100 elementor-top-column elementor-element elementor-element-cab6a89\" data-id=\"cab6a89\" data-element_type=\"column\" data-e-type=\"column\">\n\t\t\t<div class=\"elementor-widget-wrap elementor-element-populated\">\n\t\t\t\t\t\t<div class=\"elementor-element elementor-element-125fa4a elementor-widget elementor-widget-template\" data-id=\"125fa4a\" data-element_type=\"widget\" data-e-type=\"widget\" data-widget_type=\"template.default\">\n\t\t\t\t<div class=\"elementor-widget-container\">\n\t\t\t\t\t\t\t<div class=\"elementor-template\">\n\t\t\t\t\t<div data-elementor-type=\"section\" data-elementor-id=\"1188\" class=\"elementor elementor-1188\" data-elementor-post-type=\"elementor_library\">\n\t\t\t\t\t<section class=\"elementor-section elementor-top-section elementor-element elementor-element-05b0368 elementor-section-stretched section-breadcrumb elementor-section-boxed elementor-section-height-default elementor-section-height-default\" data-id=\"05b0368\" data-element_type=\"section\" data-e-type=\"section\" data-settings=\"{&quot;jet_parallax_layout_list&quot;:[],&quot;background_background&quot;:&quot;classic&quot;,&quot;stretch_section&quot;:&quot;section-stretched&quot;}\">\n\t\t\t\t\t\t<div class=\"elementor-container elementor-column-gap-default\">\n\t\t\t\t\t<div class=\"elementor-column elementor-col-100 elementor-top-column elementor-element elementor-element-fa3919d\" data-id=\"fa3919d\" data-element_type=\"column\" data-e-type=\"column\">\n\t\t\t<div class=\"elementor-widget-wrap elementor-element-populated\">\n\t\t\t\t\t\t<div class=\"elementor-element elementor-element-c736c96 elementor-widget elementor-widget-breadcrumbs\" data-id=\"c736c96\" data-element_type=\"widget\" data-e-type=\"widget\" data-widget_type=\"breadcrumbs.default\">\n\t\t\t\t<div class=\"elementor-widget-container\">\n\t\t\t\t\t<p id=\"breadcrumbs\"><span><span><a href=\"https:\/\/fmrq.qc.ca\/en\/\">Home<\/a><\/span><\/span><\/p>\t\t\t\t<\/div>\n\t\t\t\t<\/div>\n\t\t\t\t\t<\/div>\n\t\t<\/div>\n\t\t\t\t\t<\/div>\n\t\t<\/section>\n\t\t\t\t<\/div>\n\t\t\t\t<\/div>\n\t\t\t\t\t\t<\/div>\n\t\t\t\t<\/div>\n\t\t\t\t\t<\/div>\n\t\t<\/div>\n\t\t\t\t\t<\/div>\n\t\t<\/section>\n\t\t\t\t<section class=\"elementor-section elementor-top-section elementor-element elementor-element-995b4af elementor-section-height-min-height hero elementor-section-boxed elementor-section-height-default elementor-section-items-middle\" data-id=\"995b4af\" data-element_type=\"section\" data-e-type=\"section\" data-settings=\"{&quot;jet_parallax_layout_list&quot;:[],&quot;background_background&quot;:&quot;classic&quot;}\">\n\t\t\t\t\t\t\t<div class=\"elementor-background-overlay\"><\/div>\n\t\t\t\t\t\t\t<div class=\"elementor-container elementor-column-gap-default\">\n\t\t\t\t\t<div class=\"elementor-column elementor-col-100 elementor-top-column elementor-element elementor-element-a87e51b\" data-id=\"a87e51b\" data-element_type=\"column\" data-e-type=\"column\">\n\t\t\t<div class=\"elementor-widget-wrap elementor-element-populated\">\n\t\t\t\t\t\t<div class=\"elementor-element elementor-element-86df6f9 elementor-widget elementor-widget-heading\" data-id=\"86df6f9\" data-element_type=\"widget\" data-e-type=\"widget\" data-widget_type=\"heading.default\">\n\t\t\t\t<div class=\"elementor-widget-container\">\n\t\t\t\t\t<div class=\"elementor-heading-title elementor-size-default\">-&nbsp;Psychological harassment&nbsp;-<\/div>\t\t\t\t<\/div>\n\t\t\t\t<\/div>\n\t\t\t\t<div class=\"elementor-element elementor-element-f6e85e7 elementor-widget elementor-widget-heading\" data-id=\"f6e85e7\" data-element_type=\"widget\" data-e-type=\"widget\" data-widget_type=\"heading.default\">\n\t\t\t\t<div class=\"elementor-widget-container\">\n\t\t\t\t\t<h1 class=\"elementor-heading-title elementor-size-default\">Psychological harassment, according to the law&nbsp;<\/h1>\t\t\t\t<\/div>\n\t\t\t\t<\/div>\n\t\t\t\t\t<\/div>\n\t\t<\/div>\n\t\t\t\t\t<\/div>\n\t\t<\/section>\n\t\t\t\t<section class=\"elementor-section elementor-top-section elementor-element elementor-element-1c6c562 pv100 elementor-section-boxed elementor-section-height-default elementor-section-height-default\" data-id=\"1c6c562\" data-element_type=\"section\" data-e-type=\"section\" data-settings=\"{&quot;jet_parallax_layout_list&quot;:[]}\">\n\t\t\t\t\t\t<div class=\"elementor-container elementor-column-gap-default\">\n\t\t\t\t\t<div class=\"elementor-column elementor-col-100 elementor-top-column elementor-element elementor-element-a3f486a menu-col-r\" data-id=\"a3f486a\" data-element_type=\"column\" data-e-type=\"column\">\n\t\t\t<div class=\"elementor-widget-wrap elementor-element-populated\">\n\t\t\t\t\t\t<div class=\"elementor-element elementor-element-30c88a0 p-article elementor-widget elementor-widget-text-editor\" data-id=\"30c88a0\" data-element_type=\"widget\" data-e-type=\"widget\" data-widget_type=\"text-editor.default\">\n\t\t\t\t<div class=\"elementor-widget-container\">\n\t\t\t\t\t\t\t\t\t<p>To establish that the case actually involves psychological harassment, the presence of all the elements of the definition set out in the&nbsp;<em>Act respecting Labour Standards&nbsp;<\/em>must be shown, as follows:<\/p><p>1. Vexatious conduct<br>2. Repetitive in nature, or a serious isolated act<br>3. Verbal comments, gestures or behaviours that are hostile or unwanted<br>4. Violation of dignity or integrity<br>5. Harmful work environment for the victim<\/p>\t\t\t\t\t\t\t\t<\/div>\n\t\t\t\t<\/div>\n\t\t\t\t<section class=\"elementor-section elementor-inner-section elementor-element elementor-element-8884d3f bloc-interpretation elementor-section-boxed elementor-section-height-default elementor-section-height-default\" data-id=\"8884d3f\" data-element_type=\"section\" data-e-type=\"section\" data-settings=\"{&quot;jet_parallax_layout_list&quot;:[],&quot;background_background&quot;:&quot;classic&quot;}\">\n\t\t\t\t\t\t<div class=\"elementor-container elementor-column-gap-default\">\n\t\t\t\t\t<div class=\"elementor-column elementor-col-100 elementor-inner-column elementor-element elementor-element-1031f56\" data-id=\"1031f56\" data-element_type=\"column\" data-e-type=\"column\">\n\t\t\t<div class=\"elementor-widget-wrap elementor-element-populated\">\n\t\t\t\t\t\t<div class=\"elementor-element elementor-element-e6a2aca p-article elementor-widget elementor-widget-text-editor\" data-id=\"e6a2aca\" data-element_type=\"widget\" data-e-type=\"widget\" data-widget_type=\"text-editor.default\">\n\t\t\t\t<div class=\"elementor-widget-container\">\n\t\t\t\t\t\t\t\t\t<p style=\"text-align: center;\"><span style=\"color: #0098c5; font-family: Barlow, sans-serif; font-size: 30px; font-weight: 600; text-align: left; white-space: pre-wrap; background-color: #ffffff;\">If you believe you&rsquo;re the victim of harassment, write to us at <\/span><a style=\"color: inherit; background-color: #ffffff; font-size: 30px; line-height: inherit; font-family: Barlow, sans-serif; font-weight: 600; text-align: left; white-space: pre-wrap;\" href=\"mailto:info@fmrq.qc.ca\" target=\"_blank\" rel=\"noopener\">info@fmrq.qc.ca<\/a><span style=\"color: #0098c5; font-family: Barlow, sans-serif; font-size: 30px; font-weight: 600; text-align: left; white-space: pre-wrap; background-color: #ffffff;\">.<\/span><\/p>\t\t\t\t\t\t\t\t<\/div>\n\t\t\t\t<\/div>\n\t\t\t\t\t<\/div>\n\t\t<\/div>\n\t\t\t\t\t<\/div>\n\t\t<\/section>\n\t\t\t\t<div class=\"elementor-element elementor-element-7457d1c p-article elementor-widget elementor-widget-text-editor\" data-id=\"7457d1c\" data-element_type=\"widget\" data-e-type=\"widget\" data-widget_type=\"text-editor.default\">\n\t\t\t\t<div class=\"elementor-widget-container\">\n\t\t\t\t\t\t\t\t\t<p>The FMRQ&rsquo;s there to guide you. Don&rsquo;t worry, a call to us doesn&rsquo;t necessarily mean legal action or a complaint, but is more likely to lead to a sympathetic ear and advice. This is provided in complete confidentiality, and your wishes will be respected. We&rsquo;ve been here since 1966, we&rsquo;ve seen many different cases, and we&rsquo;re equipped to help you overcome this difficult situation.&nbsp;<\/p>\t\t\t\t\t\t\t\t<\/div>\n\t\t\t\t<\/div>\n\t\t\t\t<div class=\"elementor-element elementor-element-0d9317a elementor-widget elementor-widget-heading\" data-id=\"0d9317a\" data-element_type=\"widget\" data-e-type=\"widget\" id=\"intervenir-efficacement-en-cas-de-harc&egrave;lement\" data-widget_type=\"heading.default\">\n\t\t\t\t<div class=\"elementor-widget-container\">\n\t\t\t\t\t<h3 class=\"elementor-heading-title elementor-size-default\">Several steps are possible<\/h3>\t\t\t\t<\/div>\n\t\t\t\t<\/div>\n\t\t\t\t<div class=\"elementor-element elementor-element-40910a4 elementor-widget elementor-widget-text-editor\" data-id=\"40910a4\" data-element_type=\"widget\" data-e-type=\"widget\" data-widget_type=\"text-editor.default\">\n\t\t\t\t<div class=\"elementor-widget-container\">\n\t\t\t\t\t\t\t\t\t<p>Beware! There are specific timeframes involved.<\/p>\t\t\t\t\t\t\t\t<\/div>\n\t\t\t\t<\/div>\n\t\t\t\t<div class=\"elementor-element elementor-element-eaccb6a elementor-align-left elementor-tablet-align-left elementor-widget elementor-widget-button\" data-id=\"eaccb6a\" data-element_type=\"widget\" data-e-type=\"widget\" data-widget_type=\"button.default\">\n\t\t\t\t<div class=\"elementor-widget-container\">\n\t\t\t\t\t\t\t\t\t<div class=\"elementor-button-wrapper\">\n\t\t\t\t\t<a class=\"elementor-button elementor-button-link elementor-size-sm\" href=\"https:\/\/fmrq.qc.ca\/en\/wellness-support\/psychological-harassment\/consensual-approach\/\">\n\t\t\t\t\t\t<span class=\"elementor-button-content-wrapper\">\n\t\t\t\t\t\t\t\t\t<span class=\"elementor-button-text\">Consensual approach<\/span>\n\t\t\t\t\t<\/span>\n\t\t\t\t\t<\/a>\n\t\t\t\t<\/div>\n\t\t\t\t\t\t\t\t<\/div>\n\t\t\t\t<\/div>\n\t\t\t\t<div class=\"elementor-element elementor-element-db82efd elementor-align-left elementor-tablet-align-left elementor-widget elementor-widget-button\" data-id=\"db82efd\" data-element_type=\"widget\" data-e-type=\"widget\" data-widget_type=\"button.default\">\n\t\t\t\t<div class=\"elementor-widget-container\">\n\t\t\t\t\t\t\t\t\t<div class=\"elementor-button-wrapper\">\n\t\t\t\t\t<a class=\"elementor-button elementor-button-link elementor-size-sm\" href=\"https:\/\/fmrq.qc.ca\/en\/wellness-support\/psychological-harassment\/formal-approach\/\">\n\t\t\t\t\t\t<span class=\"elementor-button-content-wrapper\">\n\t\t\t\t\t\t\t\t\t<span class=\"elementor-button-text\">Formal approach<\/span>\n\t\t\t\t\t<\/span>\n\t\t\t\t\t<\/a>\n\t\t\t\t<\/div>\n\t\t\t\t\t\t\t\t<\/div>\n\t\t\t\t<\/div>\n\t\t\t\t<div class=\"elementor-element elementor-element-b9e7e5e elementor-widget elementor-widget-spacer\" data-id=\"b9e7e5e\" data-element_type=\"widget\" data-e-type=\"widget\" data-widget_type=\"spacer.default\">\n\t\t\t\t<div class=\"elementor-widget-container\">\n\t\t\t\t\t\t\t<div class=\"elementor-spacer\">\n\t\t\t<div class=\"elementor-spacer-inner\"><\/div>\n\t\t<\/div>\n\t\t\t\t\t\t<\/div>\n\t\t\t\t<\/div>\n\t\t\t\t<div class=\"elementor-element elementor-element-9c32c46 elementor-align-left elementor-tablet-align-left elementor-widget elementor-widget-button\" data-id=\"9c32c46\" data-element_type=\"widget\" data-e-type=\"widget\" data-widget_type=\"button.default\">\n\t\t\t\t<div class=\"elementor-widget-container\">\n\t\t\t\t\t\t\t\t\t<div class=\"elementor-button-wrapper\">\n\t\t\t\t\t<a class=\"elementor-button elementor-button-link elementor-size-sm\" href=\"https:\/\/fmrq.qc.ca\/en\/wellness-support\/psychological-harassment\/\">\n\t\t\t\t\t\t<span class=\"elementor-button-content-wrapper\">\n\t\t\t\t\t\t<span class=\"elementor-button-icon\">\n\t\t\t\t<i aria-hidden=\"true\" class=\"fas fa-chevron-left\"><\/i>\t\t\t<\/span>\n\t\t\t\t\t\t\t\t\t<span class=\"elementor-button-text\">Main page<\/span>\n\t\t\t\t\t<\/span>\n\t\t\t\t\t<\/a>\n\t\t\t\t<\/div>\n\t\t\t\t\t\t\t\t<\/div>\n\t\t\t\t<\/div>\n\t\t\t\t\t<\/div>\n\t\t<\/div>\n\t\t\t\t\t<\/div>\n\t\t<\/section>\n\t\t\t\t<\/div>\n\t\t","protected":false},"excerpt":{"rendered":"<p>To establish that the case actually involves psychological harassment, the presence of all the elements of the definition set out&hellip;<\/p>\n","protected":false},"author":1,"featured_media":0,"parent":9027,"menu_order":2,"comment_status":"closed","ping_status":"closed","template":"elementor_header_footer","meta":{"_acf_changed":false,"footnotes":""},"class_list":["post-9487","page","type-page","status-publish","hentry"],"acf":[],"yoast_head":"<!-- This site is optimized with the Yoast SEO plugin v26.9 - https:\/\/yoast.com\/product\/yoast-seo-wordpress\/ -->\n<title>Psychological harassment, according to the law\u00a0 - FMRQ<\/title>\n<meta name=\"robots\" content=\"index, follow, max-snippet:-1, max-image-preview:large, max-video-preview:-1\" \/>\n<link rel=\"canonical\" href=\"https:\/\/fmrq.qc.ca\/en\/wellness-support\/psychological-harassment\/psychological-harassment-according-to-the-law\/\" \/>\n<meta property=\"og:locale\" content=\"en_US\" \/>\n<meta property=\"og:type\" content=\"article\" \/>\n<meta property=\"og:title\" content=\"Psychological harassment, according to the law\u00a0 - FMRQ\" \/>\n<meta property=\"og:description\" content=\"To establish that the case actually involves psychological harassment, the presence of all the elements of the definition set out...\" \/>\n<meta property=\"og:url\" content=\"https:\/\/fmrq.qc.ca\/en\/wellness-support\/psychological-harassment\/psychological-harassment-according-to-the-law\/\" \/>\n<meta property=\"og:site_name\" content=\"FMRQ\" \/>\n<meta property=\"article:modified_time\" content=\"2022-06-17T19:40:16+00:00\" \/>\n<meta name=\"twitter:card\" content=\"summary_large_image\" \/>\n<meta name=\"twitter:label1\" content=\"Est. reading time\" \/>\n\t<meta name=\"twitter:data1\" content=\"2 minutes\" \/>\n<script type=\"application\/ld+json\" class=\"yoast-schema-graph\">{\"@context\":\"https:\/\/schema.org\",\"@graph\":[{\"@type\":\"WebPage\",\"@id\":\"https:\/\/fmrq.qc.ca\/en\/wellness-support\/psychological-harassment\/psychological-harassment-according-to-the-law\/\",\"url\":\"https:\/\/fmrq.qc.ca\/en\/wellness-support\/psychological-harassment\/psychological-harassment-according-to-the-law\/\",\"name\":\"Psychological harassment, according to the law\u00a0 - FMRQ\",\"isPartOf\":{\"@id\":\"https:\/\/fmrq.qc.ca\/en\/#website\"},\"datePublished\":\"2022-05-10T17:56:19+00:00\",\"dateModified\":\"2022-06-17T19:40:16+00:00\",\"breadcrumb\":{\"@id\":\"https:\/\/fmrq.qc.ca\/en\/wellness-support\/psychological-harassment\/psychological-harassment-according-to-the-law\/#breadcrumb\"},\"inLanguage\":\"en-US\",\"potentialAction\":[{\"@type\":\"ReadAction\",\"target\":[\"https:\/\/fmrq.qc.ca\/en\/wellness-support\/psychological-harassment\/psychological-harassment-according-to-the-law\/\"]}]},{\"@type\":\"BreadcrumbList\",\"@id\":\"https:\/\/fmrq.qc.ca\/en\/wellness-support\/psychological-harassment\/psychological-harassment-according-to-the-law\/#breadcrumb\",\"itemListElement\":[{\"@type\":\"ListItem\",\"position\":1,\"name\":\"Home\",\"item\":\"https:\/\/fmrq.qc.ca\/en\/\"},{\"@type\":\"ListItem\",\"position\":2,\"name\":\"Wellness support\",\"item\":\"https:\/\/fmrq.qc.ca\/en\/wellness-support\/\"},{\"@type\":\"ListItem\",\"position\":3,\"name\":\"Psychological harassment\",\"item\":\"https:\/\/fmrq.qc.ca\/en\/soutien-au-bien-etre\/harcelement-psychologique\/\"},{\"@type\":\"ListItem\",\"position\":4,\"name\":\"Psychological harassment, according to the law\u00a0\"}]},{\"@type\":\"WebSite\",\"@id\":\"https:\/\/fmrq.qc.ca\/en\/#website\",\"url\":\"https:\/\/fmrq.qc.ca\/en\/\",\"name\":\"FMRQ\",\"description\":\"F\u00e9d\u00e9ration des m\u00e9decins r\u00e9sidents du Qu\u00e9bec\",\"publisher\":{\"@id\":\"https:\/\/fmrq.qc.ca\/en\/#organization\"},\"potentialAction\":[{\"@type\":\"SearchAction\",\"target\":{\"@type\":\"EntryPoint\",\"urlTemplate\":\"https:\/\/fmrq.qc.ca\/en\/?s={search_term_string}\"},\"query-input\":{\"@type\":\"PropertyValueSpecification\",\"valueRequired\":true,\"valueName\":\"search_term_string\"}}],\"inLanguage\":\"en-US\"},{\"@type\":\"Organization\",\"@id\":\"https:\/\/fmrq.qc.ca\/en\/#organization\",\"name\":\"FMRQ\",\"url\":\"https:\/\/fmrq.qc.ca\/en\/\",\"logo\":{\"@type\":\"ImageObject\",\"inLanguage\":\"en-US\",\"@id\":\"https:\/\/fmrq.qc.ca\/en\/#\/schema\/logo\/image\/\",\"url\":\"https:\/\/fmrq.qc.ca\/wp-content\/uploads\/2020\/05\/logo-fmrq.png\",\"contentUrl\":\"https:\/\/fmrq.qc.ca\/wp-content\/uploads\/2020\/05\/logo-fmrq.png\",\"width\":264,\"height\":57,\"caption\":\"FMRQ\"},\"image\":{\"@id\":\"https:\/\/fmrq.qc.ca\/en\/#\/schema\/logo\/image\/\"}}]}<\/script>\n<!-- \/ Yoast SEO plugin. -->","yoast_head_json":{"title":"Psychological harassment, according to the law\u00a0 - FMRQ","robots":{"index":"index","follow":"follow","max-snippet":"max-snippet:-1","max-image-preview":"max-image-preview:large","max-video-preview":"max-video-preview:-1"},"canonical":"https:\/\/fmrq.qc.ca\/en\/wellness-support\/psychological-harassment\/psychological-harassment-according-to-the-law\/","og_locale":"en_US","og_type":"article","og_title":"Psychological harassment, according to the law\u00a0 - FMRQ","og_description":"To establish that the case actually involves psychological harassment, the presence of all the elements of the definition set out...","og_url":"https:\/\/fmrq.qc.ca\/en\/wellness-support\/psychological-harassment\/psychological-harassment-according-to-the-law\/","og_site_name":"FMRQ","article_modified_time":"2022-06-17T19:40:16+00:00","twitter_card":"summary_large_image","twitter_misc":{"Est. reading time":"2 minutes"},"schema":{"@context":"https:\/\/schema.org","@graph":[{"@type":"WebPage","@id":"https:\/\/fmrq.qc.ca\/en\/wellness-support\/psychological-harassment\/psychological-harassment-according-to-the-law\/","url":"https:\/\/fmrq.qc.ca\/en\/wellness-support\/psychological-harassment\/psychological-harassment-according-to-the-law\/","name":"Psychological harassment, according to the law\u00a0 - FMRQ","isPartOf":{"@id":"https:\/\/fmrq.qc.ca\/en\/#website"},"datePublished":"2022-05-10T17:56:19+00:00","dateModified":"2022-06-17T19:40:16+00:00","breadcrumb":{"@id":"https:\/\/fmrq.qc.ca\/en\/wellness-support\/psychological-harassment\/psychological-harassment-according-to-the-law\/#breadcrumb"},"inLanguage":"en-US","potentialAction":[{"@type":"ReadAction","target":["https:\/\/fmrq.qc.ca\/en\/wellness-support\/psychological-harassment\/psychological-harassment-according-to-the-law\/"]}]},{"@type":"BreadcrumbList","@id":"https:\/\/fmrq.qc.ca\/en\/wellness-support\/psychological-harassment\/psychological-harassment-according-to-the-law\/#breadcrumb","itemListElement":[{"@type":"ListItem","position":1,"name":"Home","item":"https:\/\/fmrq.qc.ca\/en\/"},{"@type":"ListItem","position":2,"name":"Wellness support","item":"https:\/\/fmrq.qc.ca\/en\/wellness-support\/"},{"@type":"ListItem","position":3,"name":"Psychological harassment","item":"https:\/\/fmrq.qc.ca\/en\/soutien-au-bien-etre\/harcelement-psychologique\/"},{"@type":"ListItem","position":4,"name":"Psychological harassment, according to the law\u00a0"}]},{"@type":"WebSite","@id":"https:\/\/fmrq.qc.ca\/en\/#website","url":"https:\/\/fmrq.qc.ca\/en\/","name":"FMRQ","description":"F\u00e9d\u00e9ration des m\u00e9decins r\u00e9sidents du Qu\u00e9bec","publisher":{"@id":"https:\/\/fmrq.qc.ca\/en\/#organization"},"potentialAction":[{"@type":"SearchAction","target":{"@type":"EntryPoint","urlTemplate":"https:\/\/fmrq.qc.ca\/en\/?s={search_term_string}"},"query-input":{"@type":"PropertyValueSpecification","valueRequired":true,"valueName":"search_term_string"}}],"inLanguage":"en-US"},{"@type":"Organization","@id":"https:\/\/fmrq.qc.ca\/en\/#organization","name":"FMRQ","url":"https:\/\/fmrq.qc.ca\/en\/","logo":{"@type":"ImageObject","inLanguage":"en-US","@id":"https:\/\/fmrq.qc.ca\/en\/#\/schema\/logo\/image\/","url":"https:\/\/fmrq.qc.ca\/wp-content\/uploads\/2020\/05\/logo-fmrq.png","contentUrl":"https:\/\/fmrq.qc.ca\/wp-content\/uploads\/2020\/05\/logo-fmrq.png","width":264,"height":57,"caption":"FMRQ"},"image":{"@id":"https:\/\/fmrq.qc.ca\/en\/#\/schema\/logo\/image\/"}}]}},"publishpress_future_action":{"enabled":false,"date":"2026-04-21 16:49:22","action":"change-status","newStatus":"draft","terms":[],"taxonomy":"translation_priority","extraData":[]},"publishpress_future_workflow_manual_trigger":{"enabledWorkflows":[]},"_links":{"self":[{"href":"https:\/\/fmrq.qc.ca\/en\/wp-json\/wp\/v2\/pages\/9487","targetHints":{"allow":["GET"]}}],"collection":[{"href":"https:\/\/fmrq.qc.ca\/en\/wp-json\/wp\/v2\/pages"}],"about":[{"href":"https:\/\/fmrq.qc.ca\/en\/wp-json\/wp\/v2\/types\/page"}],"author":[{"embeddable":true,"href":"https:\/\/fmrq.qc.ca\/en\/wp-json\/wp\/v2\/users\/1"}],"replies":[{"embeddable":true,"href":"https:\/\/fmrq.qc.ca\/en\/wp-json\/wp\/v2\/comments?post=9487"}],"version-history":[{"count":9,"href":"https:\/\/fmrq.qc.ca\/en\/wp-json\/wp\/v2\/pages\/9487\/revisions"}],"predecessor-version":[{"id":14149,"href":"https:\/\/fmrq.qc.ca\/en\/wp-json\/wp\/v2\/pages\/9487\/revisions\/14149"}],"up":[{"embeddable":true,"href":"https:\/\/fmrq.qc.ca\/en\/wp-json\/wp\/v2\/pages\/9027"}],"wp:attachment":[{"href":"https:\/\/fmrq.qc.ca\/en\/wp-json\/wp\/v2\/media?parent=9487"}],"curies":[{"name":"wp","href":"https:\/\/api.w.org\/{rel}","templated":true}]}}