{"id":9649,"date":"2022-05-10T14:06:43","date_gmt":"2022-05-10T18:06:43","guid":{"rendered":"https:\/\/fmrq.qc.ca\/?page_id=9649"},"modified":"2022-06-06T13:28:49","modified_gmt":"2022-06-06T17:28:49","slug":"a-conflict-with-a-colleague-is-making-my-life-miserable","status":"publish","type":"page","link":"https:\/\/fmrq.qc.ca\/en\/wellness-support\/psychological-harassment\/a-conflict-with-a-colleague-is-making-my-life-miserable\/","title":{"rendered":"A conflict with a colleague is making my life miserable\u00a0"},"content":{"rendered":"<div data-elementor-type=\"wp-page\" data-elementor-id=\"9649\" class=\"elementor elementor-9649 elementor-9648\" data-elementor-post-type=\"page\">\n\t\t\t\t\t\t<section class=\"elementor-section elementor-top-section elementor-element elementor-element-8b7ef9a elementor-section-boxed elementor-section-height-default elementor-section-height-default\" data-id=\"8b7ef9a\" data-element_type=\"section\" data-e-type=\"section\" data-settings=\"{&quot;jet_parallax_layout_list&quot;:[],&quot;background_background&quot;:&quot;classic&quot;}\">\n\t\t\t\t\t\t<div class=\"elementor-container elementor-column-gap-no\">\n\t\t\t\t\t<div class=\"elementor-column elementor-col-100 elementor-top-column elementor-element elementor-element-cab6a89\" data-id=\"cab6a89\" data-element_type=\"column\" data-e-type=\"column\">\n\t\t\t<div class=\"elementor-widget-wrap elementor-element-populated\">\n\t\t\t\t\t\t<div class=\"elementor-element elementor-element-125fa4a elementor-widget elementor-widget-template\" data-id=\"125fa4a\" data-element_type=\"widget\" data-e-type=\"widget\" data-widget_type=\"template.default\">\n\t\t\t\t<div class=\"elementor-widget-container\">\n\t\t\t\t\t\t\t<div class=\"elementor-template\">\n\t\t\t\t\t<div data-elementor-type=\"section\" data-elementor-id=\"1188\" class=\"elementor elementor-1188\" data-elementor-post-type=\"elementor_library\">\n\t\t\t\t\t<section class=\"elementor-section elementor-top-section elementor-element elementor-element-05b0368 elementor-section-stretched section-breadcrumb elementor-section-boxed elementor-section-height-default elementor-section-height-default\" data-id=\"05b0368\" data-element_type=\"section\" data-e-type=\"section\" data-settings=\"{&quot;jet_parallax_layout_list&quot;:[],&quot;background_background&quot;:&quot;classic&quot;,&quot;stretch_section&quot;:&quot;section-stretched&quot;}\">\n\t\t\t\t\t\t<div class=\"elementor-container elementor-column-gap-default\">\n\t\t\t\t\t<div class=\"elementor-column elementor-col-100 elementor-top-column elementor-element elementor-element-fa3919d\" data-id=\"fa3919d\" data-element_type=\"column\" data-e-type=\"column\">\n\t\t\t<div class=\"elementor-widget-wrap elementor-element-populated\">\n\t\t\t\t\t\t<div class=\"elementor-element elementor-element-c736c96 elementor-widget elementor-widget-breadcrumbs\" data-id=\"c736c96\" data-element_type=\"widget\" data-e-type=\"widget\" data-widget_type=\"breadcrumbs.default\">\n\t\t\t\t<div class=\"elementor-widget-container\">\n\t\t\t\t\t<p id=\"breadcrumbs\"><span><span><a href=\"https:\/\/fmrq.qc.ca\/en\/\">Home<\/a><\/span><\/span><\/p>\t\t\t\t<\/div>\n\t\t\t\t<\/div>\n\t\t\t\t\t<\/div>\n\t\t<\/div>\n\t\t\t\t\t<\/div>\n\t\t<\/section>\n\t\t\t\t<\/div>\n\t\t\t\t<\/div>\n\t\t\t\t\t\t<\/div>\n\t\t\t\t<\/div>\n\t\t\t\t\t<\/div>\n\t\t<\/div>\n\t\t\t\t\t<\/div>\n\t\t<\/section>\n\t\t\t\t<section class=\"elementor-section elementor-top-section elementor-element elementor-element-995b4af elementor-section-height-min-height hero elementor-section-boxed elementor-section-height-default elementor-section-items-middle\" data-id=\"995b4af\" data-element_type=\"section\" data-e-type=\"section\" data-settings=\"{&quot;jet_parallax_layout_list&quot;:[],&quot;background_background&quot;:&quot;classic&quot;}\">\n\t\t\t\t\t\t\t<div class=\"elementor-background-overlay\"><\/div>\n\t\t\t\t\t\t\t<div class=\"elementor-container elementor-column-gap-default\">\n\t\t\t\t\t<div class=\"elementor-column elementor-col-100 elementor-top-column elementor-element elementor-element-a87e51b\" data-id=\"a87e51b\" data-element_type=\"column\" data-e-type=\"column\">\n\t\t\t<div class=\"elementor-widget-wrap elementor-element-populated\">\n\t\t\t\t\t\t<div class=\"elementor-element elementor-element-86df6f9 elementor-widget elementor-widget-heading\" data-id=\"86df6f9\" data-element_type=\"widget\" data-e-type=\"widget\" data-widget_type=\"heading.default\">\n\t\t\t\t<div class=\"elementor-widget-container\">\n\t\t\t\t\t<div class=\"elementor-heading-title elementor-size-default\">-&nbsp;Psychological harassment&nbsp;-<\/div>\t\t\t\t<\/div>\n\t\t\t\t<\/div>\n\t\t\t\t<div class=\"elementor-element elementor-element-f6e85e7 elementor-widget elementor-widget-heading\" data-id=\"f6e85e7\" data-element_type=\"widget\" data-e-type=\"widget\" data-widget_type=\"heading.default\">\n\t\t\t\t<div class=\"elementor-widget-container\">\n\t\t\t\t\t<h2 class=\"elementor-heading-title elementor-size-default\">A conflict with a colleague is making my life miserable&nbsp;<\/h2>\t\t\t\t<\/div>\n\t\t\t\t<\/div>\n\t\t\t\t\t<\/div>\n\t\t<\/div>\n\t\t\t\t\t<\/div>\n\t\t<\/section>\n\t\t\t\t<section class=\"elementor-section elementor-top-section elementor-element elementor-element-1c6c562 pv100 elementor-section-boxed elementor-section-height-default elementor-section-height-default\" data-id=\"1c6c562\" data-element_type=\"section\" data-e-type=\"section\" data-settings=\"{&quot;jet_parallax_layout_list&quot;:[]}\">\n\t\t\t\t\t\t<div class=\"elementor-container elementor-column-gap-default\">\n\t\t\t\t\t<div class=\"elementor-column elementor-col-100 elementor-top-column elementor-element elementor-element-a3f486a menu-col-r\" data-id=\"a3f486a\" data-element_type=\"column\" data-e-type=\"column\">\n\t\t\t<div class=\"elementor-widget-wrap elementor-element-populated\">\n\t\t\t\t\t\t<div class=\"elementor-element elementor-element-0d9e451 elementor-widget elementor-widget-heading\" data-id=\"0d9e451\" data-element_type=\"widget\" data-e-type=\"widget\" data-widget_type=\"heading.default\">\n\t\t\t\t<div class=\"elementor-widget-container\">\n\t\t\t\t\t<h1 class=\"elementor-heading-title elementor-size-default\">It&rsquo;s making your life miserable, but is it psychological harassment, or just a work conflict?<\/h1>\t\t\t\t<\/div>\n\t\t\t\t<\/div>\n\t\t\t\t<div class=\"elementor-element elementor-element-30c88a0 p-article elementor-widget elementor-widget-text-editor\" data-id=\"30c88a0\" data-element_type=\"widget\" data-e-type=\"widget\" data-widget_type=\"text-editor.default\">\n\t\t\t\t<div class=\"elementor-widget-container\">\n\t\t\t\t\t\t\t\t\t<p><span style=\"font-family: helvetica, arial, sans-serif; font-size: 13px;\">To take appropriate steps, it&rsquo;s important to clearly understand the difference between work conflict and psychological harassment. Here&rsquo;s a scenario:<\/span><\/p>\t\t\t\t\t\t\t\t<\/div>\n\t\t\t\t<\/div>\n\t\t\t\t<section class=\"elementor-section elementor-inner-section elementor-element elementor-element-8884d3f bloc-interpretation elementor-section-boxed elementor-section-height-default elementor-section-height-default\" data-id=\"8884d3f\" data-element_type=\"section\" data-e-type=\"section\" data-settings=\"{&quot;jet_parallax_layout_list&quot;:[],&quot;background_background&quot;:&quot;classic&quot;}\">\n\t\t\t\t\t\t<div class=\"elementor-container elementor-column-gap-default\">\n\t\t\t\t\t<div class=\"elementor-column elementor-col-100 elementor-inner-column elementor-element elementor-element-1031f56\" data-id=\"1031f56\" data-element_type=\"column\" data-e-type=\"column\">\n\t\t\t<div class=\"elementor-widget-wrap elementor-element-populated\">\n\t\t\t\t\t\t<div class=\"elementor-element elementor-element-e6a2aca p-article elementor-widget elementor-widget-text-editor\" data-id=\"e6a2aca\" data-element_type=\"widget\" data-e-type=\"widget\" data-widget_type=\"text-editor.default\">\n\t\t\t\t<div class=\"elementor-widget-container\">\n\t\t\t\t\t\t\t\t\t<p style=\"text-align: center;\">Donna, that respiratory tech, I CAN&rsquo;T TAKE HER ANY LONGER! OK, basically, we don&rsquo;t see eye to eye when it comes to ventilation for very premature infants. We&rsquo;ve often had some pretty intense arguments about it. She comes to see me during rounds to tell me: &ldquo;Look, that baby&rsquo;s been at 45% CO<sub>2<\/sub>&nbsp;for two days, I don&rsquo;t understand why you&rsquo;re not doing anything!&rdquo; Try as I can to explain to her why I&rsquo;m following this procedure, she just refuses to understand. It&rsquo;s got to the point that she&rsquo;s gone to my supervising staff physician to ask him to make changes I don&rsquo;t agree with. That really annoys me!<\/p>\t\t\t\t\t\t\t\t<\/div>\n\t\t\t\t<\/div>\n\t\t\t\t\t<\/div>\n\t\t<\/div>\n\t\t\t\t\t<\/div>\n\t\t<\/section>\n\t\t\t\t<div class=\"elementor-element elementor-element-0d9317a elementor-widget elementor-widget-heading\" data-id=\"0d9317a\" data-element_type=\"widget\" data-e-type=\"widget\" id=\"intervenir-efficacement-en-cas-de-harc&egrave;lement\" data-widget_type=\"heading.default\">\n\t\t\t\t<div class=\"elementor-widget-container\">\n\t\t\t\t\t<h2 class=\"elementor-heading-title elementor-size-default\">Difference of opinion or inappropriate behaviour<\/h2>\t\t\t\t<\/div>\n\t\t\t\t<\/div>\n\t\t\t\t<div class=\"elementor-element elementor-element-40910a4 elementor-widget elementor-widget-text-editor\" data-id=\"40910a4\" data-element_type=\"widget\" data-e-type=\"widget\" data-widget_type=\"text-editor.default\">\n\t\t\t\t<div class=\"elementor-widget-container\">\n\t\t\t\t\t\t\t\t\t<p>We work with all kinds of personalities, some of them diametrically opposed to ours. These contrasts sometimes lead to conflict. But you have to be able to tell the difference between such conflict and psychological harassment problems. The difference often lies in the following question: what&rsquo;s the problem? Is it something you can define, like a difference of opinion, or is it inappropriate behaviour from one of the two individuals? In the case of a difference of opinion, as in the scenario above, the conduct of the two parties is centered on a defined subject of conflict, ventilation of patients. Who&rsquo;s wrong? Who&rsquo;s right? Hard to judge. Science can evolve as a result of such differences of opinion.<\/p><p>In a harassment case, the topic of conflict varies, but the conduct of one of the parties is always repetitively centered on the other party. For instance, in the situation above, if Donna the respirology technician had repetitive hostile behaviours calling the resident doctor&rsquo;s personality into question, regardless of the subject, then one could talk of psychological harassment.<\/p>\t\t\t\t\t\t\t\t<\/div>\n\t\t\t\t<\/div>\n\t\t\t\t<div class=\"elementor-element elementor-element-fde629b elementor-widget elementor-widget-heading\" data-id=\"fde629b\" data-element_type=\"widget\" data-e-type=\"widget\" data-widget_type=\"heading.default\">\n\t\t\t\t<div class=\"elementor-widget-container\">\n\t\t\t\t\t<h2 class=\"elementor-heading-title elementor-size-default\">In light of what you&rsquo;ve just read, do you feel you&rsquo;re the victim of psychological harassment?<\/h2>\t\t\t\t<\/div>\n\t\t\t\t<\/div>\n\t\t\t\t<div class=\"elementor-element elementor-element-c8cf16f elementor-align-left elementor-tablet-align-left elementor-widget elementor-widget-button\" data-id=\"c8cf16f\" data-element_type=\"widget\" data-e-type=\"widget\" data-widget_type=\"button.default\">\n\t\t\t\t<div class=\"elementor-widget-container\">\n\t\t\t\t\t\t\t\t\t<div class=\"elementor-button-wrapper\">\n\t\t\t\t\t<a class=\"elementor-button elementor-button-link elementor-size-sm\" href=\"https:\/\/fmrq.qc.ca\/en\/wellness-support\/psychological-harassment\/psychological-harassment-according-to-the-law\/\">\n\t\t\t\t\t\t<span class=\"elementor-button-content-wrapper\">\n\t\t\t\t\t\t\t\t\t<span class=\"elementor-button-text\">Yes<\/span>\n\t\t\t\t\t<\/span>\n\t\t\t\t\t<\/a>\n\t\t\t\t<\/div>\n\t\t\t\t\t\t\t\t<\/div>\n\t\t\t\t<\/div>\n\t\t\t\t<div class=\"elementor-element elementor-element-94e1a0a elementor-align-left elementor-tablet-align-left elementor-widget elementor-widget-button\" data-id=\"94e1a0a\" data-element_type=\"widget\" data-e-type=\"widget\" data-widget_type=\"button.default\">\n\t\t\t\t<div class=\"elementor-widget-container\">\n\t\t\t\t\t\t\t\t\t<div class=\"elementor-button-wrapper\">\n\t\t\t\t\t<a class=\"elementor-button elementor-button-link elementor-size-sm\" href=\"https:\/\/fmrq.qc.ca\/en\/wellness-support\/psychological-harassment\/all-the-better-theres-no-psychological-harassment-but\/\">\n\t\t\t\t\t\t<span class=\"elementor-button-content-wrapper\">\n\t\t\t\t\t\t\t\t\t<span class=\"elementor-button-text\">No<\/span>\n\t\t\t\t\t<\/span>\n\t\t\t\t\t<\/a>\n\t\t\t\t<\/div>\n\t\t\t\t\t\t\t\t<\/div>\n\t\t\t\t<\/div>\n\t\t\t\t<div class=\"elementor-element elementor-element-5b937de elementor-widget elementor-widget-spacer\" data-id=\"5b937de\" data-element_type=\"widget\" data-e-type=\"widget\" data-widget_type=\"spacer.default\">\n\t\t\t\t<div class=\"elementor-widget-container\">\n\t\t\t\t\t\t\t<div class=\"elementor-spacer\">\n\t\t\t<div class=\"elementor-spacer-inner\"><\/div>\n\t\t<\/div>\n\t\t\t\t\t\t<\/div>\n\t\t\t\t<\/div>\n\t\t\t\t<div class=\"elementor-element elementor-element-742969f elementor-align-left elementor-tablet-align-left elementor-widget elementor-widget-button\" data-id=\"742969f\" data-element_type=\"widget\" data-e-type=\"widget\" data-widget_type=\"button.default\">\n\t\t\t\t<div class=\"elementor-widget-container\">\n\t\t\t\t\t\t\t\t\t<div class=\"elementor-button-wrapper\">\n\t\t\t\t\t<a class=\"elementor-button elementor-button-link elementor-size-sm\" href=\"https:\/\/fmrq.qc.ca\/en\/wellness-support\/psychological-harassment\/\">\n\t\t\t\t\t\t<span class=\"elementor-button-content-wrapper\">\n\t\t\t\t\t\t<span class=\"elementor-button-icon\">\n\t\t\t\t<i aria-hidden=\"true\" class=\"fas fa-chevron-left\"><\/i>\t\t\t<\/span>\n\t\t\t\t\t\t\t\t\t<span class=\"elementor-button-text\">Main page<\/span>\n\t\t\t\t\t<\/span>\n\t\t\t\t\t<\/a>\n\t\t\t\t<\/div>\n\t\t\t\t\t\t\t\t<\/div>\n\t\t\t\t<\/div>\n\t\t\t\t\t<\/div>\n\t\t<\/div>\n\t\t\t\t\t<\/div>\n\t\t<\/section>\n\t\t\t\t<\/div>\n\t\t","protected":false},"excerpt":{"rendered":"<p>It&rsquo;s making your life miserable, but is it psychological harassment, or just a work conflict? To take appropriate steps, it&rsquo;s&hellip;<\/p>\n","protected":false},"author":1,"featured_media":0,"parent":9027,"menu_order":2,"comment_status":"closed","ping_status":"closed","template":"elementor_header_footer","meta":{"_acf_changed":false,"footnotes":""},"class_list":["post-9649","page","type-page","status-publish","hentry"],"acf":[],"yoast_head":"<!-- This site is optimized with the Yoast SEO plugin v26.9 - https:\/\/yoast.com\/product\/yoast-seo-wordpress\/ -->\n<title>A conflict with a colleague is making my life miserable\u00a0 - FMRQ<\/title>\n<meta name=\"robots\" content=\"index, follow, max-snippet:-1, max-image-preview:large, max-video-preview:-1\" \/>\n<link rel=\"canonical\" href=\"https:\/\/fmrq.qc.ca\/en\/wellness-support\/psychological-harassment\/a-conflict-with-a-colleague-is-making-my-life-miserable\/\" \/>\n<meta property=\"og:locale\" content=\"en_US\" \/>\n<meta property=\"og:type\" content=\"article\" \/>\n<meta property=\"og:title\" content=\"A conflict with a colleague is making my life miserable\u00a0 - FMRQ\" \/>\n<meta property=\"og:description\" content=\"It&rsquo;s making your life miserable, but is it psychological harassment, or just a work conflict? To take appropriate steps, it&rsquo;s...\" \/>\n<meta property=\"og:url\" content=\"https:\/\/fmrq.qc.ca\/en\/wellness-support\/psychological-harassment\/a-conflict-with-a-colleague-is-making-my-life-miserable\/\" \/>\n<meta property=\"og:site_name\" content=\"FMRQ\" \/>\n<meta property=\"article:modified_time\" content=\"2022-06-06T17:28:49+00:00\" \/>\n<meta name=\"twitter:card\" content=\"summary_large_image\" \/>\n<meta name=\"twitter:label1\" content=\"Est. reading time\" \/>\n\t<meta name=\"twitter:data1\" content=\"2 minutes\" \/>\n<script type=\"application\/ld+json\" class=\"yoast-schema-graph\">{\"@context\":\"https:\/\/schema.org\",\"@graph\":[{\"@type\":\"WebPage\",\"@id\":\"https:\/\/fmrq.qc.ca\/en\/wellness-support\/psychological-harassment\/a-conflict-with-a-colleague-is-making-my-life-miserable\/\",\"url\":\"https:\/\/fmrq.qc.ca\/en\/wellness-support\/psychological-harassment\/a-conflict-with-a-colleague-is-making-my-life-miserable\/\",\"name\":\"A conflict with a colleague is making my life miserable\u00a0 - FMRQ\",\"isPartOf\":{\"@id\":\"https:\/\/fmrq.qc.ca\/en\/#website\"},\"datePublished\":\"2022-05-10T18:06:43+00:00\",\"dateModified\":\"2022-06-06T17:28:49+00:00\",\"breadcrumb\":{\"@id\":\"https:\/\/fmrq.qc.ca\/en\/wellness-support\/psychological-harassment\/a-conflict-with-a-colleague-is-making-my-life-miserable\/#breadcrumb\"},\"inLanguage\":\"en-US\",\"potentialAction\":[{\"@type\":\"ReadAction\",\"target\":[\"https:\/\/fmrq.qc.ca\/en\/wellness-support\/psychological-harassment\/a-conflict-with-a-colleague-is-making-my-life-miserable\/\"]}]},{\"@type\":\"BreadcrumbList\",\"@id\":\"https:\/\/fmrq.qc.ca\/en\/wellness-support\/psychological-harassment\/a-conflict-with-a-colleague-is-making-my-life-miserable\/#breadcrumb\",\"itemListElement\":[{\"@type\":\"ListItem\",\"position\":1,\"name\":\"Home\",\"item\":\"https:\/\/fmrq.qc.ca\/en\/\"},{\"@type\":\"ListItem\",\"position\":2,\"name\":\"Wellness support\",\"item\":\"https:\/\/fmrq.qc.ca\/en\/wellness-support\/\"},{\"@type\":\"ListItem\",\"position\":3,\"name\":\"Psychological harassment\",\"item\":\"https:\/\/fmrq.qc.ca\/en\/soutien-au-bien-etre\/harcelement-psychologique\/\"},{\"@type\":\"ListItem\",\"position\":4,\"name\":\"A conflict with a colleague is making my life miserable\u00a0\"}]},{\"@type\":\"WebSite\",\"@id\":\"https:\/\/fmrq.qc.ca\/en\/#website\",\"url\":\"https:\/\/fmrq.qc.ca\/en\/\",\"name\":\"FMRQ\",\"description\":\"F\u00e9d\u00e9ration des m\u00e9decins r\u00e9sidents du Qu\u00e9bec\",\"publisher\":{\"@id\":\"https:\/\/fmrq.qc.ca\/en\/#organization\"},\"potentialAction\":[{\"@type\":\"SearchAction\",\"target\":{\"@type\":\"EntryPoint\",\"urlTemplate\":\"https:\/\/fmrq.qc.ca\/en\/?s={search_term_string}\"},\"query-input\":{\"@type\":\"PropertyValueSpecification\",\"valueRequired\":true,\"valueName\":\"search_term_string\"}}],\"inLanguage\":\"en-US\"},{\"@type\":\"Organization\",\"@id\":\"https:\/\/fmrq.qc.ca\/en\/#organization\",\"name\":\"FMRQ\",\"url\":\"https:\/\/fmrq.qc.ca\/en\/\",\"logo\":{\"@type\":\"ImageObject\",\"inLanguage\":\"en-US\",\"@id\":\"https:\/\/fmrq.qc.ca\/en\/#\/schema\/logo\/image\/\",\"url\":\"https:\/\/fmrq.qc.ca\/wp-content\/uploads\/2020\/05\/logo-fmrq.png\",\"contentUrl\":\"https:\/\/fmrq.qc.ca\/wp-content\/uploads\/2020\/05\/logo-fmrq.png\",\"width\":264,\"height\":57,\"caption\":\"FMRQ\"},\"image\":{\"@id\":\"https:\/\/fmrq.qc.ca\/en\/#\/schema\/logo\/image\/\"}}]}<\/script>\n<!-- \/ Yoast SEO plugin. -->","yoast_head_json":{"title":"A conflict with a colleague is making my life miserable\u00a0 - FMRQ","robots":{"index":"index","follow":"follow","max-snippet":"max-snippet:-1","max-image-preview":"max-image-preview:large","max-video-preview":"max-video-preview:-1"},"canonical":"https:\/\/fmrq.qc.ca\/en\/wellness-support\/psychological-harassment\/a-conflict-with-a-colleague-is-making-my-life-miserable\/","og_locale":"en_US","og_type":"article","og_title":"A conflict with a colleague is making my life miserable\u00a0 - FMRQ","og_description":"It&rsquo;s making your life miserable, but is it psychological harassment, or just a work conflict? To take appropriate steps, it&rsquo;s...","og_url":"https:\/\/fmrq.qc.ca\/en\/wellness-support\/psychological-harassment\/a-conflict-with-a-colleague-is-making-my-life-miserable\/","og_site_name":"FMRQ","article_modified_time":"2022-06-06T17:28:49+00:00","twitter_card":"summary_large_image","twitter_misc":{"Est. reading time":"2 minutes"},"schema":{"@context":"https:\/\/schema.org","@graph":[{"@type":"WebPage","@id":"https:\/\/fmrq.qc.ca\/en\/wellness-support\/psychological-harassment\/a-conflict-with-a-colleague-is-making-my-life-miserable\/","url":"https:\/\/fmrq.qc.ca\/en\/wellness-support\/psychological-harassment\/a-conflict-with-a-colleague-is-making-my-life-miserable\/","name":"A conflict with a colleague is making my life miserable\u00a0 - FMRQ","isPartOf":{"@id":"https:\/\/fmrq.qc.ca\/en\/#website"},"datePublished":"2022-05-10T18:06:43+00:00","dateModified":"2022-06-06T17:28:49+00:00","breadcrumb":{"@id":"https:\/\/fmrq.qc.ca\/en\/wellness-support\/psychological-harassment\/a-conflict-with-a-colleague-is-making-my-life-miserable\/#breadcrumb"},"inLanguage":"en-US","potentialAction":[{"@type":"ReadAction","target":["https:\/\/fmrq.qc.ca\/en\/wellness-support\/psychological-harassment\/a-conflict-with-a-colleague-is-making-my-life-miserable\/"]}]},{"@type":"BreadcrumbList","@id":"https:\/\/fmrq.qc.ca\/en\/wellness-support\/psychological-harassment\/a-conflict-with-a-colleague-is-making-my-life-miserable\/#breadcrumb","itemListElement":[{"@type":"ListItem","position":1,"name":"Home","item":"https:\/\/fmrq.qc.ca\/en\/"},{"@type":"ListItem","position":2,"name":"Wellness support","item":"https:\/\/fmrq.qc.ca\/en\/wellness-support\/"},{"@type":"ListItem","position":3,"name":"Psychological harassment","item":"https:\/\/fmrq.qc.ca\/en\/soutien-au-bien-etre\/harcelement-psychologique\/"},{"@type":"ListItem","position":4,"name":"A conflict with a colleague is making my life miserable\u00a0"}]},{"@type":"WebSite","@id":"https:\/\/fmrq.qc.ca\/en\/#website","url":"https:\/\/fmrq.qc.ca\/en\/","name":"FMRQ","description":"F\u00e9d\u00e9ration des m\u00e9decins r\u00e9sidents du Qu\u00e9bec","publisher":{"@id":"https:\/\/fmrq.qc.ca\/en\/#organization"},"potentialAction":[{"@type":"SearchAction","target":{"@type":"EntryPoint","urlTemplate":"https:\/\/fmrq.qc.ca\/en\/?s={search_term_string}"},"query-input":{"@type":"PropertyValueSpecification","valueRequired":true,"valueName":"search_term_string"}}],"inLanguage":"en-US"},{"@type":"Organization","@id":"https:\/\/fmrq.qc.ca\/en\/#organization","name":"FMRQ","url":"https:\/\/fmrq.qc.ca\/en\/","logo":{"@type":"ImageObject","inLanguage":"en-US","@id":"https:\/\/fmrq.qc.ca\/en\/#\/schema\/logo\/image\/","url":"https:\/\/fmrq.qc.ca\/wp-content\/uploads\/2020\/05\/logo-fmrq.png","contentUrl":"https:\/\/fmrq.qc.ca\/wp-content\/uploads\/2020\/05\/logo-fmrq.png","width":264,"height":57,"caption":"FMRQ"},"image":{"@id":"https:\/\/fmrq.qc.ca\/en\/#\/schema\/logo\/image\/"}}]}},"publishpress_future_action":{"enabled":false,"date":"2026-04-21 14:13:15","action":"change-status","newStatus":"draft","terms":[],"taxonomy":"translation_priority","extraData":[]},"publishpress_future_workflow_manual_trigger":{"enabledWorkflows":[]},"_links":{"self":[{"href":"https:\/\/fmrq.qc.ca\/en\/wp-json\/wp\/v2\/pages\/9649","targetHints":{"allow":["GET"]}}],"collection":[{"href":"https:\/\/fmrq.qc.ca\/en\/wp-json\/wp\/v2\/pages"}],"about":[{"href":"https:\/\/fmrq.qc.ca\/en\/wp-json\/wp\/v2\/types\/page"}],"author":[{"embeddable":true,"href":"https:\/\/fmrq.qc.ca\/en\/wp-json\/wp\/v2\/users\/1"}],"replies":[{"embeddable":true,"href":"https:\/\/fmrq.qc.ca\/en\/wp-json\/wp\/v2\/comments?post=9649"}],"version-history":[{"count":15,"href":"https:\/\/fmrq.qc.ca\/en\/wp-json\/wp\/v2\/pages\/9649\/revisions"}],"predecessor-version":[{"id":12777,"href":"https:\/\/fmrq.qc.ca\/en\/wp-json\/wp\/v2\/pages\/9649\/revisions\/12777"}],"up":[{"embeddable":true,"href":"https:\/\/fmrq.qc.ca\/en\/wp-json\/wp\/v2\/pages\/9027"}],"wp:attachment":[{"href":"https:\/\/fmrq.qc.ca\/en\/wp-json\/wp\/v2\/media?parent=9649"}],"curies":[{"name":"wp","href":"https:\/\/api.w.org\/{rel}","templated":true}]}}